{"id":18417,"date":"2023-06-19T10:30:22","date_gmt":"2023-06-19T08:30:22","guid":{"rendered":"http:\/\/cedrat-technologies.com\/produit\/fspa-et-bsma-actionneurs-de-positionnement-nanometrique-pour-les-applications-terrestres-et-spatiales\/"},"modified":"2023-07-20T11:20:35","modified_gmt":"2023-07-20T09:20:35","slug":"fspa-et-bsma-actionneurs-de-positionnement-nanometrique-pour-les-applications-terrestres-et-spatiales","status":"publish","type":"product","link":"https:\/\/cedrat-technologies.com\/fr\/produit\/fspa-et-bsma-actionneurs-de-positionnement-nanometrique-pour-les-applications-terrestres-et-spatiales\/","title":{"rendered":"FSPA et BSMA Actionneurs de positionnement nanom\u00e9trique pour les applications terrestres et spatiales"},"content":{"rendered":"","protected":false},"excerpt":{"rendered":"<p>De nombreuses applications, et plus particuli\u00e8rement les projets spatiaux, ont besoin d&rsquo;un actionneur de positionnement stable et sub-microm\u00e9trique. Pour r\u00e9pondre \u00e0 ce besoin, Cedrat Technologies a con\u00e7u la nouvelle marque FSPA. Cet actionneur lin\u00e9aire pas \u00e0 pas offre une r\u00e9solution de positionnement sub-microm\u00e9trique sur une course de 5 mm, combin\u00e9e \u00e0 une force d&rsquo;actionnement \u00e9lev\u00e9e (>100N) et \u00e0 la capacit\u00e9 de maintenir sa position sans alimentation \u00e9lectrique.<br \/>\nL&rsquo;instrument IASI-NG est l&rsquo;une des principales charges utiles \u00e0 bord de METOP-SG, un nouveau satellite m\u00e9t\u00e9orologique pour l&rsquo;Europe. L&rsquo;instrument est bas\u00e9 sur un interf\u00e9rom\u00e8tre de Mertz et n\u00e9cessite un positionnement tr\u00e8s pr\u00e9cis d&rsquo;une lame optique utilis\u00e9e pour s\u00e9parer les branches de l&rsquo;interf\u00e9rom\u00e8tre. Une version d\u00e9di\u00e9e du FSPA, le Beam Splitter Mechanisms Actuator (BSMA), est alors d\u00e9velopp\u00e9e pour r\u00e9aliser ce positionnement nanom\u00e9trique qui est un param\u00e8tre cl\u00e9 pour la performance globale de l&rsquo;instrument.<br \/>\nCet article pr\u00e9sente tout d&rsquo;abord les composants internes des actionneurs FSPA et BSMA. Les principales diff\u00e9rences de conception et leur impact respectif sur les performances r\u00e9sultantes sont d\u00e9taill\u00e9s. Les r\u00e9sultats des campagnes d&rsquo;essais d&rsquo;acceptation et de qualification sont \u00e9galement pr\u00e9sent\u00e9s.<\/p>\n","protected":false},"featured_media":14921,"comment_status":"closed","ping_status":"open","template":"","meta":{"_acf_changed":false,"_seopress_robots_primary_cat":"none","_seopress_titles_title":"","_seopress_titles_desc":"","_seopress_robots_index":"yes"},"product_brand":[],"product_cat":[1383,1491,1386,1464],"product_tag":[],"class_list":{"0":"post-18417","1":"product","2":"type-product","3":"status-publish","4":"has-post-thumbnail","6":"product_cat-actionneurs-lineaires","7":"product_cat-domaine-fr","8":"product_cat-moteurs-piezo-fr","9":"product_cat-publications-fr","11":"first","12":"instock","13":"downloadable","14":"virtual","15":"purchasable","16":"product-type-simple"},"acf":[],"_links":{"self":[{"href":"https:\/\/cedrat-technologies.com\/fr\/wp-json\/wp\/v2\/product\/18417","targetHints":{"allow":["GET"]}}],"collection":[{"href":"https:\/\/cedrat-technologies.com\/fr\/wp-json\/wp\/v2\/product"}],"about":[{"href":"https:\/\/cedrat-technologies.com\/fr\/wp-json\/wp\/v2\/types\/product"}],"replies":[{"embeddable":true,"href":"https:\/\/cedrat-technologies.com\/fr\/wp-json\/wp\/v2\/comments?post=18417"}],"version-history":[{"count":0,"href":"https:\/\/cedrat-technologies.com\/fr\/wp-json\/wp\/v2\/product\/18417\/revisions"}],"wp:featuredmedia":[{"embeddable":true,"href":"https:\/\/cedrat-technologies.com\/fr\/wp-json\/wp\/v2\/media\/14921"}],"wp:attachment":[{"href":"https:\/\/cedrat-technologies.com\/fr\/wp-json\/wp\/v2\/media?parent=18417"}],"wp:term":[{"taxonomy":"product_brand","embeddable":true,"href":"https:\/\/cedrat-technologies.com\/fr\/wp-json\/wp\/v2\/product_brand?post=18417"},{"taxonomy":"product_cat","embeddable":true,"href":"https:\/\/cedrat-technologies.com\/fr\/wp-json\/wp\/v2\/product_cat?post=18417"},{"taxonomy":"product_tag","embeddable":true,"href":"https:\/\/cedrat-technologies.com\/fr\/wp-json\/wp\/v2\/product_tag?post=18417"}],"curies":[{"name":"wp","href":"https:\/\/api.w.org\/{rel}","templated":true}]}}