{"id":18416,"date":"2023-06-19T10:30:22","date_gmt":"2023-06-19T08:30:22","guid":{"rendered":"http:\/\/cedrat-technologies.com\/produit\/des-bancs-dessai-au-premier-prototype-du-micro-helicoptere-mufly\/"},"modified":"2023-07-20T11:20:35","modified_gmt":"2023-07-20T09:20:35","slug":"des-bancs-dessai-au-premier-prototype-du-micro-helicoptere-mufly","status":"publish","type":"product","link":"https:\/\/cedrat-technologies.com\/fr\/produit\/des-bancs-dessai-au-premier-prototype-du-micro-helicoptere-mufly\/","title":{"rendered":"Des bancs d&rsquo;essai au premier prototype du micro-h\u00e9licopt\u00e8re muFly"},"content":{"rendered":"","protected":false},"excerpt":{"rendered":"<p>L&rsquo;objectif du projet europ\u00e9en muFly est de construire un micro-h\u00e9licopt\u00e8re enti\u00e8rement autonome, dont la taille et la masse sont comparables \u00e0 celles d&rsquo;un petit oiseau. Les contraintes rigoureuses de taille et de masse entra\u00eenent divers probl\u00e8mes li\u00e9s \u00e0 l&rsquo;efficacit\u00e9 \u00e9nerg\u00e9tique, \u00e0 la stabilit\u00e9 du vol et \u00e0 la conception globale du syst\u00e8me. Dans cette recherche, l&rsquo;a\u00e9rodynamique et la dynamique du vol sont \u00e9tudi\u00e9es exp\u00e9rimentalement afin de recueillir des informations pour la conception du groupe de propulsion et du syst\u00e8me de direction de l&rsquo;h\u00e9licopt\u00e8re. Plusieurs bancs d&rsquo;essai sont con\u00e7us et construits pour ces recherches<\/p>\n","protected":false},"featured_media":14918,"comment_status":"closed","ping_status":"open","template":"","meta":{"_acf_changed":false,"_seopress_robots_primary_cat":"none","_seopress_titles_title":"","_seopress_titles_desc":"","_seopress_robots_index":"yes"},"product_brand":[],"product_cat":[1491,1390,1464,1407,1403],"product_tag":[],"class_list":{"0":"post-18416","1":"product","2":"type-product","3":"status-publish","4":"has-post-thumbnail","6":"product_cat-domaine-fr","7":"product_cat-mecanismes","8":"product_cat-publications-fr","9":"product_cat-systeme-denergie-embarque","10":"product_cat-systemes-mecatroniques","12":"first","13":"instock","14":"downloadable","15":"virtual","16":"purchasable","17":"product-type-simple"},"acf":[],"_links":{"self":[{"href":"https:\/\/cedrat-technologies.com\/fr\/wp-json\/wp\/v2\/product\/18416","targetHints":{"allow":["GET"]}}],"collection":[{"href":"https:\/\/cedrat-technologies.com\/fr\/wp-json\/wp\/v2\/product"}],"about":[{"href":"https:\/\/cedrat-technologies.com\/fr\/wp-json\/wp\/v2\/types\/product"}],"replies":[{"embeddable":true,"href":"https:\/\/cedrat-technologies.com\/fr\/wp-json\/wp\/v2\/comments?post=18416"}],"version-history":[{"count":0,"href":"https:\/\/cedrat-technologies.com\/fr\/wp-json\/wp\/v2\/product\/18416\/revisions"}],"wp:featuredmedia":[{"embeddable":true,"href":"https:\/\/cedrat-technologies.com\/fr\/wp-json\/wp\/v2\/media\/14918"}],"wp:attachment":[{"href":"https:\/\/cedrat-technologies.com\/fr\/wp-json\/wp\/v2\/media?parent=18416"}],"wp:term":[{"taxonomy":"product_brand","embeddable":true,"href":"https:\/\/cedrat-technologies.com\/fr\/wp-json\/wp\/v2\/product_brand?post=18416"},{"taxonomy":"product_cat","embeddable":true,"href":"https:\/\/cedrat-technologies.com\/fr\/wp-json\/wp\/v2\/product_cat?post=18416"},{"taxonomy":"product_tag","embeddable":true,"href":"https:\/\/cedrat-technologies.com\/fr\/wp-json\/wp\/v2\/product_tag?post=18416"}],"curies":[{"name":"wp","href":"https:\/\/api.w.org\/{rel}","templated":true}]}}