{"id":18415,"date":"2023-06-19T10:30:22","date_gmt":"2023-06-19T08:30:22","guid":{"rendered":"http:\/\/cedrat-technologies.com\/produit\/dependance-en-frequence-de-la-rigidite-du-tissu-cerebral-dune-souris-mesuree-in-vivo-par-elastographie-par-rm\/"},"modified":"2023-07-20T11:20:36","modified_gmt":"2023-07-20T09:20:36","slug":"dependance-en-frequence-de-la-rigidite-du-tissu-cerebral-dune-souris-mesuree-in-vivo-par-elastographie-par-rm","status":"publish","type":"product","link":"https:\/\/cedrat-technologies.com\/fr\/produit\/dependance-en-frequence-de-la-rigidite-du-tissu-cerebral-dune-souris-mesuree-in-vivo-par-elastographie-par-rm\/","title":{"rendered":"D\u00e9pendance en fr\u00e9quence de la rigidit\u00e9 du tissu c\u00e9r\u00e9bral d&rsquo;une souris, mesur\u00e9e in vivo par \u00e9lastographie par RM"},"content":{"rendered":"","protected":false},"excerpt":{"rendered":"<p>L&rsquo;\u00e9lastographie par r\u00e9sonance magn\u00e9tique (ERM) est une technique d&rsquo;imagerie non invasive qui permet de mesurer quantitativement les propri\u00e9t\u00e9s m\u00e9caniques des tissus biologiques in vivo [1]. L&rsquo;int\u00e9r\u00eat clinique pour l&rsquo;ERM a \u00e9t\u00e9 largement motiv\u00e9 par la relation directe entre la sant\u00e9 et la rigidit\u00e9 des tissus. Par cons\u00e9quent, l&rsquo;ERM peut apporter une valeur clinique significative pour le diagnostic non invasif de la pathologie et de la r\u00e9ponse \u00e0 la th\u00e9rapie en suivant le d\u00e9veloppement de la tumeur et en surveillant la r\u00e9ponse th\u00e9rapeutique. L&rsquo;ERM peut \u00e9galement avoir une valeur consid\u00e9rable dans le d\u00e9veloppement de protocoles de traitement dans des mod\u00e8les pr\u00e9cliniques de cancer chez les rongeurs. En raison de son co\u00fbt et de sa polyvalence, la souris, en particulier, est largement utilis\u00e9e dans les \u00e9tudes oncologiques. Pour r\u00e9soudre ses petites caract\u00e9ristiques anatomiques, les exp\u00e9riences d&rsquo;ERM chez la souris doivent \u00eatre r\u00e9alis\u00e9es avec des fr\u00e9quences d&rsquo;entra\u00eenement \u00e9lev\u00e9es (>600 Hz). Cependant, les ondes \u00e0 haute fr\u00e9quence pr\u00e9sentent une att\u00e9nuation accrue, ce qui r\u00e9duit la profondeur de p\u00e9n\u00e9tration des ondes et rend plus difficile la transmission d&rsquo;un mouvement profond dans les tissus avec une amplitude suffisante pour surmonter le bruit de fond. En outre, les tissus biologiques sont visco\u00e9lastiques ; par cons\u00e9quent, leur r\u00e9ponse \u00e0 la charge d\u00e9pend de la fr\u00e9quence d&rsquo;entra\u00eenement. De r\u00e9centes \u00e9tudes ERM sur le cerveau de souris ont \u00e9t\u00e9 r\u00e9alis\u00e9es dans des scanners \u00e0 haut champ (7 &#8211; 11,7 T) \u00e0 des fr\u00e9quences d&rsquo;entra\u00eenement uniques de 1 000 et 1 200 Hz [2,3]. Ici, nous effectuons une \u00e9lastographie du tissu c\u00e9r\u00e9bral de la souris \u00e0 4,7 T et rapportons les propri\u00e9t\u00e9s visco\u00e9lastiques du mat\u00e9riau sur une gamme de fr\u00e9quences d&rsquo;entra\u00eenement (600 &#8211; 1800 Hz).<\/p>\n","protected":false},"featured_media":14915,"comment_status":"closed","ping_status":"open","template":"","meta":{"_acf_changed":false,"_seopress_robots_primary_cat":"none","_seopress_titles_title":"","_seopress_titles_desc":"","_seopress_robots_index":"yes"},"product_brand":[],"product_cat":[1383,1385,1492,1491,1464],"product_tag":[],"class_list":{"0":"post-18415","1":"product","2":"type-product","3":"status-publish","4":"has-post-thumbnail","6":"product_cat-actionneurs-lineaires","7":"product_cat-actionneurs-piezo-fr","8":"product_cat-biomedical-assistance-personnelle-fr","9":"product_cat-domaine-fr","10":"product_cat-publications-fr","12":"first","13":"instock","14":"downloadable","15":"virtual","16":"purchasable","17":"product-type-simple"},"acf":[],"_links":{"self":[{"href":"https:\/\/cedrat-technologies.com\/fr\/wp-json\/wp\/v2\/product\/18415","targetHints":{"allow":["GET"]}}],"collection":[{"href":"https:\/\/cedrat-technologies.com\/fr\/wp-json\/wp\/v2\/product"}],"about":[{"href":"https:\/\/cedrat-technologies.com\/fr\/wp-json\/wp\/v2\/types\/product"}],"replies":[{"embeddable":true,"href":"https:\/\/cedrat-technologies.com\/fr\/wp-json\/wp\/v2\/comments?post=18415"}],"version-history":[{"count":0,"href":"https:\/\/cedrat-technologies.com\/fr\/wp-json\/wp\/v2\/product\/18415\/revisions"}],"wp:featuredmedia":[{"embeddable":true,"href":"https:\/\/cedrat-technologies.com\/fr\/wp-json\/wp\/v2\/media\/14915"}],"wp:attachment":[{"href":"https:\/\/cedrat-technologies.com\/fr\/wp-json\/wp\/v2\/media?parent=18415"}],"wp:term":[{"taxonomy":"product_brand","embeddable":true,"href":"https:\/\/cedrat-technologies.com\/fr\/wp-json\/wp\/v2\/product_brand?post=18415"},{"taxonomy":"product_cat","embeddable":true,"href":"https:\/\/cedrat-technologies.com\/fr\/wp-json\/wp\/v2\/product_cat?post=18415"},{"taxonomy":"product_tag","embeddable":true,"href":"https:\/\/cedrat-technologies.com\/fr\/wp-json\/wp\/v2\/product_tag?post=18415"}],"curies":[{"name":"wp","href":"https:\/\/api.w.org\/{rel}","templated":true}]}}