{"id":18414,"date":"2023-06-19T10:30:22","date_gmt":"2023-06-19T08:30:22","guid":{"rendered":"http:\/\/cedrat-technologies.com\/produit\/actionneurs-piezo-pas-a-pas-de-force-une-solution-motorisee-pour-le-positionnement-haute-resolution-et-la-resistance-aux-forces-externes\/"},"modified":"2023-07-20T11:20:36","modified_gmt":"2023-07-20T09:20:36","slug":"actionneurs-piezo-pas-a-pas-de-force-une-solution-motorisee-pour-le-positionnement-haute-resolution-et-la-resistance-aux-forces-externes","status":"publish","type":"product","link":"https:\/\/cedrat-technologies.com\/fr\/produit\/actionneurs-piezo-pas-a-pas-de-force-une-solution-motorisee-pour-le-positionnement-haute-resolution-et-la-resistance-aux-forces-externes\/","title":{"rendered":"Actionneurs piezo pas \u00e0 pas de force : une solution motoris\u00e9e pour le positionnement haute r\u00e9solution et la r\u00e9sistance aux forces externes"},"content":{"rendered":"","protected":false},"excerpt":{"rendered":"<p>La force de maintien typique des moteurs pi\u00e9zo\u00e9lectriques est d\u00e9finie par la force de frottement, n\u00e9cessaire pour faire bouger le moteur. Cependant, l&rsquo;augmentation de la force de frottement n&rsquo;est pas sans cons\u00e9quence sur les performances du moteur en termes de vitesse, de force de mouvement maximale et de dur\u00e9e de vie (tribologie). Cet article pr\u00e9sente un nouveau moteur offrant un positionnement \u00e0 haute r\u00e9solution et un maintien de la position en l&rsquo;absence d&rsquo;alimentation. Bas\u00e9 sur un actionneur piezo pas \u00e0 pas [1], cette nouvelle conception permet de d\u00e9coupler les forces ext\u00e9rieures des parties les plus sensibles du moteur. Cela permet au moteur de proposer un rapport force\/masse \u00e9lev\u00e9 et de supporter des forces encore plus \u00e9lev\u00e9es sans alimentation. Les r\u00e9sultats obtenus sur le prototype sont pr\u00e9sent\u00e9s, donnant au lecteur les avantages de la technologie propos\u00e9e.<\/p>\n","protected":false},"featured_media":14912,"comment_status":"closed","ping_status":"open","template":"","meta":{"_acf_changed":false,"_seopress_robots_primary_cat":"none","_seopress_titles_title":"","_seopress_titles_desc":"","_seopress_robots_index":"yes"},"product_brand":[],"product_cat":[1383,1385,1491,1386,1464],"product_tag":[],"class_list":{"0":"post-18414","1":"product","2":"type-product","3":"status-publish","4":"has-post-thumbnail","6":"product_cat-actionneurs-lineaires","7":"product_cat-actionneurs-piezo-fr","8":"product_cat-domaine-fr","9":"product_cat-moteurs-piezo-fr","10":"product_cat-publications-fr","12":"first","13":"instock","14":"downloadable","15":"virtual","16":"purchasable","17":"product-type-simple"},"acf":[],"_links":{"self":[{"href":"https:\/\/cedrat-technologies.com\/fr\/wp-json\/wp\/v2\/product\/18414","targetHints":{"allow":["GET"]}}],"collection":[{"href":"https:\/\/cedrat-technologies.com\/fr\/wp-json\/wp\/v2\/product"}],"about":[{"href":"https:\/\/cedrat-technologies.com\/fr\/wp-json\/wp\/v2\/types\/product"}],"replies":[{"embeddable":true,"href":"https:\/\/cedrat-technologies.com\/fr\/wp-json\/wp\/v2\/comments?post=18414"}],"version-history":[{"count":0,"href":"https:\/\/cedrat-technologies.com\/fr\/wp-json\/wp\/v2\/product\/18414\/revisions"}],"wp:featuredmedia":[{"embeddable":true,"href":"https:\/\/cedrat-technologies.com\/fr\/wp-json\/wp\/v2\/media\/14912"}],"wp:attachment":[{"href":"https:\/\/cedrat-technologies.com\/fr\/wp-json\/wp\/v2\/media?parent=18414"}],"wp:term":[{"taxonomy":"product_brand","embeddable":true,"href":"https:\/\/cedrat-technologies.com\/fr\/wp-json\/wp\/v2\/product_brand?post=18414"},{"taxonomy":"product_cat","embeddable":true,"href":"https:\/\/cedrat-technologies.com\/fr\/wp-json\/wp\/v2\/product_cat?post=18414"},{"taxonomy":"product_tag","embeddable":true,"href":"https:\/\/cedrat-technologies.com\/fr\/wp-json\/wp\/v2\/product_tag?post=18414"}],"curies":[{"name":"wp","href":"https:\/\/api.w.org\/{rel}","templated":true}]}}