{"id":18413,"date":"2018-06-07T00:00:00","date_gmt":"2018-06-06T22:00:00","guid":{"rendered":"http:\/\/cedrat-technologies.com\/produit\/actionneurs-piezo-a-pas-fin-pour-iasi-ng\/"},"modified":"2023-07-20T11:22:18","modified_gmt":"2023-07-20T09:22:18","slug":"actionneurs-piezo-a-pas-fin-pour-iasi-ng","status":"publish","type":"product","link":"https:\/\/cedrat-technologies.com\/fr\/produit\/actionneurs-piezo-a-pas-fin-pour-iasi-ng\/","title":{"rendered":"Actionneurs piezo \u00e0 pas fin pour IASI-NG"},"content":{"rendered":"","protected":false},"excerpt":{"rendered":"<p>De nombreuses applications, et plus particuli\u00e8rement les projets spatiaux, auraient besoin d&rsquo;un actionneur de positionnement stable et sub-microm\u00e9trique. Pour r\u00e9pondre \u00e0 ce besoin, Cedrat Technologies a con\u00e7u la nouvelle marque FSPA. Cet actionneur lin\u00e9aire pas \u00e0 pas offre une r\u00e9solution de positionnement sub-microm\u00e9trique sur une course de 5 mm, combin\u00e9e \u00e0 une force d&rsquo;actionnement \u00e9lev\u00e9e (>100N) et \u00e0 la capacit\u00e9 de maintenir sa position sans alimentation \u00e9lectrique. \u00c0 partir du FSPA, une version sp\u00e9ciale est en cours de d\u00e9veloppement pour l&rsquo;instrument spatial IASI-NG. Cet actionneur l\u00e9ger (500 g) et enti\u00e8rement redondant est con\u00e7u pour atteindre une course de 150 \u00b5m avec verrouillage au repos, une force de 60 N avec une r\u00e9solution de pas de 25-50 nm et une r\u00e9sistance au lancement. L&rsquo;article pr\u00e9sente l&rsquo;actionneur FSPA de base et la nouvelle variante spatiale \u00e0 haute performance.<\/p>\n","protected":false},"featured_media":14909,"comment_status":"closed","ping_status":"open","template":"","meta":{"_acf_changed":false,"_seopress_robots_primary_cat":"none","_seopress_titles_title":"","_seopress_titles_desc":"","_seopress_robots_index":"yes"},"product_brand":[],"product_cat":[1383,1491,1386,1464],"product_tag":[],"class_list":{"0":"post-18413","1":"product","2":"type-product","3":"status-publish","4":"has-post-thumbnail","6":"product_cat-actionneurs-lineaires","7":"product_cat-domaine-fr","8":"product_cat-moteurs-piezo-fr","9":"product_cat-publications-fr","11":"first","12":"instock","13":"downloadable","14":"virtual","15":"purchasable","16":"product-type-simple"},"acf":[],"_links":{"self":[{"href":"https:\/\/cedrat-technologies.com\/fr\/wp-json\/wp\/v2\/product\/18413","targetHints":{"allow":["GET"]}}],"collection":[{"href":"https:\/\/cedrat-technologies.com\/fr\/wp-json\/wp\/v2\/product"}],"about":[{"href":"https:\/\/cedrat-technologies.com\/fr\/wp-json\/wp\/v2\/types\/product"}],"replies":[{"embeddable":true,"href":"https:\/\/cedrat-technologies.com\/fr\/wp-json\/wp\/v2\/comments?post=18413"}],"version-history":[{"count":0,"href":"https:\/\/cedrat-technologies.com\/fr\/wp-json\/wp\/v2\/product\/18413\/revisions"}],"wp:featuredmedia":[{"embeddable":true,"href":"https:\/\/cedrat-technologies.com\/fr\/wp-json\/wp\/v2\/media\/14909"}],"wp:attachment":[{"href":"https:\/\/cedrat-technologies.com\/fr\/wp-json\/wp\/v2\/media?parent=18413"}],"wp:term":[{"taxonomy":"product_brand","embeddable":true,"href":"https:\/\/cedrat-technologies.com\/fr\/wp-json\/wp\/v2\/product_brand?post=18413"},{"taxonomy":"product_cat","embeddable":true,"href":"https:\/\/cedrat-technologies.com\/fr\/wp-json\/wp\/v2\/product_cat?post=18413"},{"taxonomy":"product_tag","embeddable":true,"href":"https:\/\/cedrat-technologies.com\/fr\/wp-json\/wp\/v2\/product_tag?post=18413"}],"curies":[{"name":"wp","href":"https:\/\/api.w.org\/{rel}","templated":true}]}}