{"id":18412,"date":"2019-11-07T00:00:00","date_gmt":"2019-11-06T23:00:00","guid":{"rendered":"http:\/\/cedrat-technologies.com\/produit\/tomoelastographie-rapide-du-cerveau-dune-souris-par-elastographie-rm-multifrequence-a-tir-unique\/"},"modified":"2023-07-20T11:22:17","modified_gmt":"2023-07-20T09:22:17","slug":"tomoelastographie-rapide-du-cerveau-dune-souris-par-elastographie-rm-multifrequence-a-tir-unique","status":"publish","type":"product","link":"https:\/\/cedrat-technologies.com\/fr\/produit\/tomoelastographie-rapide-du-cerveau-dune-souris-par-elastographie-rm-multifrequence-a-tir-unique\/","title":{"rendered":"Tomo\u00e9lastographie rapide du cerveau d&rsquo;une souris par \u00e9lastographie RM multifr\u00e9quence \u00e0 tir unique"},"content":{"rendered":"","protected":false},"excerpt":{"rendered":"<p>Introduire l&rsquo;\u00e9lastographie par r\u00e9sonance magn\u00e9tique multifr\u00e9quence in vivo pour la cartographie de la rigidit\u00e9 du cerveau d&rsquo;une souris en plein champ visuel et comparer la rigidit\u00e9 in vivo des tissus neuronaux avec diff\u00e9rents rapports mati\u00e8re blanche\/mati\u00e8re grise. <\/p>\n<p>Les propri\u00e9t\u00e9s m\u00e9caniques du cerveau influencent de nombreuses fonctions neurologiques vitales, notamment le d\u00e9veloppement du cerveau, le m\u00e9tabolisme et la r\u00e9paration des tissus. Cependant, l&rsquo;\u00e9tude des propri\u00e9t\u00e9s m\u00e9caniques du cerveau de mani\u00e8re non invasive se heurte \u00e0 un certain nombre de difficult\u00e9s, notamment le fait que le cerveau est prot\u00e9g\u00e9 par le cr\u00e2ne, ainsi que la g\u00e9om\u00e9trie h\u00e9t\u00e9rog\u00e8ne et complexe du cerveau. \u00c0 l&rsquo;heure actuelle, l&rsquo;\u00e9lastographie par r\u00e9sonance magn\u00e9tique (ERM) est la seule modalit\u00e9 permettant de mesurer de mani\u00e8re non invasive les propri\u00e9t\u00e9s m\u00e9caniques du cerveau in vivo chez les patients et les petits animaux.<\/p>\n","protected":false},"featured_media":3775,"comment_status":"closed","ping_status":"open","template":"","meta":{"_acf_changed":false,"_seopress_robots_primary_cat":"none","_seopress_titles_title":"","_seopress_titles_desc":"","_seopress_robots_index":"yes"},"product_brand":[],"product_cat":[1383,1385,1492,1491,1464],"product_tag":[],"class_list":{"0":"post-18412","1":"product","2":"type-product","3":"status-publish","4":"has-post-thumbnail","6":"product_cat-actionneurs-lineaires","7":"product_cat-actionneurs-piezo-fr","8":"product_cat-biomedical-assistance-personnelle-fr","9":"product_cat-domaine-fr","10":"product_cat-publications-fr","12":"first","13":"instock","14":"downloadable","15":"virtual","16":"purchasable","17":"product-type-simple"},"acf":[],"_links":{"self":[{"href":"https:\/\/cedrat-technologies.com\/fr\/wp-json\/wp\/v2\/product\/18412","targetHints":{"allow":["GET"]}}],"collection":[{"href":"https:\/\/cedrat-technologies.com\/fr\/wp-json\/wp\/v2\/product"}],"about":[{"href":"https:\/\/cedrat-technologies.com\/fr\/wp-json\/wp\/v2\/types\/product"}],"replies":[{"embeddable":true,"href":"https:\/\/cedrat-technologies.com\/fr\/wp-json\/wp\/v2\/comments?post=18412"}],"version-history":[{"count":0,"href":"https:\/\/cedrat-technologies.com\/fr\/wp-json\/wp\/v2\/product\/18412\/revisions"}],"wp:featuredmedia":[{"embeddable":true,"href":"https:\/\/cedrat-technologies.com\/fr\/wp-json\/wp\/v2\/media\/3775"}],"wp:attachment":[{"href":"https:\/\/cedrat-technologies.com\/fr\/wp-json\/wp\/v2\/media?parent=18412"}],"wp:term":[{"taxonomy":"product_brand","embeddable":true,"href":"https:\/\/cedrat-technologies.com\/fr\/wp-json\/wp\/v2\/product_brand?post=18412"},{"taxonomy":"product_cat","embeddable":true,"href":"https:\/\/cedrat-technologies.com\/fr\/wp-json\/wp\/v2\/product_cat?post=18412"},{"taxonomy":"product_tag","embeddable":true,"href":"https:\/\/cedrat-technologies.com\/fr\/wp-json\/wp\/v2\/product_tag?post=18412"}],"curies":[{"name":"wp","href":"https:\/\/api.w.org\/{rel}","templated":true}]}}