{"id":18411,"date":"2022-08-08T00:00:00","date_gmt":"2022-08-07T22:00:00","guid":{"rendered":"http:\/\/cedrat-technologies.com\/produit\/fast-steering-mirrors-bases-sur-des-technologies-dactionneurs-piezoelectriques-et-magnetiques-pour-laeronautique-et-lespace\/"},"modified":"2023-07-20T11:22:13","modified_gmt":"2023-07-20T09:22:13","slug":"fast-steering-mirrors-bases-sur-des-technologies-dactionneurs-piezoelectriques-et-magnetiques-pour-laeronautique-et-lespace","status":"publish","type":"product","link":"https:\/\/cedrat-technologies.com\/fr\/produit\/fast-steering-mirrors-bases-sur-des-technologies-dactionneurs-piezoelectriques-et-magnetiques-pour-laeronautique-et-lespace\/","title":{"rendered":"Fast steering mirrors bas\u00e9s sur des technologies d&rsquo;actionneurs pi\u00e9zo\u00e9lectriques et magn\u00e9tiques pour l&rsquo;a\u00e9ronautique et l&rsquo;espace"},"content":{"rendered":"","protected":false},"excerpt":{"rendered":"<p>Cette revue pr\u00e9sente les solutions d\u00e9velopp\u00e9es par CEDRAT TECHNOLOGIES (CTEC) depuis plus de 20 ans pour les fast steering mirrors (FSM) requis dans les domaines de l&rsquo;aviation, de l&rsquo;espace, de la d\u00e9fense et d&rsquo;autres applications embarqu\u00e9es ou exigeantes : Les applications typiques sont par exemple le Lidar, la communication optique en espace libre (FSO) et l&rsquo;interf\u00e9rom\u00e9trie laser.<\/p>\n","protected":false},"featured_media":14905,"comment_status":"closed","ping_status":"open","template":"","meta":{"_acf_changed":false,"_seopress_robots_primary_cat":"none","_seopress_titles_title":"","_seopress_titles_desc":"","_seopress_robots_index":"yes"},"product_brand":[],"product_cat":[1383,1385,1491,1464],"product_tag":[],"class_list":{"0":"post-18411","1":"product","2":"type-product","3":"status-publish","4":"has-post-thumbnail","6":"product_cat-actionneurs-lineaires","7":"product_cat-actionneurs-piezo-fr","8":"product_cat-domaine-fr","9":"product_cat-publications-fr","11":"first","12":"instock","13":"downloadable","14":"virtual","15":"purchasable","16":"product-type-simple"},"acf":[],"_links":{"self":[{"href":"https:\/\/cedrat-technologies.com\/fr\/wp-json\/wp\/v2\/product\/18411","targetHints":{"allow":["GET"]}}],"collection":[{"href":"https:\/\/cedrat-technologies.com\/fr\/wp-json\/wp\/v2\/product"}],"about":[{"href":"https:\/\/cedrat-technologies.com\/fr\/wp-json\/wp\/v2\/types\/product"}],"replies":[{"embeddable":true,"href":"https:\/\/cedrat-technologies.com\/fr\/wp-json\/wp\/v2\/comments?post=18411"}],"version-history":[{"count":0,"href":"https:\/\/cedrat-technologies.com\/fr\/wp-json\/wp\/v2\/product\/18411\/revisions"}],"wp:featuredmedia":[{"embeddable":true,"href":"https:\/\/cedrat-technologies.com\/fr\/wp-json\/wp\/v2\/media\/14905"}],"wp:attachment":[{"href":"https:\/\/cedrat-technologies.com\/fr\/wp-json\/wp\/v2\/media?parent=18411"}],"wp:term":[{"taxonomy":"product_brand","embeddable":true,"href":"https:\/\/cedrat-technologies.com\/fr\/wp-json\/wp\/v2\/product_brand?post=18411"},{"taxonomy":"product_cat","embeddable":true,"href":"https:\/\/cedrat-technologies.com\/fr\/wp-json\/wp\/v2\/product_cat?post=18411"},{"taxonomy":"product_tag","embeddable":true,"href":"https:\/\/cedrat-technologies.com\/fr\/wp-json\/wp\/v2\/product_tag?post=18411"}],"curies":[{"name":"wp","href":"https:\/\/api.w.org\/{rel}","templated":true}]}}