{"id":18409,"date":"2002-01-05T00:00:00","date_gmt":"2002-01-04T23:00:00","guid":{"rendered":"http:\/\/cedrat-technologies.com\/produit\/evaluation-experimentale-dun-dispositif-de-volet-actif\/"},"modified":"2023-07-20T11:22:31","modified_gmt":"2023-07-20T09:22:31","slug":"evaluation-experimentale-dun-dispositif-de-volet-actif","status":"publish","type":"product","link":"https:\/\/cedrat-technologies.com\/fr\/produit\/evaluation-experimentale-dun-dispositif-de-volet-actif\/","title":{"rendered":"\u00c9valuation exp\u00e9rimentale d&rsquo;un dispositif de volet actif"},"content":{"rendered":"","protected":false},"excerpt":{"rendered":"<p>Au cours des trente derni\u00e8res ann\u00e9es, une attention particuli\u00e8re a \u00e9t\u00e9 accord\u00e9e \u00e0 l&rsquo;am\u00e9lioration des v\u00e9hicules \u00e0 h\u00e9lice, en ce qui concerne le bruit, les vibrations et les performances. Le rotor principal des h\u00e9licopt\u00e8res, et plus pr\u00e9cis\u00e9ment les pales elles-m\u00eames, ont fait l&rsquo;objet de nombreuses \u00e9tudes d&rsquo;optimisation.<\/p>\n","protected":false},"featured_media":14899,"comment_status":"closed","ping_status":"open","template":"","meta":{"_acf_changed":false,"_seopress_robots_primary_cat":"none","_seopress_titles_title":"","_seopress_titles_desc":"","_seopress_robots_index":"yes"},"product_brand":[],"product_cat":[1383,1385,1491,1390,1464],"product_tag":[],"class_list":{"0":"post-18409","1":"product","2":"type-product","3":"status-publish","4":"has-post-thumbnail","6":"product_cat-actionneurs-lineaires","7":"product_cat-actionneurs-piezo-fr","8":"product_cat-domaine-fr","9":"product_cat-mecanismes","10":"product_cat-publications-fr","12":"first","13":"instock","14":"downloadable","15":"virtual","16":"purchasable","17":"product-type-simple"},"acf":[],"_links":{"self":[{"href":"https:\/\/cedrat-technologies.com\/fr\/wp-json\/wp\/v2\/product\/18409","targetHints":{"allow":["GET"]}}],"collection":[{"href":"https:\/\/cedrat-technologies.com\/fr\/wp-json\/wp\/v2\/product"}],"about":[{"href":"https:\/\/cedrat-technologies.com\/fr\/wp-json\/wp\/v2\/types\/product"}],"replies":[{"embeddable":true,"href":"https:\/\/cedrat-technologies.com\/fr\/wp-json\/wp\/v2\/comments?post=18409"}],"version-history":[{"count":0,"href":"https:\/\/cedrat-technologies.com\/fr\/wp-json\/wp\/v2\/product\/18409\/revisions"}],"wp:featuredmedia":[{"embeddable":true,"href":"https:\/\/cedrat-technologies.com\/fr\/wp-json\/wp\/v2\/media\/14899"}],"wp:attachment":[{"href":"https:\/\/cedrat-technologies.com\/fr\/wp-json\/wp\/v2\/media?parent=18409"}],"wp:term":[{"taxonomy":"product_brand","embeddable":true,"href":"https:\/\/cedrat-technologies.com\/fr\/wp-json\/wp\/v2\/product_brand?post=18409"},{"taxonomy":"product_cat","embeddable":true,"href":"https:\/\/cedrat-technologies.com\/fr\/wp-json\/wp\/v2\/product_cat?post=18409"},{"taxonomy":"product_tag","embeddable":true,"href":"https:\/\/cedrat-technologies.com\/fr\/wp-json\/wp\/v2\/product_tag?post=18409"}],"curies":[{"name":"wp","href":"https:\/\/api.w.org\/{rel}","templated":true}]}}