{"id":18408,"date":"2023-06-19T10:30:22","date_gmt":"2023-06-19T08:30:22","guid":{"rendered":"http:\/\/cedrat-technologies.com\/produit\/essais-en-soufflerie-dun-rotor-dhelicoptere-avec-volets-actifs\/"},"modified":"2023-07-20T11:20:37","modified_gmt":"2023-07-20T09:20:37","slug":"essais-en-soufflerie-dun-rotor-dhelicoptere-avec-volets-actifs","status":"publish","type":"product","link":"https:\/\/cedrat-technologies.com\/fr\/produit\/essais-en-soufflerie-dun-rotor-dhelicoptere-avec-volets-actifs\/","title":{"rendered":"Essais en soufflerie d&rsquo;un rotor d&rsquo;h\u00e9licopt\u00e8re avec volets actifs"},"content":{"rendered":"","protected":false},"excerpt":{"rendered":"<p>Dans le cadre d&rsquo;un projet appel\u00e9 DTP RPA (D\u00e9veloppement Technique Probatoire Rotor \u00e0 Pale Active), \u00e9galement connu sous le nom de Active Blade Concept, men\u00e9 en coop\u00e9ration entre l&rsquo;ONERA, Eurocopter, DLR et Eurocopter Deutschland, un rotor quadripale \u00e0 \u00e9chelle Mach a \u00e9t\u00e9 test\u00e9 en d\u00e9cembre 2005 dans la soufflerie S1 de Modane de l&rsquo;ONERA. L&rsquo;objectif principal de cet essai \u00e9tait de valider le concept d&rsquo;utilisation de volets actifs situ\u00e9s sur le bord de fuite des pales du rotor principal d&rsquo;un h\u00e9licopt\u00e8re afin de r\u00e9duire le niveau de vibration g\u00e9n\u00e9r\u00e9 par ce rotor.<\/p>\n","protected":false},"featured_media":14896,"comment_status":"closed","ping_status":"open","template":"","meta":{"_acf_changed":false,"_seopress_robots_primary_cat":"none","_seopress_titles_title":"","_seopress_titles_desc":"","_seopress_robots_index":"yes"},"product_brand":[],"product_cat":[1383,1385,1395,1394,1491,1390,1464],"product_tag":[],"class_list":{"0":"post-18408","1":"product","2":"type-product","3":"status-publish","4":"has-post-thumbnail","6":"product_cat-actionneurs-lineaires","7":"product_cat-actionneurs-piezo-fr","8":"product_cat-controle-actif-de-flux","9":"product_cat-dispositifs-electro-fluidique","10":"product_cat-domaine-fr","11":"product_cat-mecanismes","12":"product_cat-publications-fr","14":"first","15":"instock","16":"downloadable","17":"virtual","18":"purchasable","19":"product-type-simple"},"acf":[],"_links":{"self":[{"href":"https:\/\/cedrat-technologies.com\/fr\/wp-json\/wp\/v2\/product\/18408","targetHints":{"allow":["GET"]}}],"collection":[{"href":"https:\/\/cedrat-technologies.com\/fr\/wp-json\/wp\/v2\/product"}],"about":[{"href":"https:\/\/cedrat-technologies.com\/fr\/wp-json\/wp\/v2\/types\/product"}],"replies":[{"embeddable":true,"href":"https:\/\/cedrat-technologies.com\/fr\/wp-json\/wp\/v2\/comments?post=18408"}],"version-history":[{"count":0,"href":"https:\/\/cedrat-technologies.com\/fr\/wp-json\/wp\/v2\/product\/18408\/revisions"}],"wp:featuredmedia":[{"embeddable":true,"href":"https:\/\/cedrat-technologies.com\/fr\/wp-json\/wp\/v2\/media\/14896"}],"wp:attachment":[{"href":"https:\/\/cedrat-technologies.com\/fr\/wp-json\/wp\/v2\/media?parent=18408"}],"wp:term":[{"taxonomy":"product_brand","embeddable":true,"href":"https:\/\/cedrat-technologies.com\/fr\/wp-json\/wp\/v2\/product_brand?post=18408"},{"taxonomy":"product_cat","embeddable":true,"href":"https:\/\/cedrat-technologies.com\/fr\/wp-json\/wp\/v2\/product_cat?post=18408"},{"taxonomy":"product_tag","embeddable":true,"href":"https:\/\/cedrat-technologies.com\/fr\/wp-json\/wp\/v2\/product_tag?post=18408"}],"curies":[{"name":"wp","href":"https:\/\/api.w.org\/{rel}","templated":true}]}}