{"id":18407,"date":"2002-01-06T00:00:00","date_gmt":"2002-01-05T23:00:00","guid":{"rendered":"http:\/\/cedrat-technologies.com\/produit\/evaluation-experimentale-et-developpement-ulterieur-dactionneurs-piezo-amplifies-pour-des-dispositifs-de-volets-actifs\/"},"modified":"2023-07-20T11:22:29","modified_gmt":"2023-07-20T09:22:29","slug":"evaluation-experimentale-et-developpement-ulterieur-dactionneurs-piezo-amplifies-pour-des-dispositifs-de-volets-actifs","status":"publish","type":"product","link":"https:\/\/cedrat-technologies.com\/fr\/produit\/evaluation-experimentale-et-developpement-ulterieur-dactionneurs-piezo-amplifies-pour-des-dispositifs-de-volets-actifs\/","title":{"rendered":"\u00c9valuation exp\u00e9rimentale et d\u00e9veloppement ult\u00e9rieur d&rsquo;actionneurs piezo amplifi\u00e9s pour des dispositifs de volets actifs"},"content":{"rendered":"","protected":false},"excerpt":{"rendered":"<p>Le projet franco-allemand RPA (Rotor \u00e0 Pales Actives) a \u00e9t\u00e9 lanc\u00e9 il y a trois ans pour \u00e9tudier les avantages possibles de la mise en \u0153uvre de volets de bord de fuite actifs sur le rotor principal d&rsquo;un h\u00e9licopt\u00e8re. Les principaux effets attendus concernent la diminution du bruit BVI en vol de descente et l&rsquo;am\u00e9lioration du comportement dynamique du rotor dans le plus grand domaine de vol possible. La solution technologique adopt\u00e9e pour d\u00e9vier le volet d&rsquo;un d\u00e9monstrateur de rotor \u00e0 l&rsquo;\u00e9chelle 1\/3 utilise un actionneur elliptique amplifi\u00e9 de la soci\u00e9t\u00e9 Cedrat Recherche, qui entra\u00eene un m\u00e9canisme innovant brevet\u00e9.<\/p>\n","protected":false},"featured_media":14893,"comment_status":"closed","ping_status":"open","template":"","meta":{"_acf_changed":false,"_seopress_robots_primary_cat":"none","_seopress_titles_title":"","_seopress_titles_desc":"","_seopress_robots_index":"yes"},"product_brand":[],"product_cat":[1383,1385,1493,1491,1390,1464,1403],"product_tag":[],"class_list":{"0":"post-18407","1":"product","2":"type-product","3":"status-publish","4":"has-post-thumbnail","6":"product_cat-actionneurs-lineaires","7":"product_cat-actionneurs-piezo-fr","8":"product_cat-defense-fr","9":"product_cat-domaine-fr","10":"product_cat-mecanismes","11":"product_cat-publications-fr","12":"product_cat-systemes-mecatroniques","14":"first","15":"instock","16":"downloadable","17":"virtual","18":"purchasable","19":"product-type-simple"},"acf":[],"_links":{"self":[{"href":"https:\/\/cedrat-technologies.com\/fr\/wp-json\/wp\/v2\/product\/18407","targetHints":{"allow":["GET"]}}],"collection":[{"href":"https:\/\/cedrat-technologies.com\/fr\/wp-json\/wp\/v2\/product"}],"about":[{"href":"https:\/\/cedrat-technologies.com\/fr\/wp-json\/wp\/v2\/types\/product"}],"replies":[{"embeddable":true,"href":"https:\/\/cedrat-technologies.com\/fr\/wp-json\/wp\/v2\/comments?post=18407"}],"version-history":[{"count":0,"href":"https:\/\/cedrat-technologies.com\/fr\/wp-json\/wp\/v2\/product\/18407\/revisions"}],"wp:featuredmedia":[{"embeddable":true,"href":"https:\/\/cedrat-technologies.com\/fr\/wp-json\/wp\/v2\/media\/14893"}],"wp:attachment":[{"href":"https:\/\/cedrat-technologies.com\/fr\/wp-json\/wp\/v2\/media?parent=18407"}],"wp:term":[{"taxonomy":"product_brand","embeddable":true,"href":"https:\/\/cedrat-technologies.com\/fr\/wp-json\/wp\/v2\/product_brand?post=18407"},{"taxonomy":"product_cat","embeddable":true,"href":"https:\/\/cedrat-technologies.com\/fr\/wp-json\/wp\/v2\/product_cat?post=18407"},{"taxonomy":"product_tag","embeddable":true,"href":"https:\/\/cedrat-technologies.com\/fr\/wp-json\/wp\/v2\/product_tag?post=18407"}],"curies":[{"name":"wp","href":"https:\/\/api.w.org\/{rel}","templated":true}]}}