{"id":18406,"date":"2008-01-08T00:00:00","date_gmt":"2008-01-07T23:00:00","guid":{"rendered":"http:\/\/cedrat-technologies.com\/produit\/ermr08-bascule-et-amortisseur-mrf-autobloquants\/"},"modified":"2023-07-20T11:22:24","modified_gmt":"2023-07-20T09:22:24","slug":"ermr08-bascule-et-amortisseur-mrf-autobloquants","status":"publish","type":"product","link":"https:\/\/cedrat-technologies.com\/fr\/produit\/ermr08-bascule-et-amortisseur-mrf-autobloquants\/","title":{"rendered":"ERMR08 : Bascule et amortisseur MRF autobloquants"},"content":{"rendered":"","protected":false},"excerpt":{"rendered":"<p>Les actionneurs MRF sont de nouveaux composants \u00e9lectrom\u00e9caniques utilisant des fluides magn\u00e9torh\u00e9ologiques (MRF). Lorsqu&rsquo;ils sont soumis \u00e0 des champs magn\u00e9tiques suffisamment \u00e9lev\u00e9s, les MRF passent d&rsquo;un \u00e9tat liquide \u00e0 un \u00e9tat quasi solide.<\/p>\n","protected":false},"featured_media":14890,"comment_status":"closed","ping_status":"open","template":"","meta":{"_acf_changed":false,"_seopress_robots_primary_cat":"none","_seopress_titles_title":"","_seopress_titles_desc":"","_seopress_robots_index":"yes"},"product_brand":[],"product_cat":[1414,1413,1464],"product_tag":[],"class_list":{"0":"post-18406","1":"product","2":"type-product","3":"status-publish","4":"has-post-thumbnail","6":"product_cat-amortisseur-a-masse-depreuve","7":"product_cat-controle-actif-de-vibration","8":"product_cat-publications-fr","10":"first","11":"instock","12":"downloadable","13":"virtual","14":"purchasable","15":"product-type-simple"},"acf":[],"_links":{"self":[{"href":"https:\/\/cedrat-technologies.com\/fr\/wp-json\/wp\/v2\/product\/18406","targetHints":{"allow":["GET"]}}],"collection":[{"href":"https:\/\/cedrat-technologies.com\/fr\/wp-json\/wp\/v2\/product"}],"about":[{"href":"https:\/\/cedrat-technologies.com\/fr\/wp-json\/wp\/v2\/types\/product"}],"replies":[{"embeddable":true,"href":"https:\/\/cedrat-technologies.com\/fr\/wp-json\/wp\/v2\/comments?post=18406"}],"version-history":[{"count":0,"href":"https:\/\/cedrat-technologies.com\/fr\/wp-json\/wp\/v2\/product\/18406\/revisions"}],"wp:featuredmedia":[{"embeddable":true,"href":"https:\/\/cedrat-technologies.com\/fr\/wp-json\/wp\/v2\/media\/14890"}],"wp:attachment":[{"href":"https:\/\/cedrat-technologies.com\/fr\/wp-json\/wp\/v2\/media?parent=18406"}],"wp:term":[{"taxonomy":"product_brand","embeddable":true,"href":"https:\/\/cedrat-technologies.com\/fr\/wp-json\/wp\/v2\/product_brand?post=18406"},{"taxonomy":"product_cat","embeddable":true,"href":"https:\/\/cedrat-technologies.com\/fr\/wp-json\/wp\/v2\/product_cat?post=18406"},{"taxonomy":"product_tag","embeddable":true,"href":"https:\/\/cedrat-technologies.com\/fr\/wp-json\/wp\/v2\/product_tag?post=18406"}],"curies":[{"name":"wp","href":"https:\/\/api.w.org\/{rel}","templated":true}]}}