{"id":18404,"date":"2023-06-19T10:30:22","date_gmt":"2023-06-19T08:30:22","guid":{"rendered":"http:\/\/cedrat-technologies.com\/produit\/composants-electro-fluidiques-bases-sur-des-materiaux-intelligents-pour-lelectro-hydraulique-des-avions\/"},"modified":"2023-07-20T11:20:37","modified_gmt":"2023-07-20T09:20:37","slug":"composants-electro-fluidiques-bases-sur-des-materiaux-intelligents-pour-lelectro-hydraulique-des-avions","status":"publish","type":"product","link":"https:\/\/cedrat-technologies.com\/fr\/produit\/composants-electro-fluidiques-bases-sur-des-materiaux-intelligents-pour-lelectro-hydraulique-des-avions\/","title":{"rendered":"Composants \u00e9lectro-fluidiques bas\u00e9s sur des mat\u00e9riaux intelligents pour l&rsquo;\u00e9lectro-hydraulique des avions"},"content":{"rendered":"","protected":false},"excerpt":{"rendered":"<p>Dans le contexte d&rsquo;un avion plus \u00e9lectrique, afin d&rsquo;explorer la faisabilit\u00e9 de solutions non conventionnelles, des composants \u00e9lectro-fluidiques bas\u00e9s sur des mat\u00e9riaux intelligents et de nouveaux concepts d&rsquo;actionneurs \u00e9lectro-hydrauliques (EHA), bas\u00e9s sur des vannes actives et une pompe vibrante magn\u00e9tostrictive, ont \u00e9t\u00e9 \u00e9tudi\u00e9s. Des valves actives bas\u00e9es sur diff\u00e9rents actionneurs magn\u00e9tostrictifs et pi\u00e9zo\u00e9lectriques ont \u00e9t\u00e9 con\u00e7ues, r\u00e9alis\u00e9es, test\u00e9es et compar\u00e9es. La version magn\u00e9tostrictive utilise un nouvel actionneur magn\u00e9tostrictif amplifi\u00e9 (AMA) bas\u00e9 sur un empilement de mat\u00e9riaux magn\u00e9tostrictifs g\u00e9ants (GMM) et plac\u00e9 \u00e0 l&rsquo;int\u00e9rieur d&rsquo;un anneau d&rsquo;amplification elliptique.<\/p>\n","protected":false},"featured_media":14884,"comment_status":"closed","ping_status":"open","template":"","meta":{"_acf_changed":false,"_seopress_robots_primary_cat":"none","_seopress_titles_title":"","_seopress_titles_desc":"","_seopress_robots_index":"yes"},"product_brand":[],"product_cat":[1383,1385,1394,1491,1464],"product_tag":[],"class_list":{"0":"post-18404","1":"product","2":"type-product","3":"status-publish","4":"has-post-thumbnail","6":"product_cat-actionneurs-lineaires","7":"product_cat-actionneurs-piezo-fr","8":"product_cat-dispositifs-electro-fluidique","9":"product_cat-domaine-fr","10":"product_cat-publications-fr","12":"first","13":"instock","14":"downloadable","15":"virtual","16":"purchasable","17":"product-type-simple"},"acf":[],"_links":{"self":[{"href":"https:\/\/cedrat-technologies.com\/fr\/wp-json\/wp\/v2\/product\/18404","targetHints":{"allow":["GET"]}}],"collection":[{"href":"https:\/\/cedrat-technologies.com\/fr\/wp-json\/wp\/v2\/product"}],"about":[{"href":"https:\/\/cedrat-technologies.com\/fr\/wp-json\/wp\/v2\/types\/product"}],"replies":[{"embeddable":true,"href":"https:\/\/cedrat-technologies.com\/fr\/wp-json\/wp\/v2\/comments?post=18404"}],"version-history":[{"count":0,"href":"https:\/\/cedrat-technologies.com\/fr\/wp-json\/wp\/v2\/product\/18404\/revisions"}],"wp:featuredmedia":[{"embeddable":true,"href":"https:\/\/cedrat-technologies.com\/fr\/wp-json\/wp\/v2\/media\/14884"}],"wp:attachment":[{"href":"https:\/\/cedrat-technologies.com\/fr\/wp-json\/wp\/v2\/media?parent=18404"}],"wp:term":[{"taxonomy":"product_brand","embeddable":true,"href":"https:\/\/cedrat-technologies.com\/fr\/wp-json\/wp\/v2\/product_brand?post=18404"},{"taxonomy":"product_cat","embeddable":true,"href":"https:\/\/cedrat-technologies.com\/fr\/wp-json\/wp\/v2\/product_cat?post=18404"},{"taxonomy":"product_tag","embeddable":true,"href":"https:\/\/cedrat-technologies.com\/fr\/wp-json\/wp\/v2\/product_tag?post=18404"}],"curies":[{"name":"wp","href":"https:\/\/api.w.org\/{rel}","templated":true}]}}