{"id":18403,"date":"2023-06-19T10:30:22","date_gmt":"2023-06-19T08:30:22","guid":{"rendered":"http:\/\/cedrat-technologies.com\/produit\/suspension-miniature-basse-frequence-reglable-electriquement\/"},"modified":"2023-07-20T11:20:37","modified_gmt":"2023-07-20T09:20:37","slug":"suspension-miniature-basse-frequence-reglable-electriquement","status":"publish","type":"product","link":"https:\/\/cedrat-technologies.com\/fr\/produit\/suspension-miniature-basse-frequence-reglable-electriquement\/","title":{"rendered":"Suspension miniature basse fr\u00e9quence r\u00e9glable \u00e9lectriquement"},"content":{"rendered":"","protected":false},"excerpt":{"rendered":"<p>Les instruments optiques tels que les interf\u00e9rom\u00e8tres et les lignes \u00e0 retard optiques sont sensibles aux vibrations externes et n\u00e9cessitent une forte isolation des vibrations. Il existe des produits d&rsquo;isolation active, semi-active ou passive, mais ils sont plut\u00f4t volumineux, ce qui les rend plus adapt\u00e9s \u00e0 des applications de laboratoire qu&rsquo;\u00e0 des applications embarqu\u00e9es telles que celles rencontr\u00e9es dans les applications spatiales, a\u00e9ronautiques ou militaires en g\u00e9n\u00e9ral, ou dans l&rsquo;exp\u00e9rience du CNES ICE dans l&rsquo;espace. Ces exigences ont conduit au d\u00e9veloppement d&rsquo;un nouveau type de suspension miniature basse fr\u00e9quence accordable \u00e9lectriquement.<\/p>\n","protected":false},"featured_media":14881,"comment_status":"closed","ping_status":"open","template":"","meta":{"_acf_changed":false,"_seopress_robots_primary_cat":"none","_seopress_titles_title":"","_seopress_titles_desc":"","_seopress_robots_index":"yes"},"product_brand":[],"product_cat":[1383,1385,1491,1390,1406,1464,1403],"product_tag":[],"class_list":{"0":"post-18403","1":"product","2":"type-product","3":"status-publish","4":"has-post-thumbnail","6":"product_cat-actionneurs-lineaires","7":"product_cat-actionneurs-piezo-fr","8":"product_cat-domaine-fr","9":"product_cat-mecanismes","10":"product_cat-micropositionnement","11":"product_cat-publications-fr","12":"product_cat-systemes-mecatroniques","14":"first","15":"instock","16":"downloadable","17":"virtual","18":"purchasable","19":"product-type-simple"},"acf":[],"_links":{"self":[{"href":"https:\/\/cedrat-technologies.com\/fr\/wp-json\/wp\/v2\/product\/18403","targetHints":{"allow":["GET"]}}],"collection":[{"href":"https:\/\/cedrat-technologies.com\/fr\/wp-json\/wp\/v2\/product"}],"about":[{"href":"https:\/\/cedrat-technologies.com\/fr\/wp-json\/wp\/v2\/types\/product"}],"replies":[{"embeddable":true,"href":"https:\/\/cedrat-technologies.com\/fr\/wp-json\/wp\/v2\/comments?post=18403"}],"version-history":[{"count":0,"href":"https:\/\/cedrat-technologies.com\/fr\/wp-json\/wp\/v2\/product\/18403\/revisions"}],"wp:featuredmedia":[{"embeddable":true,"href":"https:\/\/cedrat-technologies.com\/fr\/wp-json\/wp\/v2\/media\/14881"}],"wp:attachment":[{"href":"https:\/\/cedrat-technologies.com\/fr\/wp-json\/wp\/v2\/media?parent=18403"}],"wp:term":[{"taxonomy":"product_brand","embeddable":true,"href":"https:\/\/cedrat-technologies.com\/fr\/wp-json\/wp\/v2\/product_brand?post=18403"},{"taxonomy":"product_cat","embeddable":true,"href":"https:\/\/cedrat-technologies.com\/fr\/wp-json\/wp\/v2\/product_cat?post=18403"},{"taxonomy":"product_tag","embeddable":true,"href":"https:\/\/cedrat-technologies.com\/fr\/wp-json\/wp\/v2\/product_tag?post=18403"}],"curies":[{"name":"wp","href":"https:\/\/api.w.org\/{rel}","templated":true}]}}