{"id":18402,"date":"2023-06-19T10:30:22","date_gmt":"2023-06-19T08:30:22","guid":{"rendered":"http:\/\/cedrat-technologies.com\/produit\/capteurs-de-courants-de-foucault-sur-circuit-imprime-pour-une-application-mecatronique-compacte\/"},"modified":"2023-07-20T11:20:37","modified_gmt":"2023-07-20T09:20:37","slug":"capteurs-de-courants-de-foucault-sur-circuit-imprime-pour-une-application-mecatronique-compacte","status":"publish","type":"product","link":"https:\/\/cedrat-technologies.com\/fr\/produit\/capteurs-de-courants-de-foucault-sur-circuit-imprime-pour-une-application-mecatronique-compacte\/","title":{"rendered":"Capteurs de courants de Foucault sur circuit imprim\u00e9 pour une application m\u00e9catronique compacte"},"content":{"rendered":"","protected":false},"excerpt":{"rendered":"<p>Au contact de dispositifs m\u00e9catroniques toujours plus petits et plus intelligents, le besoin de capteurs plus int\u00e9gr\u00e9s devient critique. En particulier, les petits m\u00e9canismes utilisant de petits actionneurs comme les actionneurs piezo n\u00e9cessitent des capteurs compacts, avec des performances \u00e0 la hauteur des caract\u00e9ristiques des actionneurs.<\/p>\n","protected":false},"featured_media":14878,"comment_status":"closed","ping_status":"open","template":"","meta":{"_acf_changed":false,"_seopress_robots_primary_cat":"none","_seopress_titles_title":"","_seopress_titles_desc":"","_seopress_robots_index":"yes"},"product_brand":[],"product_cat":[1416,1491,1499,1406,1464,1403],"product_tag":[],"class_list":{"0":"post-18402","1":"product","2":"type-product","3":"status-publish","4":"has-post-thumbnail","6":"product_cat-capteurs-fr","7":"product_cat-domaine-fr","8":"product_cat-essais-mesures-fr","9":"product_cat-micropositionnement","10":"product_cat-publications-fr","11":"product_cat-systemes-mecatroniques","13":"first","14":"instock","15":"downloadable","16":"virtual","17":"purchasable","18":"product-type-simple"},"acf":[],"_links":{"self":[{"href":"https:\/\/cedrat-technologies.com\/fr\/wp-json\/wp\/v2\/product\/18402","targetHints":{"allow":["GET"]}}],"collection":[{"href":"https:\/\/cedrat-technologies.com\/fr\/wp-json\/wp\/v2\/product"}],"about":[{"href":"https:\/\/cedrat-technologies.com\/fr\/wp-json\/wp\/v2\/types\/product"}],"replies":[{"embeddable":true,"href":"https:\/\/cedrat-technologies.com\/fr\/wp-json\/wp\/v2\/comments?post=18402"}],"version-history":[{"count":0,"href":"https:\/\/cedrat-technologies.com\/fr\/wp-json\/wp\/v2\/product\/18402\/revisions"}],"wp:featuredmedia":[{"embeddable":true,"href":"https:\/\/cedrat-technologies.com\/fr\/wp-json\/wp\/v2\/media\/14878"}],"wp:attachment":[{"href":"https:\/\/cedrat-technologies.com\/fr\/wp-json\/wp\/v2\/media?parent=18402"}],"wp:term":[{"taxonomy":"product_brand","embeddable":true,"href":"https:\/\/cedrat-technologies.com\/fr\/wp-json\/wp\/v2\/product_brand?post=18402"},{"taxonomy":"product_cat","embeddable":true,"href":"https:\/\/cedrat-technologies.com\/fr\/wp-json\/wp\/v2\/product_cat?post=18402"},{"taxonomy":"product_tag","embeddable":true,"href":"https:\/\/cedrat-technologies.com\/fr\/wp-json\/wp\/v2\/product_tag?post=18402"}],"curies":[{"name":"wp","href":"https:\/\/api.w.org\/{rel}","templated":true}]}}