{"id":18401,"date":"2023-06-19T10:30:22","date_gmt":"2023-06-19T08:30:22","guid":{"rendered":"http:\/\/cedrat-technologies.com\/produit\/limites-de-deformation-dynamique-des-actionneurs-piezo-amplifies\/"},"modified":"2023-07-20T11:20:38","modified_gmt":"2023-07-20T09:20:38","slug":"limites-de-deformation-dynamique-des-actionneurs-piezo-amplifies","status":"publish","type":"product","link":"https:\/\/cedrat-technologies.com\/fr\/produit\/limites-de-deformation-dynamique-des-actionneurs-piezo-amplifies\/","title":{"rendered":"Limites de d\u00e9formation dynamique des actionneurs piezo amplifi\u00e9s"},"content":{"rendered":"","protected":false},"excerpt":{"rendered":"<p>Il est bien connu que les actionneurs piezo amplifi\u00e9s (APA) offrent de grandes d\u00e9formations dans des conditions statiques et \u00e0 la r\u00e9sonance. \u00c9tant donn\u00e9 que de nombreuses applications telles que les agitateurs, les syst\u00e8mes antivibratoires et les moteurs b\u00e9n\u00e9ficieraient \u00e9galement d&rsquo;une d\u00e9formation dynamique importante en dessous de la r\u00e9sonance, la d\u00e9formation maximale de l&rsquo;APA a \u00e9t\u00e9 \u00e9tudi\u00e9e th\u00e9oriquement et exp\u00e9rimentalement dans cette large gamme de fr\u00e9quences. L&rsquo;actionneur test\u00e9 est l&rsquo;APA30uXS actuellement utilis\u00e9 dans le nouveau micro-moteur piezo inertiel SPA30uXS.<\/p>\n","protected":false},"featured_media":14875,"comment_status":"closed","ping_status":"open","template":"","meta":{"_acf_changed":false,"_seopress_robots_primary_cat":"none","_seopress_titles_title":"","_seopress_titles_desc":"","_seopress_robots_index":"yes"},"product_brand":[],"product_cat":[1383,1385,1406,1386,1464,1403],"product_tag":[],"class_list":{"0":"post-18401","1":"product","2":"type-product","3":"status-publish","4":"has-post-thumbnail","6":"product_cat-actionneurs-lineaires","7":"product_cat-actionneurs-piezo-fr","8":"product_cat-micropositionnement","9":"product_cat-moteurs-piezo-fr","10":"product_cat-publications-fr","11":"product_cat-systemes-mecatroniques","13":"first","14":"instock","15":"downloadable","16":"virtual","17":"purchasable","18":"product-type-simple"},"acf":[],"_links":{"self":[{"href":"https:\/\/cedrat-technologies.com\/fr\/wp-json\/wp\/v2\/product\/18401","targetHints":{"allow":["GET"]}}],"collection":[{"href":"https:\/\/cedrat-technologies.com\/fr\/wp-json\/wp\/v2\/product"}],"about":[{"href":"https:\/\/cedrat-technologies.com\/fr\/wp-json\/wp\/v2\/types\/product"}],"replies":[{"embeddable":true,"href":"https:\/\/cedrat-technologies.com\/fr\/wp-json\/wp\/v2\/comments?post=18401"}],"version-history":[{"count":0,"href":"https:\/\/cedrat-technologies.com\/fr\/wp-json\/wp\/v2\/product\/18401\/revisions"}],"wp:featuredmedia":[{"embeddable":true,"href":"https:\/\/cedrat-technologies.com\/fr\/wp-json\/wp\/v2\/media\/14875"}],"wp:attachment":[{"href":"https:\/\/cedrat-technologies.com\/fr\/wp-json\/wp\/v2\/media?parent=18401"}],"wp:term":[{"taxonomy":"product_brand","embeddable":true,"href":"https:\/\/cedrat-technologies.com\/fr\/wp-json\/wp\/v2\/product_brand?post=18401"},{"taxonomy":"product_cat","embeddable":true,"href":"https:\/\/cedrat-technologies.com\/fr\/wp-json\/wp\/v2\/product_cat?post=18401"},{"taxonomy":"product_tag","embeddable":true,"href":"https:\/\/cedrat-technologies.com\/fr\/wp-json\/wp\/v2\/product_tag?post=18401"}],"curies":[{"name":"wp","href":"https:\/\/api.w.org\/{rel}","templated":true}]}}