{"id":18400,"date":"2002-01-09T00:00:00","date_gmt":"2002-01-08T23:00:00","guid":{"rendered":"http:\/\/cedrat-technologies.com\/produit\/dtt35xs-nouveau-mecanisme-compact-de-tipt-tilt-piezoelectrique\/"},"modified":"2023-07-20T11:22:28","modified_gmt":"2023-07-20T09:22:28","slug":"dtt35xs-nouveau-mecanisme-compact-de-tipt-tilt-piezoelectrique","status":"publish","type":"product","link":"https:\/\/cedrat-technologies.com\/fr\/produit\/dtt35xs-nouveau-mecanisme-compact-de-tipt-tilt-piezoelectrique\/","title":{"rendered":"DTT35XS nouveau m\u00e9canisme compact de tipt-tilt pi\u00e9zo\u00e9lectrique"},"content":{"rendered":"","protected":false},"excerpt":{"rendered":"<p>Le DTT35XS est un nouveau m\u00e9canisme pi\u00e9zo\u00e9lectrique sorti du laboratoire de CEDRAT TECHNOLOGIES en f\u00e9vrier 2002. Il est issu d&rsquo;un d\u00e9veloppement pour les besoins spatiaux d\u00e9fini avec le CNES, et pour lequel une premi\u00e8re application a \u00e9t\u00e9 trouv\u00e9e dans le cadre de \u00ab\u00a0PHARAO\u00a0\u00bb. Ce m\u00e9canisme est bas\u00e9 sur deux paires d&rsquo;APA35XS, des actionneurs piezo amplifi\u00e9s affichant 35 \u00b5m de course chacun, dispos\u00e9s en croix. Le m\u00e9canisme permet \u00e0 la fois une d\u00e9fl ection de +\/- 2 mrad autour des axes X et Y et un d\u00e9placement vertical de 35 \u00b5m dans la direction Z.<\/p>\n","protected":false},"featured_media":14872,"comment_status":"closed","ping_status":"open","template":"","meta":{"_acf_changed":false,"_seopress_robots_primary_cat":"none","_seopress_titles_title":"","_seopress_titles_desc":"","_seopress_robots_index":"yes"},"product_brand":[],"product_cat":[1383,1385,1491,1390,1464],"product_tag":[],"class_list":{"0":"post-18400","1":"product","2":"type-product","3":"status-publish","4":"has-post-thumbnail","6":"product_cat-actionneurs-lineaires","7":"product_cat-actionneurs-piezo-fr","8":"product_cat-domaine-fr","9":"product_cat-mecanismes","10":"product_cat-publications-fr","12":"first","13":"instock","14":"downloadable","15":"virtual","16":"purchasable","17":"product-type-simple"},"acf":[],"_links":{"self":[{"href":"https:\/\/cedrat-technologies.com\/fr\/wp-json\/wp\/v2\/product\/18400","targetHints":{"allow":["GET"]}}],"collection":[{"href":"https:\/\/cedrat-technologies.com\/fr\/wp-json\/wp\/v2\/product"}],"about":[{"href":"https:\/\/cedrat-technologies.com\/fr\/wp-json\/wp\/v2\/types\/product"}],"replies":[{"embeddable":true,"href":"https:\/\/cedrat-technologies.com\/fr\/wp-json\/wp\/v2\/comments?post=18400"}],"version-history":[{"count":0,"href":"https:\/\/cedrat-technologies.com\/fr\/wp-json\/wp\/v2\/product\/18400\/revisions"}],"wp:featuredmedia":[{"embeddable":true,"href":"https:\/\/cedrat-technologies.com\/fr\/wp-json\/wp\/v2\/media\/14872"}],"wp:attachment":[{"href":"https:\/\/cedrat-technologies.com\/fr\/wp-json\/wp\/v2\/media?parent=18400"}],"wp:term":[{"taxonomy":"product_brand","embeddable":true,"href":"https:\/\/cedrat-technologies.com\/fr\/wp-json\/wp\/v2\/product_brand?post=18400"},{"taxonomy":"product_cat","embeddable":true,"href":"https:\/\/cedrat-technologies.com\/fr\/wp-json\/wp\/v2\/product_cat?post=18400"},{"taxonomy":"product_tag","embeddable":true,"href":"https:\/\/cedrat-technologies.com\/fr\/wp-json\/wp\/v2\/product_tag?post=18400"}],"curies":[{"name":"wp","href":"https:\/\/api.w.org\/{rel}","templated":true}]}}