{"id":18399,"date":"2023-06-19T10:30:22","date_gmt":"2023-06-19T08:30:22","guid":{"rendered":"http:\/\/cedrat-technologies.com\/produit\/pilotage-electronique-de-controle-actionneurs-piezoelectriques-applications-spatiales\/"},"modified":"2023-07-20T11:20:34","modified_gmt":"2023-07-20T09:20:34","slug":"pilotage-electronique-de-controle-actionneurs-piezoelectriques-applications-spatiales","status":"publish","type":"product","link":"https:\/\/cedrat-technologies.com\/fr\/produit\/pilotage-electronique-de-controle-actionneurs-piezoelectriques-applications-spatiales\/","title":{"rendered":"Pilotage \u00e9lectronique de contr\u00f4le actionneurs pi\u00e9zo\u00e9lectriques applications spatiales"},"content":{"rendered":"","protected":false},"excerpt":{"rendered":"<p>Les m\u00e9canismes pi\u00e9zo\u00e9lectriques sont de plus en plus utilis\u00e9s dans les applications spatiales n\u00e9cessitant des fonctions de positionnement pr\u00e9cis pour les charges utiles scientifiques ou les fonctions optiques. En effet, les actionneurs pi\u00e9zo\u00e9lectriques sont g\u00e9n\u00e9ralement consid\u00e9r\u00e9s comme de bons candidats pour piloter et contr\u00f4ler des m\u00e9canismes compacts.<\/p>\n","protected":false},"featured_media":14869,"comment_status":"closed","ping_status":"open","template":"","meta":{"_acf_changed":false,"_seopress_robots_primary_cat":"none","_seopress_titles_title":"","_seopress_titles_desc":"","_seopress_robots_index":"yes"},"product_brand":[],"product_cat":[1413,1404,1464,1407,1403],"product_tag":[],"class_list":{"0":"post-18399","1":"product","2":"type-product","3":"status-publish","4":"has-post-thumbnail","6":"product_cat-controle-actif-de-vibration","7":"product_cat-pilotage-controle","8":"product_cat-publications-fr","9":"product_cat-systeme-denergie-embarque","10":"product_cat-systemes-mecatroniques","12":"first","13":"instock","14":"downloadable","15":"virtual","16":"purchasable","17":"product-type-simple"},"acf":[],"_links":{"self":[{"href":"https:\/\/cedrat-technologies.com\/fr\/wp-json\/wp\/v2\/product\/18399","targetHints":{"allow":["GET"]}}],"collection":[{"href":"https:\/\/cedrat-technologies.com\/fr\/wp-json\/wp\/v2\/product"}],"about":[{"href":"https:\/\/cedrat-technologies.com\/fr\/wp-json\/wp\/v2\/types\/product"}],"replies":[{"embeddable":true,"href":"https:\/\/cedrat-technologies.com\/fr\/wp-json\/wp\/v2\/comments?post=18399"}],"version-history":[{"count":0,"href":"https:\/\/cedrat-technologies.com\/fr\/wp-json\/wp\/v2\/product\/18399\/revisions"}],"wp:featuredmedia":[{"embeddable":true,"href":"https:\/\/cedrat-technologies.com\/fr\/wp-json\/wp\/v2\/media\/14869"}],"wp:attachment":[{"href":"https:\/\/cedrat-technologies.com\/fr\/wp-json\/wp\/v2\/media?parent=18399"}],"wp:term":[{"taxonomy":"product_brand","embeddable":true,"href":"https:\/\/cedrat-technologies.com\/fr\/wp-json\/wp\/v2\/product_brand?post=18399"},{"taxonomy":"product_cat","embeddable":true,"href":"https:\/\/cedrat-technologies.com\/fr\/wp-json\/wp\/v2\/product_cat?post=18399"},{"taxonomy":"product_tag","embeddable":true,"href":"https:\/\/cedrat-technologies.com\/fr\/wp-json\/wp\/v2\/product_tag?post=18399"}],"curies":[{"name":"wp","href":"https:\/\/api.w.org\/{rel}","templated":true}]}}