{"id":18398,"date":"2018-05-07T00:00:00","date_gmt":"2018-05-06T22:00:00","guid":{"rendered":"http:\/\/cedrat-technologies.com\/produit\/developpement-de-lactionneur-mica300cm-a-palier-lisse-et-a-guidage-flexible\/"},"modified":"2023-07-20T11:22:19","modified_gmt":"2023-07-20T09:22:19","slug":"developpement-de-lactionneur-mica300cm-a-palier-lisse-et-a-guidage-flexible","status":"publish","type":"product","link":"https:\/\/cedrat-technologies.com\/fr\/produit\/developpement-de-lactionneur-mica300cm-a-palier-lisse-et-a-guidage-flexible\/","title":{"rendered":"D\u00e9veloppement de l&rsquo;actionneur MICA300CM \u00e0 palier lisse et \u00e0 guidage flexible"},"content":{"rendered":"","protected":false},"excerpt":{"rendered":"<p>La famille d&rsquo;actionneurs lin\u00e9aires MICA\u2122 (Moving Iron Controllable Actuator) est continuellement am\u00e9lior\u00e9e chez CEDRAT TECHNOLOGIES (CTEC) pour les applications n\u00e9cessitant une course, une force et une puissance contr\u00f4lables \u00e9lev\u00e9es. Le MICA300CM est un nouveau mod\u00e8le d&rsquo;actionneur, avec une configuration am\u00e9lior\u00e9e bas\u00e9e sur la forme cylindrique. Une premi\u00e8re version bas\u00e9e sur des paliers lisses offre une course de 12 mm et une force continue de 300 N pour un poids de seulement 3 kg. Une seconde version est bas\u00e9e sur de nouveaux guidages flexibles sans frottement. La premi\u00e8re est sp\u00e9cialement con\u00e7ue pour ne n\u00e9cessiter aucune maintenance pendant plusieurs ann\u00e9es de fonctionnement, avec une efficacit\u00e9 \u00e9lev\u00e9e, une r\u00e9solution infinie et une grande contr\u00f4labilit\u00e9. Cette version du MICA300CM a \u00e9t\u00e9 d\u00e9riv\u00e9e pour offrir une configuration de masse de preuve, pour les applications d&rsquo;annulation des vibrations sur les processus d&rsquo;usinage. Une version plus r\u00e9cente est \u00e9galement en cours de conception et de prototypage, sp\u00e9cifiquement pour les applications \u00e0 piston alternatif, telles que les compresseurs, les g\u00e9n\u00e9rateurs d&rsquo;ondes de pression et les pompes. Son rendement \u00e9lev\u00e9, sa capacit\u00e9 \u00e0 durer tr\u00e8s longtemps et sa compacit\u00e9 le rendent parfaitement adapt\u00e9 aux machines thermiques int\u00e9gr\u00e9es bas\u00e9es sur les cycles thermodynamiques de Stirling, Joules Thomson et Rankin. Cet article pr\u00e9sente ces quatre concepts, les r\u00e9sultats des essais et les perspectives d&rsquo;application.<\/p>\n","protected":false},"featured_media":14866,"comment_status":"closed","ping_status":"open","template":"","meta":{"_acf_changed":false,"_seopress_robots_primary_cat":"none","_seopress_titles_title":"","_seopress_titles_desc":"","_seopress_robots_index":"yes"},"product_brand":[],"product_cat":[1383,1384,1414,1413,1491,1497,1464],"product_tag":[],"class_list":{"0":"post-18398","1":"product","2":"type-product","3":"status-publish","4":"has-post-thumbnail","6":"product_cat-actionneurs-lineaires","7":"product_cat-actionneurs-lineaires-magnetiques","8":"product_cat-amortisseur-a-masse-depreuve","9":"product_cat-controle-actif-de-vibration","10":"product_cat-domaine-fr","11":"product_cat-productique-machine-outil-fr","12":"product_cat-publications-fr","14":"first","15":"instock","16":"downloadable","17":"virtual","18":"purchasable","19":"product-type-simple"},"acf":[],"_links":{"self":[{"href":"https:\/\/cedrat-technologies.com\/fr\/wp-json\/wp\/v2\/product\/18398","targetHints":{"allow":["GET"]}}],"collection":[{"href":"https:\/\/cedrat-technologies.com\/fr\/wp-json\/wp\/v2\/product"}],"about":[{"href":"https:\/\/cedrat-technologies.com\/fr\/wp-json\/wp\/v2\/types\/product"}],"replies":[{"embeddable":true,"href":"https:\/\/cedrat-technologies.com\/fr\/wp-json\/wp\/v2\/comments?post=18398"}],"version-history":[{"count":0,"href":"https:\/\/cedrat-technologies.com\/fr\/wp-json\/wp\/v2\/product\/18398\/revisions"}],"wp:featuredmedia":[{"embeddable":true,"href":"https:\/\/cedrat-technologies.com\/fr\/wp-json\/wp\/v2\/media\/14866"}],"wp:attachment":[{"href":"https:\/\/cedrat-technologies.com\/fr\/wp-json\/wp\/v2\/media?parent=18398"}],"wp:term":[{"taxonomy":"product_brand","embeddable":true,"href":"https:\/\/cedrat-technologies.com\/fr\/wp-json\/wp\/v2\/product_brand?post=18398"},{"taxonomy":"product_cat","embeddable":true,"href":"https:\/\/cedrat-technologies.com\/fr\/wp-json\/wp\/v2\/product_cat?post=18398"},{"taxonomy":"product_tag","embeddable":true,"href":"https:\/\/cedrat-technologies.com\/fr\/wp-json\/wp\/v2\/product_tag?post=18398"}],"curies":[{"name":"wp","href":"https:\/\/api.w.org\/{rel}","templated":true}]}}