{"id":18396,"date":"2023-06-19T10:29:57","date_gmt":"2023-06-19T08:29:57","guid":{"rendered":"http:\/\/cedrat-technologies.com\/produit\/conception-dun-tribometre-dynamique-applique-aux-moteurs-a-inertie-piezoelectriques-exploration-in-situ-du-principe-du-stick-slip\/"},"modified":"2023-07-20T11:20:38","modified_gmt":"2023-07-20T09:20:38","slug":"conception-dun-tribometre-dynamique-applique-aux-moteurs-a-inertie-piezoelectriques-exploration-in-situ-du-principe-du-stick-slip","status":"publish","type":"product","link":"https:\/\/cedrat-technologies.com\/fr\/produit\/conception-dun-tribometre-dynamique-applique-aux-moteurs-a-inertie-piezoelectriques-exploration-in-situ-du-principe-du-stick-slip\/","title":{"rendered":"Conception d&rsquo;un tribom\u00e8tre dynamique appliqu\u00e9 aux moteurs \u00e0 inertie pi\u00e9zo\u00e9lectriques &#8211; Exploration in situ du principe du stick-slip"},"content":{"rendered":"","protected":false},"excerpt":{"rendered":"<p>Dans les moteurs \u00e0 inertie, le mouvement g\u00e9n\u00e9r\u00e9 est bas\u00e9 sur le principe de l&rsquo;adh\u00e9rence et du glissement. Les mod\u00e8les analytiques actuels sont suffisamment pr\u00e9dictifs pour calculer qualitativement leurs performances optimales, telles que la taille et la vitesse maximales des pas, avec relativement peu de param\u00e8tres d&rsquo;entr\u00e9e. Mais ils ne prennent pas en compte la dur\u00e9e de vie du contact et l&rsquo;\u00e9volution temporelle des param\u00e8tres comme le facteur de frottement tout au long de la dur\u00e9e de vie de l&rsquo;IDM. Les mod\u00e8les analytiques atteignent donc leurs limites lorsque des pr\u00e9visions pr\u00e9cises sont n\u00e9cessaires. Cette \u00e9tude vise \u00e0 comprendre les m\u00e9canismes d&rsquo;usure pour mod\u00e9liser l&rsquo;\u00e9volution temporelle du frottement. Une telle compr\u00e9hension n\u00e9cessite la reconstitution de la dur\u00e9e de vie du contact par l&rsquo;\u00e9valuation des flux des 1er et 3\u00e8me corps. Pour ce faire, un nouveau tribom\u00e8tre repr\u00e9sentatif de l&rsquo;IDM est con\u00e7u. Les premiers corps &#8211; TA6V rev\u00eatu et polym\u00e8re &#8211; ne sont pas transparents. Ils sont remplac\u00e9s alternativement par un premier corps interm\u00e9diaire transparent afin d&rsquo;observer le contact de mani\u00e8re dynamique et in situ. Le facteur de friction, la taille du pas et la vitesse moyenne sont \u00e9galement mesur\u00e9s. Les r\u00e9sultats pr\u00e9liminaires montrent que les profils d&rsquo;usure de l&rsquo;IDM r\u00e9el et du tribom\u00e8tre sont similaires. Les observations directes montrent que les particules du rev\u00eatement TA6V sont d&rsquo;abord arrach\u00e9es, puis se d\u00e9placent dans le contact et enfin d\u00e9clenchent d&rsquo;autres d\u00e9tachements de particules.<\/p>\n","protected":false},"featured_media":14860,"comment_status":"closed","ping_status":"open","template":"","meta":{"_acf_changed":false,"_seopress_robots_primary_cat":"none","_seopress_titles_title":"","_seopress_titles_desc":"","_seopress_robots_index":"yes"},"product_brand":[],"product_cat":[1383,1385,1492,1491,1386,1464],"product_tag":[],"class_list":{"0":"post-18396","1":"product","2":"type-product","3":"status-publish","4":"has-post-thumbnail","6":"product_cat-actionneurs-lineaires","7":"product_cat-actionneurs-piezo-fr","8":"product_cat-biomedical-assistance-personnelle-fr","9":"product_cat-domaine-fr","10":"product_cat-moteurs-piezo-fr","11":"product_cat-publications-fr","13":"first","14":"instock","15":"downloadable","16":"virtual","17":"purchasable","18":"product-type-simple"},"acf":[],"_links":{"self":[{"href":"https:\/\/cedrat-technologies.com\/fr\/wp-json\/wp\/v2\/product\/18396","targetHints":{"allow":["GET"]}}],"collection":[{"href":"https:\/\/cedrat-technologies.com\/fr\/wp-json\/wp\/v2\/product"}],"about":[{"href":"https:\/\/cedrat-technologies.com\/fr\/wp-json\/wp\/v2\/types\/product"}],"replies":[{"embeddable":true,"href":"https:\/\/cedrat-technologies.com\/fr\/wp-json\/wp\/v2\/comments?post=18396"}],"version-history":[{"count":0,"href":"https:\/\/cedrat-technologies.com\/fr\/wp-json\/wp\/v2\/product\/18396\/revisions"}],"wp:featuredmedia":[{"embeddable":true,"href":"https:\/\/cedrat-technologies.com\/fr\/wp-json\/wp\/v2\/media\/14860"}],"wp:attachment":[{"href":"https:\/\/cedrat-technologies.com\/fr\/wp-json\/wp\/v2\/media?parent=18396"}],"wp:term":[{"taxonomy":"product_brand","embeddable":true,"href":"https:\/\/cedrat-technologies.com\/fr\/wp-json\/wp\/v2\/product_brand?post=18396"},{"taxonomy":"product_cat","embeddable":true,"href":"https:\/\/cedrat-technologies.com\/fr\/wp-json\/wp\/v2\/product_cat?post=18396"},{"taxonomy":"product_tag","embeddable":true,"href":"https:\/\/cedrat-technologies.com\/fr\/wp-json\/wp\/v2\/product_tag?post=18396"}],"curies":[{"name":"wp","href":"https:\/\/api.w.org\/{rel}","templated":true}]}}