{"id":18395,"date":"2019-11-07T00:00:00","date_gmt":"2019-11-06T23:00:00","guid":{"rendered":"http:\/\/cedrat-technologies.com\/produit\/conception-dun-tribometre-dynamique-applique-aux-moteurs-piezoelectriques-a-inertie\/"},"modified":"2023-07-20T11:22:16","modified_gmt":"2023-07-20T09:22:16","slug":"conception-dun-tribometre-dynamique-applique-aux-moteurs-piezoelectriques-a-inertie","status":"publish","type":"product","link":"https:\/\/cedrat-technologies.com\/fr\/produit\/conception-dun-tribometre-dynamique-applique-aux-moteurs-piezoelectriques-a-inertie\/","title":{"rendered":"Conception d&rsquo;un tribom\u00e8tre dynamique appliqu\u00e9 aux moteurs pi\u00e9zo\u00e9lectriques \u00e0 inertie"},"content":{"rendered":"","protected":false},"excerpt":{"rendered":"<p>Dans les moteurs \u00e0 inertie, le mouvement g\u00e9n\u00e9r\u00e9 est bas\u00e9 sur le principe de l&rsquo;adh\u00e9rence et du glissement. Les mod\u00e8les analytiques actuels sont suffisamment pr\u00e9dictifs pour calculer qualitativement leurs performances optimales, telles que la taille de pas et la vitesse maximales, avec relativement peu de param\u00e8tres d&rsquo;entr\u00e9e. Mais ils ne prennent pas en compte la dur\u00e9e de vie du contact et l&rsquo;\u00e9volution temporelle des param\u00e8tres comme le facteur de frottement tout au long de la dur\u00e9e de vie de l&rsquo;IDM. Les mod\u00e8les analytiques atteignent donc leurs limites lorsque des pr\u00e9visions pr\u00e9cises sont n\u00e9cessaires.<\/p>\n","protected":false},"featured_media":14857,"comment_status":"closed","ping_status":"open","template":"","meta":{"_acf_changed":false,"_seopress_robots_primary_cat":"none","_seopress_titles_title":"","_seopress_titles_desc":"","_seopress_robots_index":"yes"},"product_brand":[],"product_cat":[1383,1492,1491,1386,1464],"product_tag":[],"class_list":{"0":"post-18395","1":"product","2":"type-product","3":"status-publish","4":"has-post-thumbnail","6":"product_cat-actionneurs-lineaires","7":"product_cat-biomedical-assistance-personnelle-fr","8":"product_cat-domaine-fr","9":"product_cat-moteurs-piezo-fr","10":"product_cat-publications-fr","12":"first","13":"instock","14":"downloadable","15":"virtual","16":"purchasable","17":"product-type-simple"},"acf":[],"_links":{"self":[{"href":"https:\/\/cedrat-technologies.com\/fr\/wp-json\/wp\/v2\/product\/18395","targetHints":{"allow":["GET"]}}],"collection":[{"href":"https:\/\/cedrat-technologies.com\/fr\/wp-json\/wp\/v2\/product"}],"about":[{"href":"https:\/\/cedrat-technologies.com\/fr\/wp-json\/wp\/v2\/types\/product"}],"replies":[{"embeddable":true,"href":"https:\/\/cedrat-technologies.com\/fr\/wp-json\/wp\/v2\/comments?post=18395"}],"version-history":[{"count":0,"href":"https:\/\/cedrat-technologies.com\/fr\/wp-json\/wp\/v2\/product\/18395\/revisions"}],"wp:featuredmedia":[{"embeddable":true,"href":"https:\/\/cedrat-technologies.com\/fr\/wp-json\/wp\/v2\/media\/14857"}],"wp:attachment":[{"href":"https:\/\/cedrat-technologies.com\/fr\/wp-json\/wp\/v2\/media?parent=18395"}],"wp:term":[{"taxonomy":"product_brand","embeddable":true,"href":"https:\/\/cedrat-technologies.com\/fr\/wp-json\/wp\/v2\/product_brand?post=18395"},{"taxonomy":"product_cat","embeddable":true,"href":"https:\/\/cedrat-technologies.com\/fr\/wp-json\/wp\/v2\/product_cat?post=18395"},{"taxonomy":"product_tag","embeddable":true,"href":"https:\/\/cedrat-technologies.com\/fr\/wp-json\/wp\/v2\/product_tag?post=18395"}],"curies":[{"name":"wp","href":"https:\/\/api.w.org\/{rel}","templated":true}]}}