{"id":18394,"date":"2023-06-19T10:29:57","date_gmt":"2023-06-19T08:29:57","guid":{"rendered":"http:\/\/cedrat-technologies.com\/produit\/conception-dun-compresseur-a-deux-etages-pour-des-applications-de-mobilite-utilisant-des-actionneurs-compacts-et-efficaces-a-fer-mobile-controlable\/"},"modified":"2023-07-20T11:20:39","modified_gmt":"2023-07-20T09:20:39","slug":"conception-dun-compresseur-a-deux-etages-pour-des-applications-de-mobilite-utilisant-des-actionneurs-compacts-et-efficaces-a-fer-mobile-controlable","status":"publish","type":"product","link":"https:\/\/cedrat-technologies.com\/fr\/produit\/conception-dun-compresseur-a-deux-etages-pour-des-applications-de-mobilite-utilisant-des-actionneurs-compacts-et-efficaces-a-fer-mobile-controlable\/","title":{"rendered":"Conception d&rsquo;un compresseur \u00e0 deux \u00e9tages pour des applications de mobilit\u00e9, utilisant des actionneurs compacts et efficaces \u00e0 fer mobile contr\u00f4lable"},"content":{"rendered":"","protected":false},"excerpt":{"rendered":"<p>Un actionneur est redimensionn\u00e9 pour \u00eatre int\u00e9gr\u00e9 dans un compresseur utilis\u00e9 pour la liqu\u00e9faction des vapeurs d&rsquo;hydrog\u00e8ne dans un syst\u00e8me de stockage de propergol. L&rsquo;objectif est d&rsquo;\u00e9valuer la faisabilit\u00e9 de l&rsquo;hydrog\u00e8ne liquide sans \u00e9bullition, pour un stockage de longue dur\u00e9e \u00e0 l&rsquo;\u00e9tat liquide cryog\u00e9nique de 20 kelvins. Cet article pr\u00e9sente le compromis de l&rsquo;actionneur, la s\u00e9lection et les caract\u00e9ristiques sp\u00e9ciales impos\u00e9es par l&rsquo;application. La conception de l&rsquo;actionneur est pr\u00e9sent\u00e9e, ses caract\u00e9ristiques sont mesur\u00e9es et les performances r\u00e9sultantes sont pr\u00e9sent\u00e9es et discut\u00e9es.<\/p>\n","protected":false},"featured_media":14854,"comment_status":"closed","ping_status":"open","template":"","meta":{"_acf_changed":false,"_seopress_robots_primary_cat":"none","_seopress_titles_title":"","_seopress_titles_desc":"","_seopress_robots_index":"yes"},"product_brand":[],"product_cat":[1383,1384,1394,1464],"product_tag":[],"class_list":{"0":"post-18394","1":"product","2":"type-product","3":"status-publish","4":"has-post-thumbnail","6":"product_cat-actionneurs-lineaires","7":"product_cat-actionneurs-lineaires-magnetiques","8":"product_cat-dispositifs-electro-fluidique","9":"product_cat-publications-fr","11":"first","12":"instock","13":"downloadable","14":"virtual","15":"purchasable","16":"product-type-simple"},"acf":[],"_links":{"self":[{"href":"https:\/\/cedrat-technologies.com\/fr\/wp-json\/wp\/v2\/product\/18394","targetHints":{"allow":["GET"]}}],"collection":[{"href":"https:\/\/cedrat-technologies.com\/fr\/wp-json\/wp\/v2\/product"}],"about":[{"href":"https:\/\/cedrat-technologies.com\/fr\/wp-json\/wp\/v2\/types\/product"}],"replies":[{"embeddable":true,"href":"https:\/\/cedrat-technologies.com\/fr\/wp-json\/wp\/v2\/comments?post=18394"}],"version-history":[{"count":0,"href":"https:\/\/cedrat-technologies.com\/fr\/wp-json\/wp\/v2\/product\/18394\/revisions"}],"wp:featuredmedia":[{"embeddable":true,"href":"https:\/\/cedrat-technologies.com\/fr\/wp-json\/wp\/v2\/media\/14854"}],"wp:attachment":[{"href":"https:\/\/cedrat-technologies.com\/fr\/wp-json\/wp\/v2\/media?parent=18394"}],"wp:term":[{"taxonomy":"product_brand","embeddable":true,"href":"https:\/\/cedrat-technologies.com\/fr\/wp-json\/wp\/v2\/product_brand?post=18394"},{"taxonomy":"product_cat","embeddable":true,"href":"https:\/\/cedrat-technologies.com\/fr\/wp-json\/wp\/v2\/product_cat?post=18394"},{"taxonomy":"product_tag","embeddable":true,"href":"https:\/\/cedrat-technologies.com\/fr\/wp-json\/wp\/v2\/product_tag?post=18394"}],"curies":[{"name":"wp","href":"https:\/\/api.w.org\/{rel}","templated":true}]}}