{"id":18393,"date":"2016-01-05T00:00:00","date_gmt":"2016-01-04T23:00:00","guid":{"rendered":"http:\/\/cedrat-technologies.com\/produit\/conception-et-essais-dun-demonstrateur-de-mecanisme-de-compensation-de-filets\/"},"modified":"2023-07-20T11:22:22","modified_gmt":"2023-07-20T09:22:22","slug":"conception-et-essais-dun-demonstrateur-de-mecanisme-de-compensation-de-filets","status":"publish","type":"product","link":"https:\/\/cedrat-technologies.com\/fr\/produit\/conception-et-essais-dun-demonstrateur-de-mecanisme-de-compensation-de-filets\/","title":{"rendered":"Conception et essais d&rsquo;un d\u00e9monstrateur de m\u00e9canisme de compensation de filets"},"content":{"rendered":"","protected":false},"excerpt":{"rendered":"<p>Les futurs capteurs matriciels feront l&rsquo;acquisition d&rsquo;une zone au sol et sont alors susceptibles de modifier l&rsquo;image en raison du mouvement du satellite pendant l&rsquo;acquisition. Concevoir, construire et tester un m\u00e9canisme sur planche \u00e0 pain qui pourrait d\u00e9placer la ligne de vis\u00e9e du t\u00e9lescope et geler la zone observ\u00e9e pendant l&rsquo;acquisition de l&rsquo;image.<\/p>\n","protected":false},"featured_media":14851,"comment_status":"closed","ping_status":"open","template":"","meta":{"_acf_changed":false,"_seopress_robots_primary_cat":"","_seopress_titles_title":"","_seopress_titles_desc":"","_seopress_robots_index":"yes"},"product_brand":[],"product_cat":[1413,1391,1491,1390,1404,1464,1403],"product_tag":[],"class_list":{"0":"post-18393","1":"product","2":"type-product","3":"status-publish","4":"has-post-thumbnail","6":"product_cat-controle-actif-de-vibration","7":"product_cat-degres-de-libertes-multiples","8":"product_cat-domaine-fr","9":"product_cat-mecanismes","10":"product_cat-pilotage-controle","11":"product_cat-publications-fr","12":"product_cat-systemes-mecatroniques","14":"first","15":"instock","16":"downloadable","17":"virtual","18":"purchasable","19":"product-type-simple"},"acf":[],"_links":{"self":[{"href":"https:\/\/cedrat-technologies.com\/fr\/wp-json\/wp\/v2\/product\/18393","targetHints":{"allow":["GET"]}}],"collection":[{"href":"https:\/\/cedrat-technologies.com\/fr\/wp-json\/wp\/v2\/product"}],"about":[{"href":"https:\/\/cedrat-technologies.com\/fr\/wp-json\/wp\/v2\/types\/product"}],"replies":[{"embeddable":true,"href":"https:\/\/cedrat-technologies.com\/fr\/wp-json\/wp\/v2\/comments?post=18393"}],"version-history":[{"count":0,"href":"https:\/\/cedrat-technologies.com\/fr\/wp-json\/wp\/v2\/product\/18393\/revisions"}],"wp:featuredmedia":[{"embeddable":true,"href":"https:\/\/cedrat-technologies.com\/fr\/wp-json\/wp\/v2\/media\/14851"}],"wp:attachment":[{"href":"https:\/\/cedrat-technologies.com\/fr\/wp-json\/wp\/v2\/media?parent=18393"}],"wp:term":[{"taxonomy":"product_brand","embeddable":true,"href":"https:\/\/cedrat-technologies.com\/fr\/wp-json\/wp\/v2\/product_brand?post=18393"},{"taxonomy":"product_cat","embeddable":true,"href":"https:\/\/cedrat-technologies.com\/fr\/wp-json\/wp\/v2\/product_cat?post=18393"},{"taxonomy":"product_tag","embeddable":true,"href":"https:\/\/cedrat-technologies.com\/fr\/wp-json\/wp\/v2\/product_tag?post=18393"}],"curies":[{"name":"wp","href":"https:\/\/api.w.org\/{rel}","templated":true}]}}