{"id":18392,"date":"2023-06-19T10:29:57","date_gmt":"2023-06-19T08:29:57","guid":{"rendered":"http:\/\/cedrat-technologies.com\/produit\/conception-et-evaluation-dune-platine-piezo-xy\/"},"modified":"2023-07-20T11:20:39","modified_gmt":"2023-07-20T09:20:39","slug":"conception-et-evaluation-dune-platine-piezo-xy","status":"publish","type":"product","link":"https:\/\/cedrat-technologies.com\/fr\/produit\/conception-et-evaluation-dune-platine-piezo-xy\/","title":{"rendered":"Conception et \u00e9valuation d&rsquo;une platine pi\u00e9zo xy"},"content":{"rendered":"","protected":false},"excerpt":{"rendered":"<p>La mission ROSETTA\/MIDAS de l&rsquo;Agence spatiale europ\u00e9enne (ESA) a pour objectif d&rsquo;\u00e9tudier les poussi\u00e8res collect\u00e9es sur la com\u00e8te Wirtanen \u00e0 l&rsquo;aide d&rsquo;un microscope \u00e0 force atomique (AFM). Cet instrument utilise une platine pi\u00e9zo\u00e9lectrique XY pour obtenir un positionnement pr\u00e9cis dans deux directions orthogonales dans le plan, et un actionneur Z pour soutenir les aiguilles afin d&rsquo;analyser les particules de poussi\u00e8re dans la direction hors plan.<\/p>\n","protected":false},"featured_media":14848,"comment_status":"closed","ping_status":"open","template":"","meta":{"_acf_changed":false,"_seopress_robots_primary_cat":"none","_seopress_titles_title":"","_seopress_titles_desc":"","_seopress_robots_index":"yes"},"product_brand":[],"product_cat":[1491,1390,1393,1464],"product_tag":[],"class_list":{"0":"post-18392","1":"product","2":"type-product","3":"status-publish","4":"has-post-thumbnail","6":"product_cat-domaine-fr","7":"product_cat-mecanismes","8":"product_cat-platines-xy","9":"product_cat-publications-fr","11":"first","12":"instock","13":"downloadable","14":"virtual","15":"purchasable","16":"product-type-simple"},"acf":[],"_links":{"self":[{"href":"https:\/\/cedrat-technologies.com\/fr\/wp-json\/wp\/v2\/product\/18392","targetHints":{"allow":["GET"]}}],"collection":[{"href":"https:\/\/cedrat-technologies.com\/fr\/wp-json\/wp\/v2\/product"}],"about":[{"href":"https:\/\/cedrat-technologies.com\/fr\/wp-json\/wp\/v2\/types\/product"}],"replies":[{"embeddable":true,"href":"https:\/\/cedrat-technologies.com\/fr\/wp-json\/wp\/v2\/comments?post=18392"}],"version-history":[{"count":0,"href":"https:\/\/cedrat-technologies.com\/fr\/wp-json\/wp\/v2\/product\/18392\/revisions"}],"wp:featuredmedia":[{"embeddable":true,"href":"https:\/\/cedrat-technologies.com\/fr\/wp-json\/wp\/v2\/media\/14848"}],"wp:attachment":[{"href":"https:\/\/cedrat-technologies.com\/fr\/wp-json\/wp\/v2\/media?parent=18392"}],"wp:term":[{"taxonomy":"product_brand","embeddable":true,"href":"https:\/\/cedrat-technologies.com\/fr\/wp-json\/wp\/v2\/product_brand?post=18392"},{"taxonomy":"product_cat","embeddable":true,"href":"https:\/\/cedrat-technologies.com\/fr\/wp-json\/wp\/v2\/product_cat?post=18392"},{"taxonomy":"product_tag","embeddable":true,"href":"https:\/\/cedrat-technologies.com\/fr\/wp-json\/wp\/v2\/product_tag?post=18392"}],"curies":[{"name":"wp","href":"https:\/\/api.w.org\/{rel}","templated":true}]}}