{"id":18391,"date":"2023-06-19T10:29:57","date_gmt":"2023-06-19T08:29:57","guid":{"rendered":"http:\/\/cedrat-technologies.com\/produit\/caracterisation-et-integration-de-piezo-cryogeniques-pour-un-mecanisme-tip-tilt-precis\/"},"modified":"2023-07-20T11:20:39","modified_gmt":"2023-07-20T09:20:39","slug":"caracterisation-et-integration-de-piezo-cryogeniques-pour-un-mecanisme-tip-tilt-precis","status":"publish","type":"product","link":"https:\/\/cedrat-technologies.com\/fr\/produit\/caracterisation-et-integration-de-piezo-cryogeniques-pour-un-mecanisme-tip-tilt-precis\/","title":{"rendered":"Caract\u00e9risation et int\u00e9gration de pi\u00e9zo cryog\u00e9niques pour un m\u00e9canisme tip-tilt pr\u00e9cis"},"content":{"rendered":"","protected":false},"excerpt":{"rendered":"<p>Les applications cryog\u00e9niques de haute pr\u00e9cision sont des domaines exigeants qui requi\u00e8rent une connaissance pr\u00e9cise des performances des composants. Dans le cas des composants actifs tels que les actionneurs pi\u00e9zo\u00e9lectriques, cette connaissance comprend la course, la capacit\u00e9 et le coefficient de dilatation thermique (CTE). Ces param\u00e8tres sont difficiles \u00e0 d\u00e9finir avec pr\u00e9cision en raison de la combinaison de petits d\u00e9placements et de la compatibilit\u00e9 des capteurs \u00e0 basse temp\u00e9rature. Un banc d&rsquo;essai \u00e0 haute stabilit\u00e9 et \u00e0 faible sensibilit\u00e9 est n\u00e9cessaire pour obtenir de tels r\u00e9sultats.<\/p>\n","protected":false},"featured_media":14845,"comment_status":"closed","ping_status":"open","template":"","meta":{"_acf_changed":false,"_seopress_robots_primary_cat":"none","_seopress_titles_title":"","_seopress_titles_desc":"","_seopress_robots_index":"yes"},"product_brand":[],"product_cat":[1383,1385,1491,1390,1464],"product_tag":[],"class_list":{"0":"post-18391","1":"product","2":"type-product","3":"status-publish","4":"has-post-thumbnail","6":"product_cat-actionneurs-lineaires","7":"product_cat-actionneurs-piezo-fr","8":"product_cat-domaine-fr","9":"product_cat-mecanismes","10":"product_cat-publications-fr","12":"first","13":"instock","14":"downloadable","15":"virtual","16":"purchasable","17":"product-type-simple"},"acf":[],"_links":{"self":[{"href":"https:\/\/cedrat-technologies.com\/fr\/wp-json\/wp\/v2\/product\/18391","targetHints":{"allow":["GET"]}}],"collection":[{"href":"https:\/\/cedrat-technologies.com\/fr\/wp-json\/wp\/v2\/product"}],"about":[{"href":"https:\/\/cedrat-technologies.com\/fr\/wp-json\/wp\/v2\/types\/product"}],"replies":[{"embeddable":true,"href":"https:\/\/cedrat-technologies.com\/fr\/wp-json\/wp\/v2\/comments?post=18391"}],"version-history":[{"count":0,"href":"https:\/\/cedrat-technologies.com\/fr\/wp-json\/wp\/v2\/product\/18391\/revisions"}],"wp:featuredmedia":[{"embeddable":true,"href":"https:\/\/cedrat-technologies.com\/fr\/wp-json\/wp\/v2\/media\/14845"}],"wp:attachment":[{"href":"https:\/\/cedrat-technologies.com\/fr\/wp-json\/wp\/v2\/media?parent=18391"}],"wp:term":[{"taxonomy":"product_brand","embeddable":true,"href":"https:\/\/cedrat-technologies.com\/fr\/wp-json\/wp\/v2\/product_brand?post=18391"},{"taxonomy":"product_cat","embeddable":true,"href":"https:\/\/cedrat-technologies.com\/fr\/wp-json\/wp\/v2\/product_cat?post=18391"},{"taxonomy":"product_tag","embeddable":true,"href":"https:\/\/cedrat-technologies.com\/fr\/wp-json\/wp\/v2\/product_tag?post=18391"}],"curies":[{"name":"wp","href":"https:\/\/api.w.org\/{rel}","templated":true}]}}