{"id":18390,"date":"2022-09-08T00:00:00","date_gmt":"2022-09-07T22:00:00","guid":{"rendered":"http:\/\/cedrat-technologies.com\/produit\/micro-interrupteur-spatial-economique-base-sur-un-capteur-de-courants-de-foucault-sans-contact\/"},"modified":"2023-07-20T11:22:13","modified_gmt":"2023-07-20T09:22:13","slug":"micro-interrupteur-spatial-economique-base-sur-un-capteur-de-courants-de-foucault-sans-contact","status":"publish","type":"product","link":"https:\/\/cedrat-technologies.com\/fr\/produit\/micro-interrupteur-spatial-economique-base-sur-un-capteur-de-courants-de-foucault-sans-contact\/","title":{"rendered":"Micro-interrupteur spatial \u00e9conomique bas\u00e9 sur un capteur de courants de Foucault sans contact"},"content":{"rendered":"","protected":false},"excerpt":{"rendered":"<p>Les micro-interrupteurs sont fr\u00e9quemment utilis\u00e9s dans les m\u00e9canismes spatiaux pour assurer la t\u00e9l\u00e9m\u00e9trie ou pour fournir une indication positive de l&rsquo;atteinte d&rsquo;une position ou d&rsquo;une fonction souhait\u00e9e, telle que l&rsquo;ouverture, la fermeture, le pr\u00eat \u00e0 verrouiller, le verrouillage, la fin de course, la position de r\u00e9f\u00e9rence, ainsi que pour diff\u00e9rentes applications de m\u00e9canismes. Les interrupteurs actuels qui reposent sur la technologie \u00e9lectrom\u00e9canique ne sont pas tr\u00e8s fiables et sont sensibles \u00e0 l&rsquo;orientation du montage, aux gradients thermiques et ont un nombre limit\u00e9 de cycles de fonctionnement, ce qui pose un probl\u00e8me pour les applications \u00e0 longue dur\u00e9e de vie, les vibrations de lancement et les chocs.<\/p>\n","protected":false},"featured_media":14842,"comment_status":"closed","ping_status":"open","template":"","meta":{"_acf_changed":false,"_seopress_robots_primary_cat":"none","_seopress_titles_title":"","_seopress_titles_desc":"","_seopress_robots_index":"yes"},"product_brand":[],"product_cat":[1416,1491,1464],"product_tag":[],"class_list":{"0":"post-18390","1":"product","2":"type-product","3":"status-publish","4":"has-post-thumbnail","6":"product_cat-capteurs-fr","7":"product_cat-domaine-fr","8":"product_cat-publications-fr","10":"first","11":"instock","12":"downloadable","13":"virtual","14":"purchasable","15":"product-type-simple"},"acf":[],"_links":{"self":[{"href":"https:\/\/cedrat-technologies.com\/fr\/wp-json\/wp\/v2\/product\/18390","targetHints":{"allow":["GET"]}}],"collection":[{"href":"https:\/\/cedrat-technologies.com\/fr\/wp-json\/wp\/v2\/product"}],"about":[{"href":"https:\/\/cedrat-technologies.com\/fr\/wp-json\/wp\/v2\/types\/product"}],"replies":[{"embeddable":true,"href":"https:\/\/cedrat-technologies.com\/fr\/wp-json\/wp\/v2\/comments?post=18390"}],"version-history":[{"count":0,"href":"https:\/\/cedrat-technologies.com\/fr\/wp-json\/wp\/v2\/product\/18390\/revisions"}],"wp:featuredmedia":[{"embeddable":true,"href":"https:\/\/cedrat-technologies.com\/fr\/wp-json\/wp\/v2\/media\/14842"}],"wp:attachment":[{"href":"https:\/\/cedrat-technologies.com\/fr\/wp-json\/wp\/v2\/media?parent=18390"}],"wp:term":[{"taxonomy":"product_brand","embeddable":true,"href":"https:\/\/cedrat-technologies.com\/fr\/wp-json\/wp\/v2\/product_brand?post=18390"},{"taxonomy":"product_cat","embeddable":true,"href":"https:\/\/cedrat-technologies.com\/fr\/wp-json\/wp\/v2\/product_cat?post=18390"},{"taxonomy":"product_tag","embeddable":true,"href":"https:\/\/cedrat-technologies.com\/fr\/wp-json\/wp\/v2\/product_tag?post=18390"}],"curies":[{"name":"wp","href":"https:\/\/api.w.org\/{rel}","templated":true}]}}