{"id":18388,"date":"2023-06-19T10:29:57","date_gmt":"2023-06-19T08:29:57","guid":{"rendered":"http:\/\/cedrat-technologies.com\/produit\/capteurs-de-couple-sans-contact-bases-sur-la-mesure-de-la-torsion-de-larbre-compatibles-avec-les-arbres-existants\/"},"modified":"2023-07-20T11:20:40","modified_gmt":"2023-07-20T09:20:40","slug":"capteurs-de-couple-sans-contact-bases-sur-la-mesure-de-la-torsion-de-larbre-compatibles-avec-les-arbres-existants","status":"publish","type":"product","link":"https:\/\/cedrat-technologies.com\/fr\/produit\/capteurs-de-couple-sans-contact-bases-sur-la-mesure-de-la-torsion-de-larbre-compatibles-avec-les-arbres-existants\/","title":{"rendered":"Capteurs de couple sans contact bas\u00e9s sur la mesure de la torsion de l&rsquo;arbre, compatibles avec les arbres existants"},"content":{"rendered":"","protected":false},"excerpt":{"rendered":"<p>La mesure du couple est g\u00e9n\u00e9ralement effectu\u00e9e \u00e0 l&rsquo;aide de jauges de contrainte coll\u00e9es sur un arbre. Le principal probl\u00e8me de cette mesure est d\u00fb au fait que ces jauges sont \u00e9galement rotatives et que l&rsquo;int\u00e9gration de l&rsquo;\u00e9lectronique sur des pi\u00e8ces rotatives est incontestablement un point de blocage.<\/p>\n","protected":false},"featured_media":14836,"comment_status":"closed","ping_status":"open","template":"","meta":{"_acf_changed":false,"_seopress_robots_primary_cat":"none","_seopress_titles_title":"","_seopress_titles_desc":"","_seopress_robots_index":"yes"},"product_brand":[],"product_cat":[1416,1491,1499,1406,1464,1403],"product_tag":[],"class_list":{"0":"post-18388","1":"product","2":"type-product","3":"status-publish","4":"has-post-thumbnail","6":"product_cat-capteurs-fr","7":"product_cat-domaine-fr","8":"product_cat-essais-mesures-fr","9":"product_cat-micropositionnement","10":"product_cat-publications-fr","11":"product_cat-systemes-mecatroniques","13":"first","14":"instock","15":"downloadable","16":"virtual","17":"purchasable","18":"product-type-simple"},"acf":[],"_links":{"self":[{"href":"https:\/\/cedrat-technologies.com\/fr\/wp-json\/wp\/v2\/product\/18388","targetHints":{"allow":["GET"]}}],"collection":[{"href":"https:\/\/cedrat-technologies.com\/fr\/wp-json\/wp\/v2\/product"}],"about":[{"href":"https:\/\/cedrat-technologies.com\/fr\/wp-json\/wp\/v2\/types\/product"}],"replies":[{"embeddable":true,"href":"https:\/\/cedrat-technologies.com\/fr\/wp-json\/wp\/v2\/comments?post=18388"}],"version-history":[{"count":0,"href":"https:\/\/cedrat-technologies.com\/fr\/wp-json\/wp\/v2\/product\/18388\/revisions"}],"wp:featuredmedia":[{"embeddable":true,"href":"https:\/\/cedrat-technologies.com\/fr\/wp-json\/wp\/v2\/media\/14836"}],"wp:attachment":[{"href":"https:\/\/cedrat-technologies.com\/fr\/wp-json\/wp\/v2\/media?parent=18388"}],"wp:term":[{"taxonomy":"product_brand","embeddable":true,"href":"https:\/\/cedrat-technologies.com\/fr\/wp-json\/wp\/v2\/product_brand?post=18388"},{"taxonomy":"product_cat","embeddable":true,"href":"https:\/\/cedrat-technologies.com\/fr\/wp-json\/wp\/v2\/product_cat?post=18388"},{"taxonomy":"product_tag","embeddable":true,"href":"https:\/\/cedrat-technologies.com\/fr\/wp-json\/wp\/v2\/product_tag?post=18388"}],"curies":[{"name":"wp","href":"https:\/\/api.w.org\/{rel}","templated":true}]}}