{"id":18387,"date":"2023-06-19T10:29:57","date_gmt":"2023-06-19T08:29:57","guid":{"rendered":"http:\/\/cedrat-technologies.com\/produit\/capteurs-de-position-sans-contact-pour-mecanismes-spatiaux-bases-sur-la-detection-des-courants-de-foucault\/"},"modified":"2023-07-20T11:20:40","modified_gmt":"2023-07-20T09:20:40","slug":"capteurs-de-position-sans-contact-pour-mecanismes-spatiaux-bases-sur-la-detection-des-courants-de-foucault","status":"publish","type":"product","link":"https:\/\/cedrat-technologies.com\/fr\/produit\/capteurs-de-position-sans-contact-pour-mecanismes-spatiaux-bases-sur-la-detection-des-courants-de-foucault\/","title":{"rendered":"Capteurs de position sans contact pour m\u00e9canismes spatiaux bas\u00e9s sur la d\u00e9tection des courants de Foucault"},"content":{"rendered":"","protected":false},"excerpt":{"rendered":"<p>Depuis plus de 20 ans, CTEC participe \u00e0 diverses missions spatiales et fournit des produits con\u00e7us pour des conditions d&rsquo;environnement s\u00e9v\u00e8res (vibrations, chocs, vide, humidit\u00e9, large gamme thermique, y compris cryog\u00e9nique). La technologie des capteurs \u00e0 courants de Foucault (ECS), utilisant des circuits imprim\u00e9s (PCB) pour les bobines imprim\u00e9es, offre \u00e0 la fois une bonne r\u00e9solution\/pr\u00e9cision et une bonne robustesse face aux variations de temp\u00e9rature.<\/p>\n","protected":false},"featured_media":14833,"comment_status":"closed","ping_status":"open","template":"","meta":{"_acf_changed":false,"_seopress_robots_primary_cat":"","_seopress_titles_title":"","_seopress_titles_desc":"","_seopress_robots_index":"yes"},"product_brand":[],"product_cat":[1416,1491,1392,1390,1393,1464,1407,1403],"product_tag":[],"class_list":{"0":"post-18387","1":"product","2":"type-product","3":"status-publish","4":"has-post-thumbnail","6":"product_cat-capteurs-fr","7":"product_cat-domaine-fr","8":"product_cat-fsm-plateformes-tip-tilt","9":"product_cat-mecanismes","10":"product_cat-platines-xy","11":"product_cat-publications-fr","12":"product_cat-systeme-denergie-embarque","13":"product_cat-systemes-mecatroniques","15":"first","16":"instock","17":"downloadable","18":"virtual","19":"purchasable","20":"product-type-simple"},"acf":[],"_links":{"self":[{"href":"https:\/\/cedrat-technologies.com\/fr\/wp-json\/wp\/v2\/product\/18387","targetHints":{"allow":["GET"]}}],"collection":[{"href":"https:\/\/cedrat-technologies.com\/fr\/wp-json\/wp\/v2\/product"}],"about":[{"href":"https:\/\/cedrat-technologies.com\/fr\/wp-json\/wp\/v2\/types\/product"}],"replies":[{"embeddable":true,"href":"https:\/\/cedrat-technologies.com\/fr\/wp-json\/wp\/v2\/comments?post=18387"}],"version-history":[{"count":0,"href":"https:\/\/cedrat-technologies.com\/fr\/wp-json\/wp\/v2\/product\/18387\/revisions"}],"wp:featuredmedia":[{"embeddable":true,"href":"https:\/\/cedrat-technologies.com\/fr\/wp-json\/wp\/v2\/media\/14833"}],"wp:attachment":[{"href":"https:\/\/cedrat-technologies.com\/fr\/wp-json\/wp\/v2\/media?parent=18387"}],"wp:term":[{"taxonomy":"product_brand","embeddable":true,"href":"https:\/\/cedrat-technologies.com\/fr\/wp-json\/wp\/v2\/product_brand?post=18387"},{"taxonomy":"product_cat","embeddable":true,"href":"https:\/\/cedrat-technologies.com\/fr\/wp-json\/wp\/v2\/product_cat?post=18387"},{"taxonomy":"product_tag","embeddable":true,"href":"https:\/\/cedrat-technologies.com\/fr\/wp-json\/wp\/v2\/product_tag?post=18387"}],"curies":[{"name":"wp","href":"https:\/\/api.w.org\/{rel}","templated":true}]}}