{"id":18386,"date":"2019-11-07T00:00:00","date_gmt":"2019-11-06T23:00:00","guid":{"rendered":"http:\/\/cedrat-technologies.com\/produit\/elastographie-a-gradient-constant-avec-des-impulsions-rf-a-controle-optimal\/"},"modified":"2023-07-20T11:22:16","modified_gmt":"2023-07-20T09:22:16","slug":"elastographie-a-gradient-constant-avec-des-impulsions-rf-a-controle-optimal","status":"publish","type":"product","link":"https:\/\/cedrat-technologies.com\/fr\/produit\/elastographie-a-gradient-constant-avec-des-impulsions-rf-a-controle-optimal\/","title":{"rendered":"Elastographie \u00e0 gradient constant avec des impulsions RF \u00e0 contr\u00f4le optimal"},"content":{"rendered":"","protected":false},"excerpt":{"rendered":"<p>Cet article pr\u00e9sente une nouvelle strat\u00e9gie de codage du mouvement pour r\u00e9aliser l&rsquo;\u00e9lastographie par r\u00e9sonance magn\u00e9tique (ERM). Au lieu d&rsquo;utiliser des gradients de codage de mouvement standard, une impulsion RF adapt\u00e9e est con\u00e7ue pour effectuer simultan\u00e9ment une excitation s\u00e9lective et un codage de mouvement en pr\u00e9sence d&rsquo;un gradient constant. L&rsquo;impulsion RF est con\u00e7ue \u00e0 l&rsquo;aide d&rsquo;un algorithme de contr\u00f4le num\u00e9rique optimal, afin d&rsquo;obtenir une distribution de la phase d&rsquo;aimantation qui d\u00e9pend des caract\u00e9ristiques de d\u00e9placement \u00e0 l&rsquo;int\u00e9rieur de chaque voxel. Par cons\u00e9quent, aucun gradient de codage post-excitation n&rsquo;est n\u00e9cessaire. Cela pr\u00e9sente de nombreux avantages, tels que la r\u00e9duction des artefacts de courant de Foucault et l&rsquo;assouplissement de la contrainte sur le taux de commutation maximal des gradients. Elle permet \u00e9galement d&rsquo;effectuer l&rsquo;ERM avec des sch\u00e9mas d&rsquo;acquisition \u00e0 TE ultra-courts, ce qui limite la d\u00e9croissance du T2 et optimise le rapport signal-bruit. La strat\u00e9gie de conception des impulsions est d\u00e9velopp\u00e9e et analys\u00e9e pour clarifier le m\u00e9canisme d&rsquo;encodage. Enfin, des simulations, des exp\u00e9riences sur fant\u00f4me et ex vivo montrent que les rapports phase\/bruit sont am\u00e9lior\u00e9s par rapport aux strat\u00e9gies d&rsquo;encodage standard de l&rsquo;ERM.<\/p>\n","protected":false},"featured_media":3707,"comment_status":"closed","ping_status":"open","template":"","meta":{"_acf_changed":false,"_seopress_robots_primary_cat":"none","_seopress_titles_title":"","_seopress_titles_desc":"","_seopress_robots_index":"yes"},"product_brand":[],"product_cat":[1383,1385,1492,1491,1464],"product_tag":[],"class_list":{"0":"post-18386","1":"product","2":"type-product","3":"status-publish","4":"has-post-thumbnail","6":"product_cat-actionneurs-lineaires","7":"product_cat-actionneurs-piezo-fr","8":"product_cat-biomedical-assistance-personnelle-fr","9":"product_cat-domaine-fr","10":"product_cat-publications-fr","12":"first","13":"instock","14":"downloadable","15":"virtual","16":"purchasable","17":"product-type-simple"},"acf":[],"_links":{"self":[{"href":"https:\/\/cedrat-technologies.com\/fr\/wp-json\/wp\/v2\/product\/18386","targetHints":{"allow":["GET"]}}],"collection":[{"href":"https:\/\/cedrat-technologies.com\/fr\/wp-json\/wp\/v2\/product"}],"about":[{"href":"https:\/\/cedrat-technologies.com\/fr\/wp-json\/wp\/v2\/types\/product"}],"replies":[{"embeddable":true,"href":"https:\/\/cedrat-technologies.com\/fr\/wp-json\/wp\/v2\/comments?post=18386"}],"version-history":[{"count":0,"href":"https:\/\/cedrat-technologies.com\/fr\/wp-json\/wp\/v2\/product\/18386\/revisions"}],"wp:featuredmedia":[{"embeddable":true,"href":"https:\/\/cedrat-technologies.com\/fr\/wp-json\/wp\/v2\/media\/3707"}],"wp:attachment":[{"href":"https:\/\/cedrat-technologies.com\/fr\/wp-json\/wp\/v2\/media?parent=18386"}],"wp:term":[{"taxonomy":"product_brand","embeddable":true,"href":"https:\/\/cedrat-technologies.com\/fr\/wp-json\/wp\/v2\/product_brand?post=18386"},{"taxonomy":"product_cat","embeddable":true,"href":"https:\/\/cedrat-technologies.com\/fr\/wp-json\/wp\/v2\/product_cat?post=18386"},{"taxonomy":"product_tag","embeddable":true,"href":"https:\/\/cedrat-technologies.com\/fr\/wp-json\/wp\/v2\/product_tag?post=18386"}],"curies":[{"name":"wp","href":"https:\/\/api.w.org\/{rel}","templated":true}]}}