{"id":18385,"date":"2019-11-07T00:00:00","date_gmt":"2019-11-06T23:00:00","guid":{"rendered":"http:\/\/cedrat-technologies.com\/produit\/comparaison-de-la-caracterisation-des-proprietes-viscoelastiques-des-fantomes-de-plastisol-avec-lelastographie-par-resonance-magnetique-et-la-rheometrie-a-haute-frequence\/"},"modified":"2023-07-20T11:22:16","modified_gmt":"2023-07-20T09:22:16","slug":"comparaison-de-la-caracterisation-des-proprietes-viscoelastiques-des-fantomes-de-plastisol-avec-lelastographie-par-resonance-magnetique-et-la-rheometrie-a-haute-frequence","status":"publish","type":"product","link":"https:\/\/cedrat-technologies.com\/fr\/produit\/comparaison-de-la-caracterisation-des-proprietes-viscoelastiques-des-fantomes-de-plastisol-avec-lelastographie-par-resonance-magnetique-et-la-rheometrie-a-haute-frequence\/","title":{"rendered":"Comparaison de la caract\u00e9risation des propri\u00e9t\u00e9s visco\u00e9lastiques des fant\u00f4mes de plastisol avec l&rsquo;\u00e9lastographie par r\u00e9sonance magn\u00e9tique et la rh\u00e9om\u00e9trie \u00e0 haute fr\u00e9quence"},"content":{"rendered":"","protected":false},"excerpt":{"rendered":"<p>Cette \u00e9tude vise \u00e0 \u00e9valuer l&rsquo;\u00e9lastographie par r\u00e9sonance magn\u00e9tique (ERM) en tant que technique fiable pour la caract\u00e9risation des propri\u00e9t\u00e9s visco\u00e9lastiques des tissus mous. Trois fant\u00f4mes contenant diff\u00e9rentes concentrations de plastisol et de plastifiant ont \u00e9t\u00e9 pr\u00e9par\u00e9s afin d&rsquo;imiter m\u00e9caniquement un large \u00e9ventail de tissus mous sains et pathologiques. Une fois plac\u00e9 dans un appareil d&rsquo;IRM, chaque \u00e9chantillon a \u00e9t\u00e9 excit\u00e9 par un pilote externe fait maison, induisant des ondes de cisaillement dans le milieu. Les modules de stockage (G&rsquo;) et de perte (G\u00a0\u00bb) de chaque fant\u00f4me ont ensuite \u00e9t\u00e9 reconstruits \u00e0 partir d&rsquo;acquisitions ERM sur une plage de fr\u00e9quences allant de 300 \u00e0 1 000 Hz, en appliquant un algorithme d&rsquo;inversion de Helmholtz en 2D. Parall\u00e8lement, des essais m\u00e9caniques ont \u00e9t\u00e9 r\u00e9alis\u00e9s sur quatre \u00e9chantillons de chaque fant\u00f4me \u00e0 l&rsquo;aide d&rsquo;un pi\u00e9zo-rh\u00e9om\u00e8tre haute fr\u00e9quence (HFR) sur une gamme de fr\u00e9quences chevauchantes (de 160 \u00e0 630 Hz) dans les m\u00eames conditions d&rsquo;essai (temp\u00e9rature, vieillissement). La comparaison entre les deux techniques montre une bonne concordance dans la mesure des modules de stockage et de perte, ce qui souligne la capacit\u00e9 de l&rsquo;ERM \u00e0 \u00e9valuer de mani\u00e8re non invasive le module de cisaillement complexe G* d&rsquo;un milieu et son int\u00e9r\u00eat pour l&rsquo;\u00e9tude des propri\u00e9t\u00e9s visco\u00e9lastiques des tissus vivants. En outre, les fant\u00f4mes \u00e0 concentrations variables de plastisol utilis\u00e9s dans cette \u00e9tude pr\u00e9sentent des propri\u00e9t\u00e9s rh\u00e9ologiques int\u00e9ressantes, qui en font de bons candidats pour simuler la grande vari\u00e9t\u00e9 de comportements visco\u00e9lastiques des tissus mous sains et pathologiques.<\/p>\n","protected":false},"featured_media":3676,"comment_status":"closed","ping_status":"open","template":"","meta":{"_acf_changed":false,"_seopress_robots_primary_cat":"none","_seopress_titles_title":"","_seopress_titles_desc":"","_seopress_robots_index":"yes"},"product_brand":[],"product_cat":[1383,1385,1492,1491,1464],"product_tag":[],"class_list":{"0":"post-18385","1":"product","2":"type-product","3":"status-publish","4":"has-post-thumbnail","6":"product_cat-actionneurs-lineaires","7":"product_cat-actionneurs-piezo-fr","8":"product_cat-biomedical-assistance-personnelle-fr","9":"product_cat-domaine-fr","10":"product_cat-publications-fr","12":"first","13":"instock","14":"downloadable","15":"virtual","16":"purchasable","17":"product-type-simple"},"acf":[],"_links":{"self":[{"href":"https:\/\/cedrat-technologies.com\/fr\/wp-json\/wp\/v2\/product\/18385","targetHints":{"allow":["GET"]}}],"collection":[{"href":"https:\/\/cedrat-technologies.com\/fr\/wp-json\/wp\/v2\/product"}],"about":[{"href":"https:\/\/cedrat-technologies.com\/fr\/wp-json\/wp\/v2\/types\/product"}],"replies":[{"embeddable":true,"href":"https:\/\/cedrat-technologies.com\/fr\/wp-json\/wp\/v2\/comments?post=18385"}],"version-history":[{"count":0,"href":"https:\/\/cedrat-technologies.com\/fr\/wp-json\/wp\/v2\/product\/18385\/revisions"}],"wp:featuredmedia":[{"embeddable":true,"href":"https:\/\/cedrat-technologies.com\/fr\/wp-json\/wp\/v2\/media\/3676"}],"wp:attachment":[{"href":"https:\/\/cedrat-technologies.com\/fr\/wp-json\/wp\/v2\/media?parent=18385"}],"wp:term":[{"taxonomy":"product_brand","embeddable":true,"href":"https:\/\/cedrat-technologies.com\/fr\/wp-json\/wp\/v2\/product_brand?post=18385"},{"taxonomy":"product_cat","embeddable":true,"href":"https:\/\/cedrat-technologies.com\/fr\/wp-json\/wp\/v2\/product_cat?post=18385"},{"taxonomy":"product_tag","embeddable":true,"href":"https:\/\/cedrat-technologies.com\/fr\/wp-json\/wp\/v2\/product_tag?post=18385"}],"curies":[{"name":"wp","href":"https:\/\/api.w.org\/{rel}","templated":true}]}}