{"id":18384,"date":"2023-06-19T10:29:57","date_gmt":"2023-06-19T08:29:57","guid":{"rendered":"http:\/\/cedrat-technologies.com\/produit\/chaine-dactionnement-piezo-electrique-compacte-legere-et-efficace-pour-les-applications-aeronautiques\/"},"modified":"2023-07-20T11:21:17","modified_gmt":"2023-07-20T09:21:17","slug":"chaine-dactionnement-piezo-electrique-compacte-legere-et-efficace-pour-les-applications-aeronautiques","status":"publish","type":"product","link":"https:\/\/cedrat-technologies.com\/fr\/produit\/chaine-dactionnement-piezo-electrique-compacte-legere-et-efficace-pour-les-applications-aeronautiques\/","title":{"rendered":"Cha\u00eene d&rsquo;actionnement pi\u00e9zo-\u00e9lectrique compacte, l\u00e9g\u00e8re et efficace pour les applications a\u00e9ronautiques"},"content":{"rendered":"","protected":false},"excerpt":{"rendered":"<p>De nombreuses \u00e9tudes pass\u00e9es et en cours se concentrent sur l&rsquo;utilisation de actionneurs pi\u00e9zo pour des applications a\u00e9ronautiques. L&rsquo;un des sujets les plus en vogue est l&rsquo;utilisation de ces dispositifs pour le contr\u00f4le actif de l&rsquo;\u00e9coulement dans les avions, afin de r\u00e9duire la consommation de carburant et le bruit. Cependant, la mise en \u0153uvre de ces syst\u00e8mes dans les avions souffre d&rsquo;un manque de maturit\u00e9 par rapport aux contraintes a\u00e9ronautiques, qui sont : une grande efficacit\u00e9, la compacit\u00e9 et la l\u00e9g\u00e8ret\u00e9. En g\u00e9n\u00e9ral, les actionneurs sont compos\u00e9s de c\u00e9ramiques int\u00e9gr\u00e9es dans une coque m\u00e9tallique, ce qui les rend lourds. Pour piloter les actionneurs, les amplificateurs de puissance utilis\u00e9s sont g\u00e9n\u00e9ralement des amplificateurs lin\u00e9aires, qui ont un faible rendement, ce qui conduit \u00e0 des conceptions encombrantes en raison de gros dissipateurs thermiques. Cet article pr\u00e9sente les d\u00e9veloppements r\u00e9cents qui ont \u00e9t\u00e9 r\u00e9alis\u00e9s pour faire face \u00e0 ces probl\u00e8mes afin d&rsquo;obtenir une cha\u00eene d&rsquo;actionneurs piezo adapt\u00e9e aux applications a\u00e9ronautiques.<\/p>\n","protected":false},"featured_media":14828,"comment_status":"closed","ping_status":"open","template":"","meta":{"_acf_changed":false,"_seopress_robots_primary_cat":"","_seopress_titles_title":"","_seopress_titles_desc":"","_seopress_robots_index":"yes"},"product_brand":[],"product_cat":[1383,1385,1491,1404,1464,1403],"product_tag":[],"class_list":{"0":"post-18384","1":"product","2":"type-product","3":"status-publish","4":"has-post-thumbnail","6":"product_cat-actionneurs-lineaires","7":"product_cat-actionneurs-piezo-fr","8":"product_cat-domaine-fr","9":"product_cat-pilotage-controle","10":"product_cat-publications-fr","11":"product_cat-systemes-mecatroniques","13":"first","14":"instock","15":"downloadable","16":"virtual","17":"purchasable","18":"product-type-simple"},"acf":[],"_links":{"self":[{"href":"https:\/\/cedrat-technologies.com\/fr\/wp-json\/wp\/v2\/product\/18384","targetHints":{"allow":["GET"]}}],"collection":[{"href":"https:\/\/cedrat-technologies.com\/fr\/wp-json\/wp\/v2\/product"}],"about":[{"href":"https:\/\/cedrat-technologies.com\/fr\/wp-json\/wp\/v2\/types\/product"}],"replies":[{"embeddable":true,"href":"https:\/\/cedrat-technologies.com\/fr\/wp-json\/wp\/v2\/comments?post=18384"}],"version-history":[{"count":0,"href":"https:\/\/cedrat-technologies.com\/fr\/wp-json\/wp\/v2\/product\/18384\/revisions"}],"wp:featuredmedia":[{"embeddable":true,"href":"https:\/\/cedrat-technologies.com\/fr\/wp-json\/wp\/v2\/media\/14828"}],"wp:attachment":[{"href":"https:\/\/cedrat-technologies.com\/fr\/wp-json\/wp\/v2\/media?parent=18384"}],"wp:term":[{"taxonomy":"product_brand","embeddable":true,"href":"https:\/\/cedrat-technologies.com\/fr\/wp-json\/wp\/v2\/product_brand?post=18384"},{"taxonomy":"product_cat","embeddable":true,"href":"https:\/\/cedrat-technologies.com\/fr\/wp-json\/wp\/v2\/product_cat?post=18384"},{"taxonomy":"product_tag","embeddable":true,"href":"https:\/\/cedrat-technologies.com\/fr\/wp-json\/wp\/v2\/product_tag?post=18384"}],"curies":[{"name":"wp","href":"https:\/\/api.w.org\/{rel}","templated":true}]}}