{"id":18383,"date":"2016-01-07T00:00:00","date_gmt":"2016-01-06T23:00:00","guid":{"rendered":"http:\/\/cedrat-technologies.com\/produit\/chaine-dactionnement-a-fer-mobile-compacte-efficace-et-controlable-pour-applications-industrielles\/"},"modified":"2023-07-20T11:22:21","modified_gmt":"2023-07-20T09:22:21","slug":"chaine-dactionnement-a-fer-mobile-compacte-efficace-et-controlable-pour-applications-industrielles","status":"publish","type":"product","link":"https:\/\/cedrat-technologies.com\/fr\/produit\/chaine-dactionnement-a-fer-mobile-compacte-efficace-et-controlable-pour-applications-industrielles\/","title":{"rendered":"Cha\u00eene d&rsquo;actionnement \u00e0 fer mobile compacte, efficace et contr\u00f4lable pour applications industrielles"},"content":{"rendered":"","protected":false},"excerpt":{"rendered":"<p>Dans le domaine de l&rsquo;a\u00e9ronautique, certaines pi\u00e8ces des moteurs d&rsquo;avion sont d\u00e9licates et co\u00fbteuses \u00e0 fabriquer. Dans la turbine basse pression, des pi\u00e8ces tr\u00e8s fines obtenues par tournage n\u00e9cessitent un support complexe. Les travaux de R&#038;D men\u00e9s ici visent \u00e0 am\u00e9liorer le processus de fabrication par la r\u00e9duction des vibrations et la modification active des conditions de serrage. \u00c0 cette fin, Cedrat Technologies a con\u00e7u un nouvel actionneur innovant \u00e0 fer mobile contr\u00f4l\u00e9 (MICA), qui est int\u00e9gr\u00e9 au support de la pi\u00e8ce \u00e0 usiner. Dans la premi\u00e8re partie, les objectifs de l&rsquo;application et les principales particularit\u00e9s de l&rsquo;actionneur magn\u00e9tique MICA200M d\u00e9velopp\u00e9 sont pr\u00e9sent\u00e9s. Pour \u00eatre facilement pilot\u00e9e en boucle ferm\u00e9e, la force est con\u00e7ue pour \u00eatre lin\u00e9aire avec le courant et ind\u00e9pendante de la position de l&rsquo;interface. La course du MICA200M est de \u00b12,5 mm et sa constante de force atteint 11,6 N\/A pour une plage de courant de \u00b115A<br \/>\nen r\u00e9gime permanent. La force nominale de 174N pour seulement 1 dm3 et 3,2kg facilite l&rsquo;int\u00e9gration et permet une acc\u00e9l\u00e9ration jusqu&rsquo;\u00e0 132G en r\u00e9gime transitoire gr\u00e2ce \u00e0 la masse mobile r\u00e9duite de 0,25kg. Dans la deuxi\u00e8me partie, les r\u00e9sultats de la caract\u00e9risation exp\u00e9rimentale compl\u00e8te sont d\u00e9taill\u00e9s. Enfin, une analyse comparative est effectu\u00e9e avec des actionneurs \u00e0 bobine mobile COTS et l&rsquo;article conclut sur les avantages du MICA200M.<\/p>\n","protected":false},"featured_media":14825,"comment_status":"closed","ping_status":"open","template":"","meta":{"_acf_changed":false,"_seopress_robots_primary_cat":"none","_seopress_titles_title":"","_seopress_titles_desc":"","_seopress_robots_index":"yes"},"product_brand":[],"product_cat":[1383,1384,1413,1491,1497,1464],"product_tag":[],"class_list":{"0":"post-18383","1":"product","2":"type-product","3":"status-publish","4":"has-post-thumbnail","6":"product_cat-actionneurs-lineaires","7":"product_cat-actionneurs-lineaires-magnetiques","8":"product_cat-controle-actif-de-vibration","9":"product_cat-domaine-fr","10":"product_cat-productique-machine-outil-fr","11":"product_cat-publications-fr","13":"first","14":"instock","15":"downloadable","16":"virtual","17":"purchasable","18":"product-type-simple"},"acf":[],"_links":{"self":[{"href":"https:\/\/cedrat-technologies.com\/fr\/wp-json\/wp\/v2\/product\/18383","targetHints":{"allow":["GET"]}}],"collection":[{"href":"https:\/\/cedrat-technologies.com\/fr\/wp-json\/wp\/v2\/product"}],"about":[{"href":"https:\/\/cedrat-technologies.com\/fr\/wp-json\/wp\/v2\/types\/product"}],"replies":[{"embeddable":true,"href":"https:\/\/cedrat-technologies.com\/fr\/wp-json\/wp\/v2\/comments?post=18383"}],"version-history":[{"count":0,"href":"https:\/\/cedrat-technologies.com\/fr\/wp-json\/wp\/v2\/product\/18383\/revisions"}],"wp:featuredmedia":[{"embeddable":true,"href":"https:\/\/cedrat-technologies.com\/fr\/wp-json\/wp\/v2\/media\/14825"}],"wp:attachment":[{"href":"https:\/\/cedrat-technologies.com\/fr\/wp-json\/wp\/v2\/media?parent=18383"}],"wp:term":[{"taxonomy":"product_brand","embeddable":true,"href":"https:\/\/cedrat-technologies.com\/fr\/wp-json\/wp\/v2\/product_brand?post=18383"},{"taxonomy":"product_cat","embeddable":true,"href":"https:\/\/cedrat-technologies.com\/fr\/wp-json\/wp\/v2\/product_cat?post=18383"},{"taxonomy":"product_tag","embeddable":true,"href":"https:\/\/cedrat-technologies.com\/fr\/wp-json\/wp\/v2\/product_tag?post=18383"}],"curies":[{"name":"wp","href":"https:\/\/api.w.org\/{rel}","templated":true}]}}