{"id":18382,"date":"2023-06-19T10:29:57","date_gmt":"2023-06-19T08:29:57","guid":{"rendered":"http:\/\/cedrat-technologies.com\/produit\/balance-piezoelectrique-compacte-et-sensible-pour-la-mesure-des-materiaux-non-consolides-dans-lespace\/"},"modified":"2023-07-20T11:21:17","modified_gmt":"2023-07-20T09:21:17","slug":"balance-piezoelectrique-compacte-et-sensible-pour-la-mesure-des-materiaux-non-consolides-dans-lespace","status":"publish","type":"product","link":"https:\/\/cedrat-technologies.com\/fr\/produit\/balance-piezoelectrique-compacte-et-sensible-pour-la-mesure-des-materiaux-non-consolides-dans-lespace\/","title":{"rendered":"Balance pi\u00e9zo\u00e9lectrique compacte et sensible pour la mesure des mat\u00e9riaux non consolid\u00e9s dans l&rsquo;espace"},"content":{"rendered":"","protected":false},"excerpt":{"rendered":"<p>Dans de nombreux instruments in situ, les informations relatives \u00e0 la masse de l&rsquo;\u00e9chantillon pourraient faciliter l&rsquo;interpr\u00e9tation des donn\u00e9es et les instruments de dosage pourraient n\u00e9cessiter une \u00e9valuation pr\u00e9cise de la masse de l&rsquo;\u00e9chantillon avant de le distribuer. En outre, lors d&rsquo;\u00e9ventuelles missions de retour d&rsquo;\u00e9chantillons, une m\u00e9thode permettant d&rsquo;\u00e9valuer directement la taille de l&rsquo;\u00e9chantillon captur\u00e9 serait n\u00e9cessaire pour d\u00e9terminer si l&rsquo;\u00e9chantillonneur peut retourner sur place ou s&rsquo;il doit continuer \u00e0 tenter d&rsquo;acqu\u00e9rir un \u00e9chantillon.<\/p>\n","protected":false},"featured_media":3521,"comment_status":"closed","ping_status":"open","template":"","meta":{"_acf_changed":false,"_seopress_robots_primary_cat":"","_seopress_titles_title":"","_seopress_titles_desc":"","_seopress_robots_index":"yes"},"product_brand":[],"product_cat":[1383,1385,1491,1464],"product_tag":[],"class_list":{"0":"post-18382","1":"product","2":"type-product","3":"status-publish","4":"has-post-thumbnail","6":"product_cat-actionneurs-lineaires","7":"product_cat-actionneurs-piezo-fr","8":"product_cat-domaine-fr","9":"product_cat-publications-fr","11":"first","12":"instock","13":"downloadable","14":"virtual","15":"purchasable","16":"product-type-simple"},"acf":[],"_links":{"self":[{"href":"https:\/\/cedrat-technologies.com\/fr\/wp-json\/wp\/v2\/product\/18382","targetHints":{"allow":["GET"]}}],"collection":[{"href":"https:\/\/cedrat-technologies.com\/fr\/wp-json\/wp\/v2\/product"}],"about":[{"href":"https:\/\/cedrat-technologies.com\/fr\/wp-json\/wp\/v2\/types\/product"}],"replies":[{"embeddable":true,"href":"https:\/\/cedrat-technologies.com\/fr\/wp-json\/wp\/v2\/comments?post=18382"}],"version-history":[{"count":0,"href":"https:\/\/cedrat-technologies.com\/fr\/wp-json\/wp\/v2\/product\/18382\/revisions"}],"wp:featuredmedia":[{"embeddable":true,"href":"https:\/\/cedrat-technologies.com\/fr\/wp-json\/wp\/v2\/media\/3521"}],"wp:attachment":[{"href":"https:\/\/cedrat-technologies.com\/fr\/wp-json\/wp\/v2\/media?parent=18382"}],"wp:term":[{"taxonomy":"product_brand","embeddable":true,"href":"https:\/\/cedrat-technologies.com\/fr\/wp-json\/wp\/v2\/product_brand?post=18382"},{"taxonomy":"product_cat","embeddable":true,"href":"https:\/\/cedrat-technologies.com\/fr\/wp-json\/wp\/v2\/product_cat?post=18382"},{"taxonomy":"product_tag","embeddable":true,"href":"https:\/\/cedrat-technologies.com\/fr\/wp-json\/wp\/v2\/product_tag?post=18382"}],"curies":[{"name":"wp","href":"https:\/\/api.w.org\/{rel}","templated":true}]}}