{"id":18381,"date":"2023-06-19T10:29:57","date_gmt":"2023-06-19T08:29:57","guid":{"rendered":"http:\/\/cedrat-technologies.com\/produit\/caracterisation-des-fluides-magneto-rheologiques-pour-les-applications-dactionneurs\/"},"modified":"2023-07-20T11:21:18","modified_gmt":"2023-07-20T09:21:18","slug":"caracterisation-des-fluides-magneto-rheologiques-pour-les-applications-dactionneurs","status":"publish","type":"product","link":"https:\/\/cedrat-technologies.com\/fr\/produit\/caracterisation-des-fluides-magneto-rheologiques-pour-les-applications-dactionneurs\/","title":{"rendered":"Caract\u00e9risation des fluides magn\u00e9to-rh\u00e9ologiques pour les applications d&rsquo;actionneurs"},"content":{"rendered":"","protected":false},"excerpt":{"rendered":"<p>Les fluides magn\u00e9torh\u00e9ologiques (MRF) sont des fluides \u00e0 contr\u00f4le magn\u00e9tique qui trouvent de plus en plus d&rsquo;applications industrielles dans les fonctions d&rsquo;actionnement. Il s&rsquo;agit notamment d&rsquo;absorbeurs de chocs, d&rsquo;amortisseurs semi-actifs, d&#8217;embrayages, de freins, d&rsquo;actionneurs et de dispositifs haptiques. Cedrat Technologies a \u00e9tudi\u00e9 plusieurs de ces applications pour ses clients industriels et a mis au point un banc d&rsquo;essai ax\u00e9 sur les dispositifs afin de caract\u00e9riser les propri\u00e9t\u00e9s magn\u00e9to-m\u00e9caniques des MRF, telles que la courbe d&rsquo;aimantation, la limite d&rsquo;\u00e9lasticit\u00e9 &#8230;..<\/p>\n","protected":false},"featured_media":14821,"comment_status":"closed","ping_status":"open","template":"","meta":{"_acf_changed":false,"_seopress_robots_primary_cat":"none","_seopress_titles_title":"","_seopress_titles_desc":"","_seopress_robots_index":"yes"},"product_brand":[],"product_cat":[1383,1384,1411,1464],"product_tag":[],"class_list":{"0":"post-18381","1":"product","2":"type-product","3":"status-publish","4":"has-post-thumbnail","6":"product_cat-actionneurs-lineaires","7":"product_cat-actionneurs-lineaires-magnetiques","8":"product_cat-materiaux-essais","9":"product_cat-publications-fr","11":"first","12":"instock","13":"downloadable","14":"virtual","15":"purchasable","16":"product-type-simple"},"acf":[],"_links":{"self":[{"href":"https:\/\/cedrat-technologies.com\/fr\/wp-json\/wp\/v2\/product\/18381","targetHints":{"allow":["GET"]}}],"collection":[{"href":"https:\/\/cedrat-technologies.com\/fr\/wp-json\/wp\/v2\/product"}],"about":[{"href":"https:\/\/cedrat-technologies.com\/fr\/wp-json\/wp\/v2\/types\/product"}],"replies":[{"embeddable":true,"href":"https:\/\/cedrat-technologies.com\/fr\/wp-json\/wp\/v2\/comments?post=18381"}],"version-history":[{"count":0,"href":"https:\/\/cedrat-technologies.com\/fr\/wp-json\/wp\/v2\/product\/18381\/revisions"}],"wp:featuredmedia":[{"embeddable":true,"href":"https:\/\/cedrat-technologies.com\/fr\/wp-json\/wp\/v2\/media\/14821"}],"wp:attachment":[{"href":"https:\/\/cedrat-technologies.com\/fr\/wp-json\/wp\/v2\/media?parent=18381"}],"wp:term":[{"taxonomy":"product_brand","embeddable":true,"href":"https:\/\/cedrat-technologies.com\/fr\/wp-json\/wp\/v2\/product_brand?post=18381"},{"taxonomy":"product_cat","embeddable":true,"href":"https:\/\/cedrat-technologies.com\/fr\/wp-json\/wp\/v2\/product_cat?post=18381"},{"taxonomy":"product_tag","embeddable":true,"href":"https:\/\/cedrat-technologies.com\/fr\/wp-json\/wp\/v2\/product_tag?post=18381"}],"curies":[{"name":"wp","href":"https:\/\/api.w.org\/{rel}","templated":true}]}}