{"id":18380,"date":"2023-06-19T10:29:57","date_gmt":"2023-06-19T08:29:57","guid":{"rendered":"http:\/\/cedrat-technologies.com\/produit\/cardiolock-un-stabilisateur-cardiaque-actif\/"},"modified":"2023-07-20T11:21:18","modified_gmt":"2023-07-20T09:21:18","slug":"cardiolock-un-stabilisateur-cardiaque-actif","status":"publish","type":"product","link":"https:\/\/cedrat-technologies.com\/fr\/produit\/cardiolock-un-stabilisateur-cardiaque-actif\/","title":{"rendered":"Cardiolock : un stabilisateur cardiaque actif"},"content":{"rendered":"","protected":false},"excerpt":{"rendered":"<p>Le pontage aorto-coronarien sans pompe est encore aujourd&rsquo;hui une intervention techniquement difficile. En effet, il a \u00e9t\u00e9 d\u00e9montr\u00e9 que les stabilisateurs m\u00e9caniques utilis\u00e9s pour supprimer localement l&rsquo;excursion du c\u0153ur pr\u00e9sentent un mouvement r\u00e9siduel significatif. Nous proposons donc un nouveau stabilisateur actif capable de compenser ce mouvement r\u00e9siduel. L&rsquo;interaction entre le c\u0153ur et un stabilisateur m\u00e9canique est d&rsquo;abord \u00e9valu\u00e9e in vivo sur un mod\u00e8le animal. Ensuite, nous pr\u00e9sentons le principe de la stabilisation active, qui repose sur le contr\u00f4le par vision \u00e0 haute vitesse d&rsquo;un m\u00e9canisme souple. Des r\u00e9sultats exp\u00e9rimentaux in vivo sont donn\u00e9s en utilisant un prototype dont la structure est compatible avec une approche mini-invasive.<\/p>\n","protected":false},"featured_media":14818,"comment_status":"closed","ping_status":"open","template":"","meta":{"_acf_changed":false,"_seopress_robots_primary_cat":"none","_seopress_titles_title":"","_seopress_titles_desc":"","_seopress_robots_index":"yes"},"product_brand":[],"product_cat":[1492,1413,1491,1390,1464,1403],"product_tag":[],"class_list":{"0":"post-18380","1":"product","2":"type-product","3":"status-publish","4":"has-post-thumbnail","6":"product_cat-biomedical-assistance-personnelle-fr","7":"product_cat-controle-actif-de-vibration","8":"product_cat-domaine-fr","9":"product_cat-mecanismes","10":"product_cat-publications-fr","11":"product_cat-systemes-mecatroniques","13":"first","14":"instock","15":"downloadable","16":"virtual","17":"purchasable","18":"product-type-simple"},"acf":[],"_links":{"self":[{"href":"https:\/\/cedrat-technologies.com\/fr\/wp-json\/wp\/v2\/product\/18380","targetHints":{"allow":["GET"]}}],"collection":[{"href":"https:\/\/cedrat-technologies.com\/fr\/wp-json\/wp\/v2\/product"}],"about":[{"href":"https:\/\/cedrat-technologies.com\/fr\/wp-json\/wp\/v2\/types\/product"}],"replies":[{"embeddable":true,"href":"https:\/\/cedrat-technologies.com\/fr\/wp-json\/wp\/v2\/comments?post=18380"}],"version-history":[{"count":0,"href":"https:\/\/cedrat-technologies.com\/fr\/wp-json\/wp\/v2\/product\/18380\/revisions"}],"wp:featuredmedia":[{"embeddable":true,"href":"https:\/\/cedrat-technologies.com\/fr\/wp-json\/wp\/v2\/media\/14818"}],"wp:attachment":[{"href":"https:\/\/cedrat-technologies.com\/fr\/wp-json\/wp\/v2\/media?parent=18380"}],"wp:term":[{"taxonomy":"product_brand","embeddable":true,"href":"https:\/\/cedrat-technologies.com\/fr\/wp-json\/wp\/v2\/product_brand?post=18380"},{"taxonomy":"product_cat","embeddable":true,"href":"https:\/\/cedrat-technologies.com\/fr\/wp-json\/wp\/v2\/product_cat?post=18380"},{"taxonomy":"product_tag","embeddable":true,"href":"https:\/\/cedrat-technologies.com\/fr\/wp-json\/wp\/v2\/product_tag?post=18380"}],"curies":[{"name":"wp","href":"https:\/\/api.w.org\/{rel}","templated":true}]}}