{"id":18379,"date":"2023-06-19T10:29:57","date_gmt":"2023-06-19T08:29:57","guid":{"rendered":"http:\/\/cedrat-technologies.com\/produit\/capteur-electromagnetique-effort-et-applications\/"},"modified":"2023-07-20T11:20:38","modified_gmt":"2023-07-20T09:20:38","slug":"capteur-electromagnetique-effort-et-applications","status":"publish","type":"product","link":"https:\/\/cedrat-technologies.com\/fr\/produit\/capteur-electromagnetique-effort-et-applications\/","title":{"rendered":"Capteur \u00e9lectromagn\u00e9tique effort et applications"},"content":{"rendered":"","protected":false},"excerpt":{"rendered":"<p>Cet article traite d&rsquo;un capteur de contrainte pour c\u00e2bles qui a \u00e9t\u00e9 con\u00e7u, construit et test\u00e9. Il est bas\u00e9 sur un effet magn\u00e9tostrictif sp\u00e9cial des mat\u00e9riaux ferromagn\u00e9tiques comme les aciers \u00e0 haute limite \u00e9lastique utilis\u00e9s pour les c\u00e2bles de ponts ou le b\u00e9ton pr\u00e9contraint.<\/p>\n","protected":false},"featured_media":14815,"comment_status":"closed","ping_status":"open","template":"","meta":{"_acf_changed":false,"_seopress_robots_primary_cat":"none","_seopress_titles_title":"","_seopress_titles_desc":"","_seopress_robots_index":"yes"},"product_brand":[],"product_cat":[1416,1464,1408,1410],"product_tag":[],"class_list":{"0":"post-18379","1":"product","2":"type-product","3":"status-publish","4":"has-post-thumbnail","6":"product_cat-capteurs-fr","7":"product_cat-publications-fr","8":"product_cat-transducteurs-ndt-shm","9":"product_cat-transducteurs-ultrasoniques","11":"first","12":"instock","13":"downloadable","14":"virtual","15":"purchasable","16":"product-type-simple"},"acf":[],"_links":{"self":[{"href":"https:\/\/cedrat-technologies.com\/fr\/wp-json\/wp\/v2\/product\/18379","targetHints":{"allow":["GET"]}}],"collection":[{"href":"https:\/\/cedrat-technologies.com\/fr\/wp-json\/wp\/v2\/product"}],"about":[{"href":"https:\/\/cedrat-technologies.com\/fr\/wp-json\/wp\/v2\/types\/product"}],"replies":[{"embeddable":true,"href":"https:\/\/cedrat-technologies.com\/fr\/wp-json\/wp\/v2\/comments?post=18379"}],"version-history":[{"count":0,"href":"https:\/\/cedrat-technologies.com\/fr\/wp-json\/wp\/v2\/product\/18379\/revisions"}],"wp:featuredmedia":[{"embeddable":true,"href":"https:\/\/cedrat-technologies.com\/fr\/wp-json\/wp\/v2\/media\/14815"}],"wp:attachment":[{"href":"https:\/\/cedrat-technologies.com\/fr\/wp-json\/wp\/v2\/media?parent=18379"}],"wp:term":[{"taxonomy":"product_brand","embeddable":true,"href":"https:\/\/cedrat-technologies.com\/fr\/wp-json\/wp\/v2\/product_brand?post=18379"},{"taxonomy":"product_cat","embeddable":true,"href":"https:\/\/cedrat-technologies.com\/fr\/wp-json\/wp\/v2\/product_cat?post=18379"},{"taxonomy":"product_tag","embeddable":true,"href":"https:\/\/cedrat-technologies.com\/fr\/wp-json\/wp\/v2\/product_tag?post=18379"}],"curies":[{"name":"wp","href":"https:\/\/api.w.org\/{rel}","templated":true}]}}