{"id":18378,"date":"2012-01-12T00:00:00","date_gmt":"2012-01-11T23:00:00","guid":{"rendered":"http:\/\/cedrat-technologies.com\/produit\/bruce-broche-retractable-utilisant-une-commande-electromagnetique\/"},"modified":"2023-07-20T11:22:23","modified_gmt":"2023-07-20T09:22:23","slug":"bruce-broche-retractable-utilisant-une-commande-electromagnetique","status":"publish","type":"product","link":"https:\/\/cedrat-technologies.com\/fr\/produit\/bruce-broche-retractable-utilisant-une-commande-electromagnetique\/","title":{"rendered":"BRUCE &#8211; Broche R\u00e9tractable Utilisant une Commande Electromagn\u00e9tique"},"content":{"rendered":"","protected":false},"excerpt":{"rendered":"<p>Les extracteurs de broches sont utilis\u00e9s pour maintenir, verrouiller ou s\u00e9curiser les pi\u00e8ces d\u00e9ployables ou mobiles des engins spatiaux pendant leur lancement. Ces actionneurs \u00ab\u00a0one shot\u00a0\u00bb \u00e9taient autrefois bas\u00e9s sur des charges explosives. Les caract\u00e9ristiques importantes des extracteurs de broches sont leur force de r\u00e9traction, qui doit \u00eatre suffisante pour extraire la broche du m\u00e9canisme de verrouillage, leur force radiale maximale, qui limite la taille du syst\u00e8me s\u00e9curis\u00e9, ainsi que leurs dimensions et leur poids. La possibilit\u00e9 de r\u00e9initialiser le m\u00e9canisme est \u00e9galement un avantage appr\u00e9ci\u00e9. A la demande du CNES, l&rsquo;agence spatiale fran\u00e7aise, CEDRAT TECHNOLOGIES a con\u00e7u un extracteur de broches \u00e9lectromagn\u00e9tique r\u00e9initialisable, appel\u00e9 BRUCE.<\/p>\n","protected":false},"featured_media":14812,"comment_status":"closed","ping_status":"open","template":"","meta":{"_acf_changed":false,"_seopress_robots_primary_cat":"none","_seopress_titles_title":"","_seopress_titles_desc":"","_seopress_robots_index":"yes"},"product_brand":[],"product_cat":[1383,1385,1491,1390,1464],"product_tag":[],"class_list":{"0":"post-18378","1":"product","2":"type-product","3":"status-publish","4":"has-post-thumbnail","6":"product_cat-actionneurs-lineaires","7":"product_cat-actionneurs-piezo-fr","8":"product_cat-domaine-fr","9":"product_cat-mecanismes","10":"product_cat-publications-fr","12":"first","13":"instock","14":"downloadable","15":"virtual","16":"purchasable","17":"product-type-simple"},"acf":[],"_links":{"self":[{"href":"https:\/\/cedrat-technologies.com\/fr\/wp-json\/wp\/v2\/product\/18378","targetHints":{"allow":["GET"]}}],"collection":[{"href":"https:\/\/cedrat-technologies.com\/fr\/wp-json\/wp\/v2\/product"}],"about":[{"href":"https:\/\/cedrat-technologies.com\/fr\/wp-json\/wp\/v2\/types\/product"}],"replies":[{"embeddable":true,"href":"https:\/\/cedrat-technologies.com\/fr\/wp-json\/wp\/v2\/comments?post=18378"}],"version-history":[{"count":0,"href":"https:\/\/cedrat-technologies.com\/fr\/wp-json\/wp\/v2\/product\/18378\/revisions"}],"wp:featuredmedia":[{"embeddable":true,"href":"https:\/\/cedrat-technologies.com\/fr\/wp-json\/wp\/v2\/media\/14812"}],"wp:attachment":[{"href":"https:\/\/cedrat-technologies.com\/fr\/wp-json\/wp\/v2\/media?parent=18378"}],"wp:term":[{"taxonomy":"product_brand","embeddable":true,"href":"https:\/\/cedrat-technologies.com\/fr\/wp-json\/wp\/v2\/product_brand?post=18378"},{"taxonomy":"product_cat","embeddable":true,"href":"https:\/\/cedrat-technologies.com\/fr\/wp-json\/wp\/v2\/product_cat?post=18378"},{"taxonomy":"product_tag","embeddable":true,"href":"https:\/\/cedrat-technologies.com\/fr\/wp-json\/wp\/v2\/product_tag?post=18378"}],"curies":[{"name":"wp","href":"https:\/\/api.w.org\/{rel}","templated":true}]}}