{"id":18377,"date":"2023-06-19T10:29:41","date_gmt":"2023-06-19T08:29:41","guid":{"rendered":"http:\/\/cedrat-technologies.com\/produit\/micro-actionneur-bistable-pour-leconomie-denergie\/"},"modified":"2023-07-20T11:21:19","modified_gmt":"2023-07-20T09:21:19","slug":"micro-actionneur-bistable-pour-leconomie-denergie","status":"publish","type":"product","link":"https:\/\/cedrat-technologies.com\/fr\/produit\/micro-actionneur-bistable-pour-leconomie-denergie\/","title":{"rendered":"Micro-actionneur bistable pour l&rsquo;\u00e9conomie d&rsquo;\u00e9nergie"},"content":{"rendered":"","protected":false},"excerpt":{"rendered":"<p>L&rsquo;article d\u00e9crit un micro-actionneur magn\u00e9tique lin\u00e9aire \u00e0 bascule, con\u00e7u avec le logiciel FLUX, assembl\u00e9 et caract\u00e9ris\u00e9 pour une application sp\u00e9cifique n\u00e9cessitant de faibles pertes aux \u00e9tats de fonctionnement. La micro taille permet de r\u00e9duire l&rsquo;\u00e9nergie n\u00e9cessaire \u00e0 l&rsquo;actionnement. Les aimants permanents assurent la bistabilit\u00e9 et suppriment les pertes aux \u00e9tats fonctionnels. Bien que l&rsquo;actionneur p\u00e8se moins de 1 g, la force de blocage est d&rsquo;environ 0,1 N et la course est de 0,6 mm. L&rsquo;article d\u00e9crit tout d&rsquo;abord les principales fonctionnalit\u00e9s de l&rsquo;actionneur. Les caract\u00e9ristiques mesur\u00e9es sont ensuite pr\u00e9sent\u00e9es et les r\u00e9sultats sont compar\u00e9s aux calculs du logiciel FLUX. Enfin, les perspectives de miniaturisation sont discut\u00e9es.<\/p>\n","protected":false},"featured_media":14809,"comment_status":"closed","ping_status":"open","template":"","meta":{"_acf_changed":false,"_seopress_robots_primary_cat":"none","_seopress_titles_title":"","_seopress_titles_desc":"","_seopress_robots_index":"yes"},"product_brand":[],"product_cat":[1383,1384,1406,1464,1403],"product_tag":[],"class_list":{"0":"post-18377","1":"product","2":"type-product","3":"status-publish","4":"has-post-thumbnail","6":"product_cat-actionneurs-lineaires","7":"product_cat-actionneurs-lineaires-magnetiques","8":"product_cat-micropositionnement","9":"product_cat-publications-fr","10":"product_cat-systemes-mecatroniques","12":"first","13":"instock","14":"downloadable","15":"virtual","16":"purchasable","17":"product-type-simple"},"acf":[],"_links":{"self":[{"href":"https:\/\/cedrat-technologies.com\/fr\/wp-json\/wp\/v2\/product\/18377","targetHints":{"allow":["GET"]}}],"collection":[{"href":"https:\/\/cedrat-technologies.com\/fr\/wp-json\/wp\/v2\/product"}],"about":[{"href":"https:\/\/cedrat-technologies.com\/fr\/wp-json\/wp\/v2\/types\/product"}],"replies":[{"embeddable":true,"href":"https:\/\/cedrat-technologies.com\/fr\/wp-json\/wp\/v2\/comments?post=18377"}],"version-history":[{"count":0,"href":"https:\/\/cedrat-technologies.com\/fr\/wp-json\/wp\/v2\/product\/18377\/revisions"}],"wp:featuredmedia":[{"embeddable":true,"href":"https:\/\/cedrat-technologies.com\/fr\/wp-json\/wp\/v2\/media\/14809"}],"wp:attachment":[{"href":"https:\/\/cedrat-technologies.com\/fr\/wp-json\/wp\/v2\/media?parent=18377"}],"wp:term":[{"taxonomy":"product_brand","embeddable":true,"href":"https:\/\/cedrat-technologies.com\/fr\/wp-json\/wp\/v2\/product_brand?post=18377"},{"taxonomy":"product_cat","embeddable":true,"href":"https:\/\/cedrat-technologies.com\/fr\/wp-json\/wp\/v2\/product_cat?post=18377"},{"taxonomy":"product_tag","embeddable":true,"href":"https:\/\/cedrat-technologies.com\/fr\/wp-json\/wp\/v2\/product_tag?post=18377"}],"curies":[{"name":"wp","href":"https:\/\/api.w.org\/{rel}","templated":true}]}}