{"id":18376,"date":"2023-06-19T10:29:41","date_gmt":"2023-06-19T08:29:41","guid":{"rendered":"http:\/\/cedrat-technologies.com\/produit\/avantages-de-lamplification-de-lactionnement-piezoelectrique-dans-les-moteurs-pas-a-pas-inertiels\/"},"modified":"2023-07-20T11:21:19","modified_gmt":"2023-07-20T09:21:19","slug":"avantages-de-lamplification-de-lactionnement-piezoelectrique-dans-les-moteurs-pas-a-pas-inertiels","status":"publish","type":"product","link":"https:\/\/cedrat-technologies.com\/fr\/produit\/avantages-de-lamplification-de-lactionnement-piezoelectrique-dans-les-moteurs-pas-a-pas-inertiels\/","title":{"rendered":"Avantages de l&rsquo;amplification de l&rsquo;actionnement pi\u00e9zo\u00e9lectrique dans les moteurs pas \u00e0 pas inertiels"},"content":{"rendered":"","protected":false},"excerpt":{"rendered":"<p>Les actionneurs pi\u00e9zo\u00e9lectriques pas \u00e0 pas (SPA) sont des actionneurs pi\u00e9zo\u00e9lectriques lin\u00e9aires \u00e0 longue course capables d&rsquo;atteindre une longue course (typ. >10mm) avec une r\u00e9solution importante (typ. <1nm). Il a \u00e9t\u00e9 propos\u00e9 d'utiliser un actionneur pi\u00e9zo\u00e9lectrique amplifi\u00e9 dans un moteur pas \u00e0 pas inertiel pour construire le SPA. Ce moteur pi\u00e9zo a montr\u00e9 un bon comportement, avec une vitesse relativement \u00e9lev\u00e9e (jusqu'\u00e0 70 mm\/s), une force (de 0,2 N \u00e0 20 N) et une faible consommation (jusqu'\u00e0 700 mW).\n<\/p>\n","protected":false},"featured_media":14806,"comment_status":"closed","ping_status":"open","template":"","meta":{"_acf_changed":false,"_seopress_robots_primary_cat":"none","_seopress_titles_title":"","_seopress_titles_desc":"","_seopress_robots_index":"yes"},"product_brand":[],"product_cat":[1383,1385,1413,1406,1386,1464,1403],"product_tag":[],"class_list":{"0":"post-18376","1":"product","2":"type-product","3":"status-publish","4":"has-post-thumbnail","6":"product_cat-actionneurs-lineaires","7":"product_cat-actionneurs-piezo-fr","8":"product_cat-controle-actif-de-vibration","9":"product_cat-micropositionnement","10":"product_cat-moteurs-piezo-fr","11":"product_cat-publications-fr","12":"product_cat-systemes-mecatroniques","14":"first","15":"instock","16":"downloadable","17":"virtual","18":"purchasable","19":"product-type-simple"},"acf":[],"_links":{"self":[{"href":"https:\/\/cedrat-technologies.com\/fr\/wp-json\/wp\/v2\/product\/18376","targetHints":{"allow":["GET"]}}],"collection":[{"href":"https:\/\/cedrat-technologies.com\/fr\/wp-json\/wp\/v2\/product"}],"about":[{"href":"https:\/\/cedrat-technologies.com\/fr\/wp-json\/wp\/v2\/types\/product"}],"replies":[{"embeddable":true,"href":"https:\/\/cedrat-technologies.com\/fr\/wp-json\/wp\/v2\/comments?post=18376"}],"version-history":[{"count":0,"href":"https:\/\/cedrat-technologies.com\/fr\/wp-json\/wp\/v2\/product\/18376\/revisions"}],"wp:featuredmedia":[{"embeddable":true,"href":"https:\/\/cedrat-technologies.com\/fr\/wp-json\/wp\/v2\/media\/14806"}],"wp:attachment":[{"href":"https:\/\/cedrat-technologies.com\/fr\/wp-json\/wp\/v2\/media?parent=18376"}],"wp:term":[{"taxonomy":"product_brand","embeddable":true,"href":"https:\/\/cedrat-technologies.com\/fr\/wp-json\/wp\/v2\/product_brand?post=18376"},{"taxonomy":"product_cat","embeddable":true,"href":"https:\/\/cedrat-technologies.com\/fr\/wp-json\/wp\/v2\/product_cat?post=18376"},{"taxonomy":"product_tag","embeddable":true,"href":"https:\/\/cedrat-technologies.com\/fr\/wp-json\/wp\/v2\/product_tag?post=18376"}],"curies":[{"name":"wp","href":"https:\/\/api.w.org\/{rel}","templated":true}]}}