{"id":18375,"date":"2023-06-19T10:29:41","date_gmt":"2023-06-19T08:29:41","guid":{"rendered":"http:\/\/cedrat-technologies.com\/produit\/miroirs-dorientation-de-faisceau-des-applications-spatiales-aux-applications-optroniques\/"},"modified":"2023-07-20T11:21:19","modified_gmt":"2023-07-20T09:21:19","slug":"miroirs-dorientation-de-faisceau-des-applications-spatiales-aux-applications-optroniques","status":"publish","type":"product","link":"https:\/\/cedrat-technologies.com\/fr\/produit\/miroirs-dorientation-de-faisceau-des-applications-spatiales-aux-applications-optroniques\/","title":{"rendered":"Miroirs d&rsquo;orientation de faisceau : des applications spatiales aux applications optroniques"},"content":{"rendered":"","protected":false},"excerpt":{"rendered":"<p>La croissance rapide des lasers et les nouvelles applications optiques entra\u00eenent de plus en plus de besoins en miroirs d&rsquo;orientation de faisceau (BSM) et en Fast Steering Mirror (FSM). Pour les instruments d&rsquo;optique spatiale, CEDRAT TECHNOLOGIES a d\u00e9velopp\u00e9 depuis 20 ans plusieurs m\u00e9canismes pi\u00e9zo\u00e9lectriques de basculement. Parmi les exemples r\u00e9cents pr\u00e9sent\u00e9s, on peut citer l&rsquo;ATLID BSA, un petit m\u00e9canisme tip-tilt pour le pointage quasi statique des nanoparticules, et le MEFISTO, un m\u00e9canisme de basculement \u00e0 grand titre pour le micropositionnement rapide. Ces m\u00e9canismes spatiaux remplissent des fonctions de haute pr\u00e9cision tout en \u00e9tant compacts, l\u00e9gers et r\u00e9sistants aux vibrations et aux chocs externes. Comme le montre l&rsquo;article, ces avantages permettent \u00e0 ces technologies de r\u00e9pondre \u00e0 plusieurs besoins pour des applications optroniques autres que spatiales, telles que la stabilisation active, le microbalayage, la compensation des perturbations dans les imageurs IR ou les t\u00e9lescopes.<\/p>\n","protected":false},"featured_media":14803,"comment_status":"closed","ping_status":"open","template":"","meta":{"_acf_changed":false,"_seopress_robots_primary_cat":"none","_seopress_titles_title":"","_seopress_titles_desc":"","_seopress_robots_index":"yes"},"product_brand":[],"product_cat":[1383,1385,1491,1392,1390,1464,1403],"product_tag":[],"class_list":{"0":"post-18375","1":"product","2":"type-product","3":"status-publish","4":"has-post-thumbnail","6":"product_cat-actionneurs-lineaires","7":"product_cat-actionneurs-piezo-fr","8":"product_cat-domaine-fr","9":"product_cat-fsm-plateformes-tip-tilt","10":"product_cat-mecanismes","11":"product_cat-publications-fr","12":"product_cat-systemes-mecatroniques","14":"first","15":"instock","16":"downloadable","17":"virtual","18":"purchasable","19":"product-type-simple"},"acf":[],"_links":{"self":[{"href":"https:\/\/cedrat-technologies.com\/fr\/wp-json\/wp\/v2\/product\/18375","targetHints":{"allow":["GET"]}}],"collection":[{"href":"https:\/\/cedrat-technologies.com\/fr\/wp-json\/wp\/v2\/product"}],"about":[{"href":"https:\/\/cedrat-technologies.com\/fr\/wp-json\/wp\/v2\/types\/product"}],"replies":[{"embeddable":true,"href":"https:\/\/cedrat-technologies.com\/fr\/wp-json\/wp\/v2\/comments?post=18375"}],"version-history":[{"count":0,"href":"https:\/\/cedrat-technologies.com\/fr\/wp-json\/wp\/v2\/product\/18375\/revisions"}],"wp:featuredmedia":[{"embeddable":true,"href":"https:\/\/cedrat-technologies.com\/fr\/wp-json\/wp\/v2\/media\/14803"}],"wp:attachment":[{"href":"https:\/\/cedrat-technologies.com\/fr\/wp-json\/wp\/v2\/media?parent=18375"}],"wp:term":[{"taxonomy":"product_brand","embeddable":true,"href":"https:\/\/cedrat-technologies.com\/fr\/wp-json\/wp\/v2\/product_brand?post=18375"},{"taxonomy":"product_cat","embeddable":true,"href":"https:\/\/cedrat-technologies.com\/fr\/wp-json\/wp\/v2\/product_cat?post=18375"},{"taxonomy":"product_tag","embeddable":true,"href":"https:\/\/cedrat-technologies.com\/fr\/wp-json\/wp\/v2\/product_tag?post=18375"}],"curies":[{"name":"wp","href":"https:\/\/api.w.org\/{rel}","templated":true}]}}