{"id":18374,"date":"2023-06-19T10:29:41","date_gmt":"2023-06-19T08:29:41","guid":{"rendered":"http:\/\/cedrat-technologies.com\/produit\/mecanisme-dorientation-du-faisceau-pour-linstrument-lidar-de-latmosphere-terrestre-un-mecanisme-tip-tilt-piezo-ameliore\/"},"modified":"2023-07-20T11:21:20","modified_gmt":"2023-07-20T09:21:20","slug":"mecanisme-dorientation-du-faisceau-pour-linstrument-lidar-de-latmosphere-terrestre-un-mecanisme-tip-tilt-piezo-ameliore","status":"publish","type":"product","link":"https:\/\/cedrat-technologies.com\/fr\/produit\/mecanisme-dorientation-du-faisceau-pour-linstrument-lidar-de-latmosphere-terrestre-un-mecanisme-tip-tilt-piezo-ameliore\/","title":{"rendered":"M\u00e9canisme d&rsquo;orientation du faisceau pour l&rsquo;instrument Lidar de l&rsquo;atmosph\u00e8re terrestre : un m\u00e9canisme tip-tilt pi\u00e9zo am\u00e9lior\u00e9"},"content":{"rendered":"","protected":false},"excerpt":{"rendered":"<p>Dans le cadre de l&rsquo;instrument ATLID [1] int\u00e9gr\u00e9 \u00e0 la mission EarthCARE (Earth Cloud, Aerosol and Radiation Explorer), un ensemble de pilotage de faisceau d\u00e9vie un faisceau laser UV puls\u00e9 \u00e0 haute \u00e9nergie pour compenser le d\u00e9salignement du pointage entre les trajectoires d&rsquo;\u00e9mission et de r\u00e9ception de l&rsquo;ATLID avec une tr\u00e8s grande stabilit\u00e9 et une haute r\u00e9solution. Dans le cadre de la mission EarthCARE, dirig\u00e9e par l&rsquo;ESA, Astrium est responsable de l&rsquo;instrument ATLID. Le d\u00e9veloppement, la fabrication et les essais du BSA ont \u00e9t\u00e9 confi\u00e9s par Astrium \u00e0 Sodern, une filiale d&rsquo;EADS.<\/p>\n","protected":false},"featured_media":14800,"comment_status":"closed","ping_status":"open","template":"","meta":{"_acf_changed":false,"_seopress_robots_primary_cat":"none","_seopress_titles_title":"","_seopress_titles_desc":"","_seopress_robots_index":"yes"},"product_brand":[],"product_cat":[1383,1385,1491,1390,1386,1464,1403],"product_tag":[],"class_list":{"0":"post-18374","1":"product","2":"type-product","3":"status-publish","4":"has-post-thumbnail","6":"product_cat-actionneurs-lineaires","7":"product_cat-actionneurs-piezo-fr","8":"product_cat-domaine-fr","9":"product_cat-mecanismes","10":"product_cat-moteurs-piezo-fr","11":"product_cat-publications-fr","12":"product_cat-systemes-mecatroniques","14":"first","15":"instock","16":"downloadable","17":"virtual","18":"purchasable","19":"product-type-simple"},"acf":[],"_links":{"self":[{"href":"https:\/\/cedrat-technologies.com\/fr\/wp-json\/wp\/v2\/product\/18374","targetHints":{"allow":["GET"]}}],"collection":[{"href":"https:\/\/cedrat-technologies.com\/fr\/wp-json\/wp\/v2\/product"}],"about":[{"href":"https:\/\/cedrat-technologies.com\/fr\/wp-json\/wp\/v2\/types\/product"}],"replies":[{"embeddable":true,"href":"https:\/\/cedrat-technologies.com\/fr\/wp-json\/wp\/v2\/comments?post=18374"}],"version-history":[{"count":0,"href":"https:\/\/cedrat-technologies.com\/fr\/wp-json\/wp\/v2\/product\/18374\/revisions"}],"wp:featuredmedia":[{"embeddable":true,"href":"https:\/\/cedrat-technologies.com\/fr\/wp-json\/wp\/v2\/media\/14800"}],"wp:attachment":[{"href":"https:\/\/cedrat-technologies.com\/fr\/wp-json\/wp\/v2\/media?parent=18374"}],"wp:term":[{"taxonomy":"product_brand","embeddable":true,"href":"https:\/\/cedrat-technologies.com\/fr\/wp-json\/wp\/v2\/product_brand?post=18374"},{"taxonomy":"product_cat","embeddable":true,"href":"https:\/\/cedrat-technologies.com\/fr\/wp-json\/wp\/v2\/product_cat?post=18374"},{"taxonomy":"product_tag","embeddable":true,"href":"https:\/\/cedrat-technologies.com\/fr\/wp-json\/wp\/v2\/product_tag?post=18374"}],"curies":[{"name":"wp","href":"https:\/\/api.w.org\/{rel}","templated":true}]}}