{"id":18373,"date":"2020-09-03T00:00:00","date_gmt":"2020-09-02T22:00:00","guid":{"rendered":"http:\/\/cedrat-technologies.com\/produit\/actionneur-du-mecanisme-de-separation-des-faisceaux-pour-iasi-ng\/"},"modified":"2023-07-20T11:22:14","modified_gmt":"2023-07-20T09:22:14","slug":"actionneur-du-mecanisme-de-separation-des-faisceaux-pour-iasi-ng","status":"publish","type":"product","link":"https:\/\/cedrat-technologies.com\/fr\/produit\/actionneur-du-mecanisme-de-separation-des-faisceaux-pour-iasi-ng\/","title":{"rendered":"Actionneur du m\u00e9canisme de s\u00e9paration des faisceaux pour IASI NG"},"content":{"rendered":"","protected":false},"excerpt":{"rendered":"<p>L&rsquo;interf\u00e9rom\u00e8tre atmosph\u00e9rique infrarouge de nouvelle g\u00e9n\u00e9ration (IASI-NG) est un \u00e9l\u00e9ment cl\u00e9 de la charge utile de la deuxi\u00e8me g\u00e9n\u00e9ration de satellites m\u00e9t\u00e9orologiques europ\u00e9ens en orbite polaire (METOP-SG) d\u00e9di\u00e9s \u00e0 la m\u00e9t\u00e9orologie op\u00e9rationnelle, \u00e0 l&rsquo;oc\u00e9anographie, \u00e0 la chimie de l&rsquo;atmosph\u00e8re et \u00e0 la surveillance du climat.<\/p>\n","protected":false},"featured_media":14797,"comment_status":"closed","ping_status":"open","template":"","meta":{"_acf_changed":false,"_seopress_robots_primary_cat":"none","_seopress_titles_title":"","_seopress_titles_desc":"","_seopress_robots_index":"yes"},"product_brand":[],"product_cat":[1383,1491,1390,1386,1464],"product_tag":[],"class_list":{"0":"post-18373","1":"product","2":"type-product","3":"status-publish","4":"has-post-thumbnail","6":"product_cat-actionneurs-lineaires","7":"product_cat-domaine-fr","8":"product_cat-mecanismes","9":"product_cat-moteurs-piezo-fr","10":"product_cat-publications-fr","12":"first","13":"instock","14":"downloadable","15":"virtual","16":"purchasable","17":"product-type-simple"},"acf":[],"_links":{"self":[{"href":"https:\/\/cedrat-technologies.com\/fr\/wp-json\/wp\/v2\/product\/18373","targetHints":{"allow":["GET"]}}],"collection":[{"href":"https:\/\/cedrat-technologies.com\/fr\/wp-json\/wp\/v2\/product"}],"about":[{"href":"https:\/\/cedrat-technologies.com\/fr\/wp-json\/wp\/v2\/types\/product"}],"replies":[{"embeddable":true,"href":"https:\/\/cedrat-technologies.com\/fr\/wp-json\/wp\/v2\/comments?post=18373"}],"version-history":[{"count":0,"href":"https:\/\/cedrat-technologies.com\/fr\/wp-json\/wp\/v2\/product\/18373\/revisions"}],"wp:featuredmedia":[{"embeddable":true,"href":"https:\/\/cedrat-technologies.com\/fr\/wp-json\/wp\/v2\/media\/14797"}],"wp:attachment":[{"href":"https:\/\/cedrat-technologies.com\/fr\/wp-json\/wp\/v2\/media?parent=18373"}],"wp:term":[{"taxonomy":"product_brand","embeddable":true,"href":"https:\/\/cedrat-technologies.com\/fr\/wp-json\/wp\/v2\/product_brand?post=18373"},{"taxonomy":"product_cat","embeddable":true,"href":"https:\/\/cedrat-technologies.com\/fr\/wp-json\/wp\/v2\/product_cat?post=18373"},{"taxonomy":"product_tag","embeddable":true,"href":"https:\/\/cedrat-technologies.com\/fr\/wp-json\/wp\/v2\/product_tag?post=18373"}],"curies":[{"name":"wp","href":"https:\/\/api.w.org\/{rel}","templated":true}]}}