{"id":18372,"date":"2023-06-19T10:29:41","date_gmt":"2023-06-19T08:29:41","guid":{"rendered":"http:\/\/cedrat-technologies.com\/produit\/atlid-bsa-beam-steering-assembly-piezo-tip-tilt\/"},"modified":"2023-07-20T11:21:20","modified_gmt":"2023-07-20T09:21:20","slug":"atlid-bsa-beam-steering-assembly-piezo-tip-tilt","status":"publish","type":"product","link":"https:\/\/cedrat-technologies.com\/fr\/produit\/atlid-bsa-beam-steering-assembly-piezo-tip-tilt\/","title":{"rendered":"ATLID BSA Beam steering assembly piezo tip tilt"},"content":{"rendered":"","protected":false},"excerpt":{"rendered":"<p>ATLID (ATmospheric LIDar) est l&rsquo;un des quatre instruments du satellite EarthCARE. Il d\u00e9termine les profils verticaux des param\u00e8tres physiques des nuages et des a\u00e9rosols tels que l&rsquo;altitude, la profondeur optique, le rapport de r\u00e9trodiffusion et le rapport de d\u00e9polarisation. Le BSA (Beam Steering Assembly), inclus dans le trajet d&rsquo;\u00e9mission, vise \u00e0 d\u00e9vier un faisceau laser UV puls\u00e9 \u00e0 haute \u00e9nergie pour compenser le d\u00e9salignement du pointage entre les trajets d&rsquo;\u00e9mission et de r\u00e9ception de l&rsquo;ATLID [1]. Il n\u00e9cessite une tr\u00e8s grande stabilit\u00e9 et une haute r\u00e9solution.<\/p>\n","protected":false},"featured_media":14794,"comment_status":"closed","ping_status":"open","template":"","meta":{"_acf_changed":false,"_seopress_robots_primary_cat":"none","_seopress_titles_title":"","_seopress_titles_desc":"","_seopress_robots_index":"yes"},"product_brand":[],"product_cat":[1416,1491,1392,1390,1464],"product_tag":[],"class_list":{"0":"post-18372","1":"product","2":"type-product","3":"status-publish","4":"has-post-thumbnail","6":"product_cat-capteurs-fr","7":"product_cat-domaine-fr","8":"product_cat-fsm-plateformes-tip-tilt","9":"product_cat-mecanismes","10":"product_cat-publications-fr","12":"first","13":"instock","14":"downloadable","15":"virtual","16":"purchasable","17":"product-type-simple"},"acf":[],"_links":{"self":[{"href":"https:\/\/cedrat-technologies.com\/fr\/wp-json\/wp\/v2\/product\/18372","targetHints":{"allow":["GET"]}}],"collection":[{"href":"https:\/\/cedrat-technologies.com\/fr\/wp-json\/wp\/v2\/product"}],"about":[{"href":"https:\/\/cedrat-technologies.com\/fr\/wp-json\/wp\/v2\/types\/product"}],"replies":[{"embeddable":true,"href":"https:\/\/cedrat-technologies.com\/fr\/wp-json\/wp\/v2\/comments?post=18372"}],"version-history":[{"count":0,"href":"https:\/\/cedrat-technologies.com\/fr\/wp-json\/wp\/v2\/product\/18372\/revisions"}],"wp:featuredmedia":[{"embeddable":true,"href":"https:\/\/cedrat-technologies.com\/fr\/wp-json\/wp\/v2\/media\/14794"}],"wp:attachment":[{"href":"https:\/\/cedrat-technologies.com\/fr\/wp-json\/wp\/v2\/media?parent=18372"}],"wp:term":[{"taxonomy":"product_brand","embeddable":true,"href":"https:\/\/cedrat-technologies.com\/fr\/wp-json\/wp\/v2\/product_brand?post=18372"},{"taxonomy":"product_cat","embeddable":true,"href":"https:\/\/cedrat-technologies.com\/fr\/wp-json\/wp\/v2\/product_cat?post=18372"},{"taxonomy":"product_tag","embeddable":true,"href":"https:\/\/cedrat-technologies.com\/fr\/wp-json\/wp\/v2\/product_tag?post=18372"}],"curies":[{"name":"wp","href":"https:\/\/api.w.org\/{rel}","templated":true}]}}