{"id":18371,"date":"2023-06-19T10:29:41","date_gmt":"2023-06-19T08:29:41","guid":{"rendered":"http:\/\/cedrat-technologies.com\/produit\/mecanisme-de-guidage-de-faisceau-atlid-et-nouveaux-dispositifs-piezoelectriques-derives-pour-des-applications-optiques\/"},"modified":"2023-07-20T11:21:20","modified_gmt":"2023-07-20T09:21:20","slug":"mecanisme-de-guidage-de-faisceau-atlid-et-nouveaux-dispositifs-piezoelectriques-derives-pour-des-applications-optiques","status":"publish","type":"product","link":"https:\/\/cedrat-technologies.com\/fr\/produit\/mecanisme-de-guidage-de-faisceau-atlid-et-nouveaux-dispositifs-piezoelectriques-derives-pour-des-applications-optiques\/","title":{"rendered":"M\u00e9canisme de guidage de faisceau ATLID et nouveaux dispositifs pi\u00e9zo\u00e9lectriques d\u00e9riv\u00e9s pour des applications optiques"},"content":{"rendered":"","protected":false},"excerpt":{"rendered":"<p>Dans le domaine de l&rsquo;espace et de la d\u00e9fense (ainsi que dans de nombreux autres domaines), la tendance est \u00e0 la miniaturisation de l&rsquo;optique active, ce qui n\u00e9cessite de nouveaux actionneurs. Les applications requi\u00e8rent aussi souvent la capacit\u00e9 de r\u00e9sister \u00e0 des niveaux \u00e9lev\u00e9s de vibrations et de chocs, ainsi que la compatibilit\u00e9 avec le vide pour les applications spatiales. Une nouvelle g\u00e9n\u00e9ration d&rsquo;actionneurs petits et intelligents, tels que les actionneurs pi\u00e9zo\u00e9lectriques (piezo), r\u00e9pond \u00e0 cette tendance, gr\u00e2ce \u00e0 leur capacit\u00e9 \u00e0 offrir une densit\u00e9 d&rsquo;\u00e9nergie \u00e9lev\u00e9e et \u00e0 r\u00e9pondre \u00e0 des exigences \u00e0 la fois extr\u00eames et vari\u00e9es. Cet article pr\u00e9sente tout d&rsquo;abord le m\u00e9canisme BSM et ses exigences, les technologies impliqu\u00e9es dans la conception et les r\u00e9sultats de la campagne de validation. Ensuite, une platine de positionnement pi\u00e9zo\u00e9lectrique XY d\u00e9riv\u00e9e, bas\u00e9e sur la m\u00eame technologie de d\u00e9tection APA\u00ae et de jauge de contrainte associ\u00e9e, est pr\u00e9sent\u00e9e avec ses performances. Enfin, un nouveau moteur pi\u00e9zo\u00e9lectrique bas\u00e9 sur la technologie APA\u00ae, qui permet de combiner une longue course tout en maintenant une haute r\u00e9solution de positionnement des \u00e9l\u00e9ments optiques, est pr\u00e9sent\u00e9.<\/p>\n","protected":false},"featured_media":14791,"comment_status":"closed","ping_status":"open","template":"","meta":{"_acf_changed":false,"_seopress_robots_primary_cat":"none","_seopress_titles_title":"","_seopress_titles_desc":"","_seopress_robots_index":"yes"},"product_brand":[],"product_cat":[1383,1385,1491,1392,1390,1464],"product_tag":[],"class_list":{"0":"post-18371","1":"product","2":"type-product","3":"status-publish","4":"has-post-thumbnail","6":"product_cat-actionneurs-lineaires","7":"product_cat-actionneurs-piezo-fr","8":"product_cat-domaine-fr","9":"product_cat-fsm-plateformes-tip-tilt","10":"product_cat-mecanismes","11":"product_cat-publications-fr","13":"first","14":"instock","15":"downloadable","16":"virtual","17":"purchasable","18":"product-type-simple"},"acf":[],"_links":{"self":[{"href":"https:\/\/cedrat-technologies.com\/fr\/wp-json\/wp\/v2\/product\/18371","targetHints":{"allow":["GET"]}}],"collection":[{"href":"https:\/\/cedrat-technologies.com\/fr\/wp-json\/wp\/v2\/product"}],"about":[{"href":"https:\/\/cedrat-technologies.com\/fr\/wp-json\/wp\/v2\/types\/product"}],"replies":[{"embeddable":true,"href":"https:\/\/cedrat-technologies.com\/fr\/wp-json\/wp\/v2\/comments?post=18371"}],"version-history":[{"count":0,"href":"https:\/\/cedrat-technologies.com\/fr\/wp-json\/wp\/v2\/product\/18371\/revisions"}],"wp:featuredmedia":[{"embeddable":true,"href":"https:\/\/cedrat-technologies.com\/fr\/wp-json\/wp\/v2\/media\/14791"}],"wp:attachment":[{"href":"https:\/\/cedrat-technologies.com\/fr\/wp-json\/wp\/v2\/media?parent=18371"}],"wp:term":[{"taxonomy":"product_brand","embeddable":true,"href":"https:\/\/cedrat-technologies.com\/fr\/wp-json\/wp\/v2\/product_brand?post=18371"},{"taxonomy":"product_cat","embeddable":true,"href":"https:\/\/cedrat-technologies.com\/fr\/wp-json\/wp\/v2\/product_cat?post=18371"},{"taxonomy":"product_tag","embeddable":true,"href":"https:\/\/cedrat-technologies.com\/fr\/wp-json\/wp\/v2\/product_tag?post=18371"}],"curies":[{"name":"wp","href":"https:\/\/api.w.org\/{rel}","templated":true}]}}