{"id":18370,"date":"2002-01-11T00:00:00","date_gmt":"2002-01-10T23:00:00","guid":{"rendered":"http:\/\/cedrat-technologies.com\/produit\/moteur-piezoelectrique-inchworm-base-sur-lapa\/"},"modified":"2023-07-20T11:22:28","modified_gmt":"2023-07-20T09:22:28","slug":"moteur-piezoelectrique-inchworm-base-sur-lapa","status":"publish","type":"product","link":"https:\/\/cedrat-technologies.com\/fr\/produit\/moteur-piezoelectrique-inchworm-base-sur-lapa\/","title":{"rendered":"Moteur pi\u00e9zo\u00e9lectrique inchworm bas\u00e9 sur l&rsquo;APA\u00ae."},"content":{"rendered":"","protected":false},"excerpt":{"rendered":"<p>L&rsquo;objectif de cette recherche \u00e9tait de cr\u00e9er un moteur lin\u00e9aire qui pourrait \u00eatre facilement encapsul\u00e9 tout en accomplissant la m\u00eame t\u00e2che que le dispositif lin\u00e9aire actuel \u00e0 moteur \u00e0 courant continu. Le choix s&rsquo;est port\u00e9 sur un moteur lin\u00e9aire incr\u00e9mental, en raison de la flexibilit\u00e9 de sa conception. Pour remplacer le moteur actuel, il \u00e9tait n\u00e9cessaire de d\u00e9velopper un moteur lin\u00e9aire incr\u00e9mental \u00e0 grande force et \u00e0 grande vitesse. Pour accomplir cette t\u00e2che, des actionneurs pi\u00e9zo\u00e9lectriques ont \u00e9t\u00e9 utilis\u00e9s pour piloter le moteur en raison de leurs temps de r\u00e9ponse rapides et de leurs capacit\u00e9s de force \u00e9lev\u00e9e.<\/p>\n","protected":false},"featured_media":14788,"comment_status":"closed","ping_status":"open","template":"","meta":{"_acf_changed":false,"_seopress_robots_primary_cat":"none","_seopress_titles_title":"","_seopress_titles_desc":"","_seopress_robots_index":"yes"},"product_brand":[],"product_cat":[1383,1385,1491,1386,1464],"product_tag":[],"class_list":{"0":"post-18370","1":"product","2":"type-product","3":"status-publish","4":"has-post-thumbnail","6":"product_cat-actionneurs-lineaires","7":"product_cat-actionneurs-piezo-fr","8":"product_cat-domaine-fr","9":"product_cat-moteurs-piezo-fr","10":"product_cat-publications-fr","12":"first","13":"instock","14":"downloadable","15":"virtual","16":"purchasable","17":"product-type-simple"},"acf":[],"_links":{"self":[{"href":"https:\/\/cedrat-technologies.com\/fr\/wp-json\/wp\/v2\/product\/18370","targetHints":{"allow":["GET"]}}],"collection":[{"href":"https:\/\/cedrat-technologies.com\/fr\/wp-json\/wp\/v2\/product"}],"about":[{"href":"https:\/\/cedrat-technologies.com\/fr\/wp-json\/wp\/v2\/types\/product"}],"replies":[{"embeddable":true,"href":"https:\/\/cedrat-technologies.com\/fr\/wp-json\/wp\/v2\/comments?post=18370"}],"version-history":[{"count":0,"href":"https:\/\/cedrat-technologies.com\/fr\/wp-json\/wp\/v2\/product\/18370\/revisions"}],"wp:featuredmedia":[{"embeddable":true,"href":"https:\/\/cedrat-technologies.com\/fr\/wp-json\/wp\/v2\/media\/14788"}],"wp:attachment":[{"href":"https:\/\/cedrat-technologies.com\/fr\/wp-json\/wp\/v2\/media?parent=18370"}],"wp:term":[{"taxonomy":"product_brand","embeddable":true,"href":"https:\/\/cedrat-technologies.com\/fr\/wp-json\/wp\/v2\/product_brand?post=18370"},{"taxonomy":"product_cat","embeddable":true,"href":"https:\/\/cedrat-technologies.com\/fr\/wp-json\/wp\/v2\/product_cat?post=18370"},{"taxonomy":"product_tag","embeddable":true,"href":"https:\/\/cedrat-technologies.com\/fr\/wp-json\/wp\/v2\/product_tag?post=18370"}],"curies":[{"name":"wp","href":"https:\/\/api.w.org\/{rel}","templated":true}]}}