{"id":18367,"date":"2023-06-19T10:29:41","date_gmt":"2023-06-19T08:29:41","guid":{"rendered":"http:\/\/cedrat-technologies.com\/produit\/actionneurs-piezoelectriques-amplifies-applications-statiques-et-dynamiques\/"},"modified":"2023-07-20T11:21:22","modified_gmt":"2023-07-20T09:21:22","slug":"actionneurs-piezoelectriques-amplifies-applications-statiques-et-dynamiques","status":"publish","type":"product","link":"https:\/\/cedrat-technologies.com\/fr\/produit\/actionneurs-piezoelectriques-amplifies-applications-statiques-et-dynamiques\/","title":{"rendered":"Actionneurs pi\u00e9zo\u00e9lectriques amplifi\u00e9s : applications statiques et dynamiques"},"content":{"rendered":"","protected":false},"excerpt":{"rendered":"<p>Les actionneurs pi\u00e9zo\u00e9lectriques peuvent \u00eatre class\u00e9s en trois cat\u00e9gories principales : les actionneurs de type pile, les actionneurs \u00e0 effet de levier externe\/interne et les actionneurs \u00e0 effet de levier de fr\u00e9quence (tels que les moteurs pas \u00e0 pas et les moteurs \u00e0 ultrasons) [1]. Bien que Cedrat Technologies ait d\u00e9velopp\u00e9 plusieurs solutions utilisant des c\u00e9ramiques pi\u00e9zo\u00e9lectriques multicouches et des structures \u00e0 base de coquilles [2, 3], les actionneurs pi\u00e9zo\u00e9lectriques amplifi\u00e9s suscitent aujourd&rsquo;hui le plus grand int\u00e9r\u00eat sur le march\u00e9.<\/p>\n","protected":false},"featured_media":14779,"comment_status":"closed","ping_status":"open","template":"","meta":{"_acf_changed":false,"_seopress_robots_primary_cat":"none","_seopress_titles_title":"","_seopress_titles_desc":"","_seopress_robots_index":"yes"},"product_brand":[],"product_cat":[1383,1385,1491,1464],"product_tag":[],"class_list":{"0":"post-18367","1":"product","2":"type-product","3":"status-publish","4":"has-post-thumbnail","6":"product_cat-actionneurs-lineaires","7":"product_cat-actionneurs-piezo-fr","8":"product_cat-domaine-fr","9":"product_cat-publications-fr","11":"first","12":"instock","13":"downloadable","14":"virtual","15":"purchasable","16":"product-type-simple"},"acf":[],"_links":{"self":[{"href":"https:\/\/cedrat-technologies.com\/fr\/wp-json\/wp\/v2\/product\/18367","targetHints":{"allow":["GET"]}}],"collection":[{"href":"https:\/\/cedrat-technologies.com\/fr\/wp-json\/wp\/v2\/product"}],"about":[{"href":"https:\/\/cedrat-technologies.com\/fr\/wp-json\/wp\/v2\/types\/product"}],"replies":[{"embeddable":true,"href":"https:\/\/cedrat-technologies.com\/fr\/wp-json\/wp\/v2\/comments?post=18367"}],"version-history":[{"count":0,"href":"https:\/\/cedrat-technologies.com\/fr\/wp-json\/wp\/v2\/product\/18367\/revisions"}],"wp:featuredmedia":[{"embeddable":true,"href":"https:\/\/cedrat-technologies.com\/fr\/wp-json\/wp\/v2\/media\/14779"}],"wp:attachment":[{"href":"https:\/\/cedrat-technologies.com\/fr\/wp-json\/wp\/v2\/media?parent=18367"}],"wp:term":[{"taxonomy":"product_brand","embeddable":true,"href":"https:\/\/cedrat-technologies.com\/fr\/wp-json\/wp\/v2\/product_brand?post=18367"},{"taxonomy":"product_cat","embeddable":true,"href":"https:\/\/cedrat-technologies.com\/fr\/wp-json\/wp\/v2\/product_cat?post=18367"},{"taxonomy":"product_tag","embeddable":true,"href":"https:\/\/cedrat-technologies.com\/fr\/wp-json\/wp\/v2\/product_tag?post=18367"}],"curies":[{"name":"wp","href":"https:\/\/api.w.org\/{rel}","templated":true}]}}