{"id":18365,"date":"2016-01-08T00:00:00","date_gmt":"2016-01-07T23:00:00","guid":{"rendered":"http:\/\/cedrat-technologies.com\/produit\/actionneur-piezoelectrique-amplifie-apa-avec-materiau-viscoelastique-pour-le-systeme-damortissement-semi-actif-de-machines-outils\/"},"modified":"2023-07-20T11:22:21","modified_gmt":"2023-07-20T09:22:21","slug":"actionneur-piezoelectrique-amplifie-apa-avec-materiau-viscoelastique-pour-le-systeme-damortissement-semi-actif-de-machines-outils","status":"publish","type":"product","link":"https:\/\/cedrat-technologies.com\/fr\/produit\/actionneur-piezoelectrique-amplifie-apa-avec-materiau-viscoelastique-pour-le-systeme-damortissement-semi-actif-de-machines-outils\/","title":{"rendered":"Actionneur pi\u00e9zo\u00e9lectrique amplifi\u00e9 APA\u00ae avec mat\u00e9riau visco\u00e9lastique pour le syst\u00e8me d&rsquo;amortissement semi-actif de machines-outils"},"content":{"rendered":"","protected":false},"excerpt":{"rendered":"<p>Les machines-outils modernes doivent atteindre une haute pr\u00e9cision pour une meilleure texture de surface et une plus grande flexibilit\u00e9 pour une large gamme d&rsquo;exigences d&rsquo;usinage. Pour r\u00e9pondre \u00e0 ces exigences, un syst\u00e8me d&rsquo;amortissement semi-actif pour une nouvelle g\u00e9n\u00e9ration de machines-outils est propos\u00e9. Le nouveau concept est partiellement bas\u00e9 sur les actionneurs pi\u00e9zo\u00e9lectriques amplifi\u00e9s APA\u00ae de CEDRAT Technologies. Gr\u00e2ce \u00e0 ces actionneurs, le comportement dynamique (rigidit\u00e9 et amortissement) des composants structurels des machines-outils peut \u00eatre contr\u00f4l\u00e9 et ajust\u00e9 aux param\u00e8tres optimaux. Pour r\u00e9duire le transfert des vibrations \u00e0 travers les \u00e9l\u00e9ments actifs, un mat\u00e9riau visco\u00e9lastique a \u00e9t\u00e9 utilis\u00e9. Cet article pr\u00e9sente les r\u00e9sultats des tests effectu\u00e9s sur l&rsquo;APA\u00ae avec un mat\u00e9riau visco\u00e9lastique. Une r\u00e9duction significative de l&rsquo;amplitude vibratoire \u00e0 la fr\u00e9quence de r\u00e9sonance a \u00e9t\u00e9 observ\u00e9e avec le mat\u00e9riau suppl\u00e9mentaire. La quantit\u00e9 optimis\u00e9e de mat\u00e9riau visco\u00e9lastique ne r\u00e9duit la course totale de l&rsquo;actionneur que de 10 %. Dans le m\u00eame temps, le mat\u00e9riau visco\u00e9lastique a r\u00e9duit l&rsquo;amplitude \u00e0 la fr\u00e9quence de r\u00e9sonance de plus du double. L&rsquo;actionneur con\u00e7u permet d&rsquo;obtenir une force de blocage de 8,5kN. Les r\u00e9sultats des tests effectu\u00e9s sur la machine-outil ont montr\u00e9 une am\u00e9lioration significative de la texture de la surface gr\u00e2ce \u00e0 l&rsquo;utilisation de l&rsquo;actionneur pi\u00e9zo\u00e9lectrique amplifi\u00e9.<\/p>\n","protected":false},"featured_media":14773,"comment_status":"closed","ping_status":"open","template":"","meta":{"_acf_changed":false,"_seopress_robots_primary_cat":"none","_seopress_titles_title":"","_seopress_titles_desc":"","_seopress_robots_index":"yes"},"product_brand":[],"product_cat":[1383,1385,1413,1491,1497,1464],"product_tag":[],"class_list":{"0":"post-18365","1":"product","2":"type-product","3":"status-publish","4":"has-post-thumbnail","6":"product_cat-actionneurs-lineaires","7":"product_cat-actionneurs-piezo-fr","8":"product_cat-controle-actif-de-vibration","9":"product_cat-domaine-fr","10":"product_cat-productique-machine-outil-fr","11":"product_cat-publications-fr","13":"first","14":"instock","15":"downloadable","16":"virtual","17":"purchasable","18":"product-type-simple"},"acf":[],"_links":{"self":[{"href":"https:\/\/cedrat-technologies.com\/fr\/wp-json\/wp\/v2\/product\/18365","targetHints":{"allow":["GET"]}}],"collection":[{"href":"https:\/\/cedrat-technologies.com\/fr\/wp-json\/wp\/v2\/product"}],"about":[{"href":"https:\/\/cedrat-technologies.com\/fr\/wp-json\/wp\/v2\/types\/product"}],"replies":[{"embeddable":true,"href":"https:\/\/cedrat-technologies.com\/fr\/wp-json\/wp\/v2\/comments?post=18365"}],"version-history":[{"count":0,"href":"https:\/\/cedrat-technologies.com\/fr\/wp-json\/wp\/v2\/product\/18365\/revisions"}],"wp:featuredmedia":[{"embeddable":true,"href":"https:\/\/cedrat-technologies.com\/fr\/wp-json\/wp\/v2\/media\/14773"}],"wp:attachment":[{"href":"https:\/\/cedrat-technologies.com\/fr\/wp-json\/wp\/v2\/media?parent=18365"}],"wp:term":[{"taxonomy":"product_brand","embeddable":true,"href":"https:\/\/cedrat-technologies.com\/fr\/wp-json\/wp\/v2\/product_brand?post=18365"},{"taxonomy":"product_cat","embeddable":true,"href":"https:\/\/cedrat-technologies.com\/fr\/wp-json\/wp\/v2\/product_cat?post=18365"},{"taxonomy":"product_tag","embeddable":true,"href":"https:\/\/cedrat-technologies.com\/fr\/wp-json\/wp\/v2\/product_tag?post=18365"}],"curies":[{"name":"wp","href":"https:\/\/api.w.org\/{rel}","templated":true}]}}