{"id":18364,"date":"2023-06-19T10:29:41","date_gmt":"2023-06-19T08:29:41","guid":{"rendered":"http:\/\/cedrat-technologies.com\/produit\/amelioration-des-performances-des-actionneurs-apa\/"},"modified":"2023-07-20T11:21:22","modified_gmt":"2023-07-20T09:21:22","slug":"amelioration-des-performances-des-actionneurs-apa","status":"publish","type":"product","link":"https:\/\/cedrat-technologies.com\/fr\/produit\/amelioration-des-performances-des-actionneurs-apa\/","title":{"rendered":"Am\u00e9lioration des performances des actionneurs APA\u00ae"},"content":{"rendered":"","protected":false},"excerpt":{"rendered":"<p>Augmenter la densit\u00e9 \u00e9nerg\u00e9tique de la masse dynamique et r\u00e9duire les effets de l&rsquo;inertie en jouant sur les mat\u00e9riaux et la g\u00e9om\u00e9trie.<\/p>\n","protected":false},"featured_media":14770,"comment_status":"closed","ping_status":"open","template":"","meta":{"_acf_changed":false,"_seopress_robots_primary_cat":"none","_seopress_titles_title":"","_seopress_titles_desc":"","_seopress_robots_index":"yes"},"product_brand":[],"product_cat":[1383,1385,1491,1464],"product_tag":[],"class_list":{"0":"post-18364","1":"product","2":"type-product","3":"status-publish","4":"has-post-thumbnail","6":"product_cat-actionneurs-lineaires","7":"product_cat-actionneurs-piezo-fr","8":"product_cat-domaine-fr","9":"product_cat-publications-fr","11":"first","12":"instock","13":"downloadable","14":"virtual","15":"purchasable","16":"product-type-simple"},"acf":[],"_links":{"self":[{"href":"https:\/\/cedrat-technologies.com\/fr\/wp-json\/wp\/v2\/product\/18364","targetHints":{"allow":["GET"]}}],"collection":[{"href":"https:\/\/cedrat-technologies.com\/fr\/wp-json\/wp\/v2\/product"}],"about":[{"href":"https:\/\/cedrat-technologies.com\/fr\/wp-json\/wp\/v2\/types\/product"}],"replies":[{"embeddable":true,"href":"https:\/\/cedrat-technologies.com\/fr\/wp-json\/wp\/v2\/comments?post=18364"}],"version-history":[{"count":0,"href":"https:\/\/cedrat-technologies.com\/fr\/wp-json\/wp\/v2\/product\/18364\/revisions"}],"wp:featuredmedia":[{"embeddable":true,"href":"https:\/\/cedrat-technologies.com\/fr\/wp-json\/wp\/v2\/media\/14770"}],"wp:attachment":[{"href":"https:\/\/cedrat-technologies.com\/fr\/wp-json\/wp\/v2\/media?parent=18364"}],"wp:term":[{"taxonomy":"product_brand","embeddable":true,"href":"https:\/\/cedrat-technologies.com\/fr\/wp-json\/wp\/v2\/product_brand?post=18364"},{"taxonomy":"product_cat","embeddable":true,"href":"https:\/\/cedrat-technologies.com\/fr\/wp-json\/wp\/v2\/product_cat?post=18364"},{"taxonomy":"product_tag","embeddable":true,"href":"https:\/\/cedrat-technologies.com\/fr\/wp-json\/wp\/v2\/product_tag?post=18364"}],"curies":[{"name":"wp","href":"https:\/\/api.w.org\/{rel}","templated":true}]}}