{"id":18363,"date":"2023-06-19T10:29:41","date_gmt":"2023-06-19T08:29:41","guid":{"rendered":"http:\/\/cedrat-technologies.com\/produit\/aero-india-2003-actionneurs-piezoelectriques-air-espace\/"},"modified":"2023-07-20T11:21:22","modified_gmt":"2023-07-20T09:21:22","slug":"aero-india-2003-actionneurs-piezoelectriques-air-espace","status":"publish","type":"product","link":"https:\/\/cedrat-technologies.com\/fr\/produit\/aero-india-2003-actionneurs-piezoelectriques-air-espace\/","title":{"rendered":"Aero India 2003 Actionneurs pi\u00e9zo\u00e9lectriques air &#038; espace"},"content":{"rendered":"","protected":false},"excerpt":{"rendered":"<p>Plusieurs classes d&rsquo;actionneurs pi\u00e9zo\u00e9lectriques bas\u00e9s sur des c\u00e9ramiques pi\u00e9zo\u00e9lectriques \u00e0 basse tension ont \u00e9t\u00e9 d\u00e9velopp\u00e9es par CEDRAT TECHNOLOGIES afin de couvrir les besoins de positionnement pr\u00e9cis et\/ou rapide \u00e0 longue course dans les domaines de l&rsquo;a\u00e9ronautique et de l&rsquo;espace. Une classe sp\u00e9cifique d&rsquo;actionneurs pi\u00e9zo\u00e9lectriques amplifi\u00e9s, appel\u00e9s APA, a \u00e9t\u00e9 brevet\u00e9e, d\u00e9velopp\u00e9e et qualifi\u00e9e. Leurs applications concernent des sujets aussi vari\u00e9s que les instruments scientifiques pour les charges utiles spatiales (t\u00e9lescopes, microscopes), les valves de propulsion des microsatellites ou les volets actifs des pales d&rsquo;h\u00e9licopt\u00e8res.<\/p>\n","protected":false},"featured_media":14720,"comment_status":"closed","ping_status":"open","template":"","meta":{"_acf_changed":false,"_seopress_robots_primary_cat":"none","_seopress_titles_title":"","_seopress_titles_desc":"","_seopress_robots_index":"yes"},"product_brand":[],"product_cat":[1383,1385,1491,1406,1464,1403],"product_tag":[],"class_list":{"0":"post-18363","1":"product","2":"type-product","3":"status-publish","4":"has-post-thumbnail","6":"product_cat-actionneurs-lineaires","7":"product_cat-actionneurs-piezo-fr","8":"product_cat-domaine-fr","9":"product_cat-micropositionnement","10":"product_cat-publications-fr","11":"product_cat-systemes-mecatroniques","13":"first","14":"instock","15":"downloadable","16":"virtual","17":"purchasable","18":"product-type-simple"},"acf":[],"_links":{"self":[{"href":"https:\/\/cedrat-technologies.com\/fr\/wp-json\/wp\/v2\/product\/18363","targetHints":{"allow":["GET"]}}],"collection":[{"href":"https:\/\/cedrat-technologies.com\/fr\/wp-json\/wp\/v2\/product"}],"about":[{"href":"https:\/\/cedrat-technologies.com\/fr\/wp-json\/wp\/v2\/types\/product"}],"replies":[{"embeddable":true,"href":"https:\/\/cedrat-technologies.com\/fr\/wp-json\/wp\/v2\/comments?post=18363"}],"version-history":[{"count":0,"href":"https:\/\/cedrat-technologies.com\/fr\/wp-json\/wp\/v2\/product\/18363\/revisions"}],"wp:featuredmedia":[{"embeddable":true,"href":"https:\/\/cedrat-technologies.com\/fr\/wp-json\/wp\/v2\/media\/14720"}],"wp:attachment":[{"href":"https:\/\/cedrat-technologies.com\/fr\/wp-json\/wp\/v2\/media?parent=18363"}],"wp:term":[{"taxonomy":"product_brand","embeddable":true,"href":"https:\/\/cedrat-technologies.com\/fr\/wp-json\/wp\/v2\/product_brand?post=18363"},{"taxonomy":"product_cat","embeddable":true,"href":"https:\/\/cedrat-technologies.com\/fr\/wp-json\/wp\/v2\/product_cat?post=18363"},{"taxonomy":"product_tag","embeddable":true,"href":"https:\/\/cedrat-technologies.com\/fr\/wp-json\/wp\/v2\/product_tag?post=18363"}],"curies":[{"name":"wp","href":"https:\/\/api.w.org\/{rel}","templated":true}]}}