{"id":18362,"date":"2023-06-19T10:29:41","date_gmt":"2023-06-19T08:29:41","guid":{"rendered":"http:\/\/cedrat-technologies.com\/produit\/avantages-des-actionneurs-piezoelectriques-de-grande-taille-et-des-pilotes-de-haute-puissance-pour-les-essais-de-fatigue-et-de-fretting\/"},"modified":"2023-07-20T11:21:21","modified_gmt":"2023-07-20T09:21:21","slug":"avantages-des-actionneurs-piezoelectriques-de-grande-taille-et-des-pilotes-de-haute-puissance-pour-les-essais-de-fatigue-et-de-fretting","status":"publish","type":"product","link":"https:\/\/cedrat-technologies.com\/fr\/produit\/avantages-des-actionneurs-piezoelectriques-de-grande-taille-et-des-pilotes-de-haute-puissance-pour-les-essais-de-fatigue-et-de-fretting\/","title":{"rendered":"Avantages des actionneurs pi\u00e9zo\u00e9lectriques de grande taille et des pilotes de haute puissance pour les essais de fatigue et de fretting"},"content":{"rendered":"","protected":false},"excerpt":{"rendered":"<p>L&rsquo;expansion constante de nouveaux mat\u00e9riaux n\u00e9cessite des machines de fretting ou de fatigue afin de tester leur d\u00e9faillance. Dans de nombreux cas, les tests doivent \u00eatre effectu\u00e9s dans des conditions s\u00e9v\u00e8res et \u00e0 haute fr\u00e9quence. Ces exigences d\u00e9coulent de l&rsquo;utilisation des mat\u00e9riaux dans des applications tr\u00e8s exigeantes. En m\u00eame temps, on esp\u00e8re r\u00e9duire le temps n\u00e9cessaire pour caract\u00e9riser ces mat\u00e9riaux. Les actionneurs pi\u00e9zo\u00e9lectriques sont de plus en plus courants dans les machines d&rsquo;essai, mais ils sont encore limit\u00e9s en termes de d\u00e9placement maximal, de fr\u00e9quence de cycle ou de puissance. Cedrat Technologies a \u00e9tudi\u00e9 des solutions pour faire face \u00e0 ces probl\u00e8mes. Cet article pr\u00e9sente des actionneurs \u00e0 grande course et \u00e0 haute fr\u00e9quence, associ\u00e9s \u00e0 une commande de pilotage puissante. Ces actionneurs sont bas\u00e9s sur des mat\u00e9riaux pi\u00e9zo\u00e9lectriques et peuvent \u00eatre facilement int\u00e9gr\u00e9s dans les machines de fatigue. Afin d&rsquo;am\u00e9liorer la pr\u00e9cision de ces essais, deux des capteurs de d\u00e9placement les plus courants utilis\u00e9s dans les actionneurs intelligents sont \u00e9galement pr\u00e9sent\u00e9s dans cet article.<\/p>\n","protected":false},"featured_media":14766,"comment_status":"closed","ping_status":"open","template":"","meta":{"_acf_changed":false,"_seopress_robots_primary_cat":"none","_seopress_titles_title":"","_seopress_titles_desc":"","_seopress_robots_index":"yes"},"product_brand":[],"product_cat":[1383,1385,1411,1412,1464],"product_tag":[],"class_list":{"0":"post-18362","1":"product","2":"type-product","3":"status-publish","4":"has-post-thumbnail","6":"product_cat-actionneurs-lineaires","7":"product_cat-actionneurs-piezo-fr","8":"product_cat-materiaux-essais","9":"product_cat-piezo-fr","10":"product_cat-publications-fr","12":"first","13":"instock","14":"downloadable","15":"virtual","16":"purchasable","17":"product-type-simple"},"acf":[],"_links":{"self":[{"href":"https:\/\/cedrat-technologies.com\/fr\/wp-json\/wp\/v2\/product\/18362","targetHints":{"allow":["GET"]}}],"collection":[{"href":"https:\/\/cedrat-technologies.com\/fr\/wp-json\/wp\/v2\/product"}],"about":[{"href":"https:\/\/cedrat-technologies.com\/fr\/wp-json\/wp\/v2\/types\/product"}],"replies":[{"embeddable":true,"href":"https:\/\/cedrat-technologies.com\/fr\/wp-json\/wp\/v2\/comments?post=18362"}],"version-history":[{"count":0,"href":"https:\/\/cedrat-technologies.com\/fr\/wp-json\/wp\/v2\/product\/18362\/revisions"}],"wp:featuredmedia":[{"embeddable":true,"href":"https:\/\/cedrat-technologies.com\/fr\/wp-json\/wp\/v2\/media\/14766"}],"wp:attachment":[{"href":"https:\/\/cedrat-technologies.com\/fr\/wp-json\/wp\/v2\/media?parent=18362"}],"wp:term":[{"taxonomy":"product_brand","embeddable":true,"href":"https:\/\/cedrat-technologies.com\/fr\/wp-json\/wp\/v2\/product_brand?post=18362"},{"taxonomy":"product_cat","embeddable":true,"href":"https:\/\/cedrat-technologies.com\/fr\/wp-json\/wp\/v2\/product_cat?post=18362"},{"taxonomy":"product_tag","embeddable":true,"href":"https:\/\/cedrat-technologies.com\/fr\/wp-json\/wp\/v2\/product_tag?post=18362"}],"curies":[{"name":"wp","href":"https:\/\/api.w.org\/{rel}","templated":true}]}}