{"id":18361,"date":"2008-01-06T00:00:00","date_gmt":"2008-01-05T23:00:00","guid":{"rendered":"http:\/\/cedrat-technologies.com\/produit\/des-trains-datterrissage-perfectionnes-pour-une-meilleure-absorption-des-chocs\/"},"modified":"2023-07-20T11:22:25","modified_gmt":"2023-07-20T09:22:25","slug":"des-trains-datterrissage-perfectionnes-pour-une-meilleure-absorption-des-chocs","status":"publish","type":"product","link":"https:\/\/cedrat-technologies.com\/fr\/produit\/des-trains-datterrissage-perfectionnes-pour-une-meilleure-absorption-des-chocs\/","title":{"rendered":"Des trains d&rsquo;atterrissage perfectionn\u00e9s pour une meilleure absorption des chocs"},"content":{"rendered":"","protected":false},"excerpt":{"rendered":"<p>Le projet pr\u00e9sent\u00e9, ADLAND (AST3-CT-2004-502793), portait sur l&rsquo;\u00e9valuation des options pour les amortisseurs adaptatifs \u00e0 appliquer dans les trains d&rsquo;atterrissage des avions. Des proc\u00e9dures de conception analytiques ont \u00e9t\u00e9 d\u00e9velopp\u00e9es pour simuler diff\u00e9rentes options de conception potentielles et une solution de meilleure pratique a \u00e9t\u00e9 d\u00e9termin\u00e9e. Les diff\u00e9rents composants mat\u00e9riels des amortisseurs adaptatifs ont ensuite \u00e9t\u00e9 d\u00e9velopp\u00e9s et test\u00e9s sur un mod\u00e8le de train d&rsquo;atterrissage adaptatif. Les objectifs du projet \u00e9taient les suivants : d\u00e9velopper un concept d&rsquo;amortisseurs adaptatifs, d\u00e9velopper de nouveaux outils num\u00e9riques pour la conception d&rsquo;amortisseurs adaptatifs et pour la simulation de la r\u00e9ponse structurelle adaptative \u00e0 un sc\u00e9nario d&rsquo;impact, d\u00e9velopper une technologie pour des amortisseurs \u00e0 contr\u00f4le actif applicables aux trains d&rsquo;atterrissage, concevoir, produire et r\u00e9aliser des essais d&rsquo;impact r\u00e9p\u00e9titifs du mod\u00e8le de train d&rsquo;atterrissage adaptatif avec un effet de dissipation de l&rsquo;\u00e9nergie d&rsquo;impact \u00e9lev\u00e9, concevoir, produire et r\u00e9aliser des essais d&rsquo;impact r\u00e9p\u00e9titifs du mod\u00e8le de train d&rsquo;atterrissage adaptatif avec un effet de dissipation de l&rsquo;\u00e9nergie d&rsquo;impact \u00e9lev\u00e9.<br \/>\nconcevoir, produire et tester en vol le mod\u00e8le de train d&rsquo;atterrissage adaptatif choisi en grandeur r\u00e9elle.<\/p>\n","protected":false},"featured_media":14763,"comment_status":"closed","ping_status":"open","template":"","meta":{"_acf_changed":false,"_seopress_robots_primary_cat":"none","_seopress_titles_title":"","_seopress_titles_desc":"","_seopress_robots_index":"yes"},"product_brand":[],"product_cat":[1383,1388,1494,1413,1491,1406,1404,1464,1403],"product_tag":[],"class_list":{"0":"post-18361","1":"product","2":"type-product","3":"status-publish","4":"has-post-thumbnail","6":"product_cat-actionneurs-lineaires","7":"product_cat-actionneurs-mrf","8":"product_cat-biomedical-assistance-personnelle-fr-2","9":"product_cat-controle-actif-de-vibration","10":"product_cat-domaine-fr","11":"product_cat-micropositionnement","12":"product_cat-pilotage-controle","13":"product_cat-publications-fr","14":"product_cat-systemes-mecatroniques","16":"first","17":"instock","18":"downloadable","19":"virtual","20":"purchasable","21":"product-type-simple"},"acf":[],"_links":{"self":[{"href":"https:\/\/cedrat-technologies.com\/fr\/wp-json\/wp\/v2\/product\/18361","targetHints":{"allow":["GET"]}}],"collection":[{"href":"https:\/\/cedrat-technologies.com\/fr\/wp-json\/wp\/v2\/product"}],"about":[{"href":"https:\/\/cedrat-technologies.com\/fr\/wp-json\/wp\/v2\/types\/product"}],"replies":[{"embeddable":true,"href":"https:\/\/cedrat-technologies.com\/fr\/wp-json\/wp\/v2\/comments?post=18361"}],"version-history":[{"count":0,"href":"https:\/\/cedrat-technologies.com\/fr\/wp-json\/wp\/v2\/product\/18361\/revisions"}],"wp:featuredmedia":[{"embeddable":true,"href":"https:\/\/cedrat-technologies.com\/fr\/wp-json\/wp\/v2\/media\/14763"}],"wp:attachment":[{"href":"https:\/\/cedrat-technologies.com\/fr\/wp-json\/wp\/v2\/media?parent=18361"}],"wp:term":[{"taxonomy":"product_brand","embeddable":true,"href":"https:\/\/cedrat-technologies.com\/fr\/wp-json\/wp\/v2\/product_brand?post=18361"},{"taxonomy":"product_cat","embeddable":true,"href":"https:\/\/cedrat-technologies.com\/fr\/wp-json\/wp\/v2\/product_cat?post=18361"},{"taxonomy":"product_tag","embeddable":true,"href":"https:\/\/cedrat-technologies.com\/fr\/wp-json\/wp\/v2\/product_tag?post=18361"}],"curies":[{"name":"wp","href":"https:\/\/api.w.org\/{rel}","templated":true}]}}